{"id":4579,"date":"2016-07-22T23:11:55","date_gmt":"2016-07-22T16:11:55","guid":{"rendered":"https:\/\/www.diving-thailand-phuket.com\/it\/isole-surin\/"},"modified":"2020-07-13T12:19:49","modified_gmt":"2020-07-13T05:19:49","slug":"isole-surin","status":"publish","type":"page","link":"https:\/\/www.diving-thailand-phuket.com\/it\/isole-surin\/","title":{"rendered":"Isole Surin"},"content":{"rendered":"<div id=\"attachment_2370\" style=\"width: 310px\" class=\"wp-caption alignright\"><a href=\"https:\/\/i0.wp.com\/www.diving-thailand-phuket.com\/wp-content\/uploads\/2014\/06\/Surin_Islands-300x225.jpg?ssl=1\"><img data-recalc-dims=\"1\" loading=\"lazy\" decoding=\"async\" aria-describedby=\"caption-attachment-2370\" class=\"size-medium wp-image-2370\" src=\"https:\/\/i0.wp.com\/www.diving-thailand-phuket.com\/wp-content\/uploads\/2014\/06\/Surin_Islands.jpg?resize=300%2C225&#038;ssl=1\" alt=\"Surin Islands National Park\" width=\"300\" height=\"225\" srcset=\"https:\/\/i0.wp.com\/www.diving-thailand-phuket.com\/wp-content\/uploads\/2014\/06\/Surin_Islands.jpg?resize=300%2C225&amp;ssl=1 300w, https:\/\/i0.wp.com\/www.diving-thailand-phuket.com\/wp-content\/uploads\/2014\/06\/Surin_Islands.jpg?resize=73%2C55&amp;ssl=1 73w, https:\/\/i0.wp.com\/www.diving-thailand-phuket.com\/wp-content\/uploads\/2014\/06\/Surin_Islands.jpg?resize=100%2C75&amp;ssl=1 100w, https:\/\/i0.wp.com\/www.diving-thailand-phuket.com\/wp-content\/uploads\/2014\/06\/Surin_Islands.jpg?resize=200%2C150&amp;ssl=1 200w, https:\/\/i0.wp.com\/www.diving-thailand-phuket.com\/wp-content\/uploads\/2014\/06\/Surin_Islands.jpg?w=640&amp;ssl=1 640w\" sizes=\"(max-width: 300px) 100vw, 300px\" \/><\/a><p id=\"caption-attachment-2370\" class=\"wp-caption-text\">Isole Surin<\/p><\/div>\n<p>Il Parco Nazionale delle Isole Surin, \u00e8 situato nel Mare delle Andamane, a circa 60 km ad Ovest della costa della Provincia del Phang-Nga, nel Sud della Thailandia. Il Parco copre un&#8217;area di circa 141,25 km2, con circa 108 km2 di acque circostanti.<\/p>\n<p>Per molti anni le Isole Surin sono rimaste disabitate, frequentate da piccole comunit\u00e0 di &#8220;zingari del mare&#8221;, o fornendo un rifugio alle barche di pescatori locali durante il cattivo tempo. Questo gruppo d&#8217;isole fu dichiarato ventinovesimo Parco Nazionale Tailandese, il 9 Luglio 1981.<\/p>\n<p>Il Parco ha 5 isole principali; Koh Surin Nua, Koh Surin Tai, Koh Ree (o Koh Satok), Koh Glang (o Koh Pachumba) e Koh Khai (o Koh Torinla). Koh Surin Nua &amp; Koh Surin Tai sono le isole maggiori e si sviluppano sull&#8217;asse Nord-Sud. A pochi chilometri a Nord del Parco si trova il confine con le acque territoriali del Myanmar (Birmania) e, circa 100 chilometri a Sud, il Parco Nazionale delle <a href=\"https:\/\/www.diving-thailand-phuket.com\/it\/isole-similan\/\" target=\"_blank\" rel=\"noopener noreferrer\">Isole Similan<\/a>.<\/p>\n<p>&nbsp;<\/p>\n<p>Maggiori informazioni sul Parco Nazionale delle Isole Surin sul sito del\u00a0<a title=\"Surin Islands - Royal Forest Department Website\" href=\"https:\/\/www.thainationalparks.com\/mu-ko-similan-national-park\" target=\"_blank\" rel=\"noopener noreferrer\">Royal Forest Department Website<\/a>.<\/p>\n<h2>Isole Surin &#8211; Immersioni in Crociera sul <a href=\"https:\/\/www.diving-thailand-phuket.com\/it\/crociere-sub-thailandia\/mv-giamani\/\" target=\"_blank\" rel=\"noopener noreferrer\">MV Giamani<\/a><\/h2>\n<h3>Torinla Ridge<\/h3>\n<p>Questa immersione \u00e8 su di una barriera rocciosa sommersa, che si sviluppa da Est ad Ovest, ed ha origine sul lato Est di Koh Torinla, l&#8217;isola pi\u00f9 a Sud delle Surin.<\/p>\n<p>La formazione inizia vicino all&#8217;isola, con 12 mt di fondo, arrivando poi fino ai 25 mt alla sua estremit\u00e0 Est e mantenendosi con la sommit\u00e0 a circa 7 mt dalla superficie. Qui non si trova molto corallo, ma in compenso \u00e8 un brulicare di vita marina con Murene, pesci Napoleone, pesci Bufalo e spesso squali Pinna Bianca di barriera e Razze.<\/p>\n<p>&nbsp;<\/p>\n<h3>Koh Chi<\/h3>\n<p>Ci sono buoni posti d&#8217;immersione tutto intorno a quest&#8217;isola, che \u00e8 la pi\u00f9 a Nord del gruppo delle Surin.<\/p>\n<p>Le estremit\u00e0 Nord e Sud dell&#8217;isola sono dominate da enormi massi tondeggianti, mentre dal lato Ovest si alternano rocce e zone di coralli Piatto ed a Corna d&#8217;Alce. La parte a Sud della costa Occidentale, poco prima di arrivare ai massi enormi, \u00e8 un ottimo posto per incontrare una o due delle Tartarughe qui stanziali. Tutto il lato Orientale \u00e8 una barriera di coralli duri, che degrada a terrazze dai 5 ai 18 metri, dove si trovano pesci Leone, pesci Farfalla, pesci Angelo, Scorfani e Murene. Guardando attentamente trai rami dei coralli, sar\u00e0 facile trovarvi pesci Civetta, Gamberetti, granchi Corallo e Porcellana ed addirittura Aragoste.<\/p>\n<p>&nbsp;<\/p>\n","protected":false},"excerpt":{"rendered":"<p>Il Parco Nazionale delle Isole Surin, \u00e8 situato nel Mare delle Andamane, a circa 60 km ad Ovest della costa della Provincia del Phang-Nga, nel Sud della Thailandia. Il Parco copre un&#8217;area di circa 141,25 km2, con circa 108 km2 di acque circostanti. Per molti anni le Isole Surin sono rimaste disabitate, frequentate da piccole [&hellip;]<\/p>\n","protected":false},"author":3,"featured_media":7467,"parent":0,"menu_order":0,"comment_status":"closed","ping_status":"open","template":"","meta":{"_et_pb_use_builder":"","_et_pb_old_content":"","_et_gb_content_width":"","footnotes":""},"class_list":["post-4579","page","type-page","status-publish","has-post-thumbnail","hentry"],"yoast_head":"<!-- This site is optimized with the Yoast SEO plugin v25.1 - https:\/\/yoast.com\/wordpress\/plugins\/seo\/ -->\n<title>Parco Nazionale delle Isole Surin - Paradiso Subacqueo della Thailandia<\/title>\n<meta name=\"description\" content=\"Il Parco Nazionale delle Isole Surin \u00e8 a Nord delle Isole Similan ed \u00e8 sempre pi\u00f9 meta di Barche da Crociera Subacquea\" \/>\n<meta name=\"robots\" content=\"index, follow, max-snippet:-1, max-image-preview:large, max-video-preview:-1\" \/>\n<link rel=\"canonical\" href=\"https:\/\/www.diving-thailand-phuket.com\/it\/isole-surin\/\" \/>\n<meta property=\"og:locale\" content=\"it_IT\" \/>\n<meta property=\"og:type\" content=\"article\" \/>\n<meta property=\"og:title\" content=\"Parco Nazionale delle Isole Surin - Paradiso Subacqueo della Thailandia\" \/>\n<meta property=\"og:description\" content=\"Il Parco Nazionale delle Isole Surin \u00e8 a Nord delle Isole Similan ed \u00e8 sempre pi\u00f9 meta di Barche da Crociera Subacquea\" \/>\n<meta property=\"og:url\" content=\"https:\/\/www.diving-thailand-phuket.com\/it\/isole-surin\/\" \/>\n<meta property=\"og:site_name\" content=\"Diving in Phuket Thailand\" \/>\n<meta property=\"article:modified_time\" content=\"2020-07-13T05:19:49+00:00\" \/>\n<meta property=\"og:image\" content=\"https:\/\/i0.wp.com\/www.diving-thailand-phuket.com\/wp-content\/uploads\/2014\/06\/Surin_Islands-1200x400.jpg?fit=1200%2C400&ssl=1\" \/>\n\t<meta property=\"og:image:width\" content=\"1200\" \/>\n\t<meta property=\"og:image:height\" content=\"400\" \/>\n\t<meta property=\"og:image:type\" content=\"image\/jpeg\" \/>\n<meta name=\"twitter:label1\" content=\"Est. reading time\" \/>\n\t<meta name=\"twitter:data1\" content=\"2 minutes\" \/>\n<script type=\"application\/ld+json\" class=\"yoast-schema-graph\">{\"@context\":\"https:\/\/schema.org\",\"@graph\":[{\"@type\":\"WebPage\",\"@id\":\"https:\/\/www.diving-thailand-phuket.com\/it\/isole-surin\/\",\"url\":\"https:\/\/www.diving-thailand-phuket.com\/it\/isole-surin\/\",\"name\":\"Parco Nazionale delle Isole Surin - Paradiso Subacqueo della Thailandia\",\"isPartOf\":{\"@id\":\"https:\/\/www.diving-thailand-phuket.com\/#website\"},\"primaryImageOfPage\":{\"@id\":\"https:\/\/www.diving-thailand-phuket.com\/it\/isole-surin\/#primaryimage\"},\"image\":{\"@id\":\"https:\/\/www.diving-thailand-phuket.com\/it\/isole-surin\/#primaryimage\"},\"thumbnailUrl\":\"https:\/\/i0.wp.com\/www.diving-thailand-phuket.com\/wp-content\/uploads\/2014\/06\/Surin_Islands-1200x400.jpg?fit=1200%2C400&ssl=1\",\"datePublished\":\"2016-07-22T16:11:55+00:00\",\"dateModified\":\"2020-07-13T05:19:49+00:00\",\"description\":\"Il Parco Nazionale delle Isole Surin \u00e8 a Nord delle Isole Similan ed \u00e8 sempre pi\u00f9 meta di Barche da Crociera Subacquea\",\"breadcrumb\":{\"@id\":\"https:\/\/www.diving-thailand-phuket.com\/it\/isole-surin\/#breadcrumb\"},\"inLanguage\":\"it-IT\",\"potentialAction\":[{\"@type\":\"ReadAction\",\"target\":[\"https:\/\/www.diving-thailand-phuket.com\/it\/isole-surin\/\"]}]},{\"@type\":\"ImageObject\",\"inLanguage\":\"it-IT\",\"@id\":\"https:\/\/www.diving-thailand-phuket.com\/it\/isole-surin\/#primaryimage\",\"url\":\"https:\/\/i0.wp.com\/www.diving-thailand-phuket.com\/wp-content\/uploads\/2014\/06\/Surin_Islands-1200x400.jpg?fit=1200%2C400&ssl=1\",\"contentUrl\":\"https:\/\/i0.wp.com\/www.diving-thailand-phuket.com\/wp-content\/uploads\/2014\/06\/Surin_Islands-1200x400.jpg?fit=1200%2C400&ssl=1\",\"width\":1200,\"height\":400},{\"@type\":\"BreadcrumbList\",\"@id\":\"https:\/\/www.diving-thailand-phuket.com\/it\/isole-surin\/#breadcrumb\",\"itemListElement\":[{\"@type\":\"ListItem\",\"position\":1,\"name\":\"Home\",\"item\":\"https:\/\/www.diving-thailand-phuket.com\/it\/\"},{\"@type\":\"ListItem\",\"position\":2,\"name\":\"Isole Surin\"}]},{\"@type\":\"WebSite\",\"@id\":\"https:\/\/www.diving-thailand-phuket.com\/#website\",\"url\":\"https:\/\/www.diving-thailand-phuket.com\/\",\"name\":\"Diving in Phuket Thailand\",\"description\":\"Best Diving in Thailand\",\"potentialAction\":[{\"@type\":\"SearchAction\",\"target\":{\"@type\":\"EntryPoint\",\"urlTemplate\":\"https:\/\/www.diving-thailand-phuket.com\/?s={search_term_string}\"},\"query-input\":{\"@type\":\"PropertyValueSpecification\",\"valueRequired\":true,\"valueName\":\"search_term_string\"}}],\"inLanguage\":\"it-IT\"}]}<\/script>\n<!-- \/ Yoast SEO plugin. -->","yoast_head_json":{"title":"Parco Nazionale delle Isole Surin - Paradiso Subacqueo della Thailandia","description":"Il Parco Nazionale delle Isole Surin \u00e8 a Nord delle Isole Similan ed \u00e8 sempre pi\u00f9 meta di Barche da Crociera Subacquea","robots":{"index":"index","follow":"follow","max-snippet":"max-snippet:-1","max-image-preview":"max-image-preview:large","max-video-preview":"max-video-preview:-1"},"canonical":"https:\/\/www.diving-thailand-phuket.com\/it\/isole-surin\/","og_locale":"it_IT","og_type":"article","og_title":"Parco Nazionale delle Isole Surin - Paradiso Subacqueo della Thailandia","og_description":"Il Parco Nazionale delle Isole Surin \u00e8 a Nord delle Isole Similan ed \u00e8 sempre pi\u00f9 meta di Barche da Crociera Subacquea","og_url":"https:\/\/www.diving-thailand-phuket.com\/it\/isole-surin\/","og_site_name":"Diving in Phuket Thailand","article_modified_time":"2020-07-13T05:19:49+00:00","og_image":[{"width":1200,"height":400,"url":"https:\/\/i0.wp.com\/www.diving-thailand-phuket.com\/wp-content\/uploads\/2014\/06\/Surin_Islands-1200x400.jpg?fit=1200%2C400&ssl=1","type":"image\/jpeg"}],"twitter_misc":{"Est. reading time":"2 minutes"},"schema":{"@context":"https:\/\/schema.org","@graph":[{"@type":"WebPage","@id":"https:\/\/www.diving-thailand-phuket.com\/it\/isole-surin\/","url":"https:\/\/www.diving-thailand-phuket.com\/it\/isole-surin\/","name":"Parco Nazionale delle Isole Surin - Paradiso Subacqueo della Thailandia","isPartOf":{"@id":"https:\/\/www.diving-thailand-phuket.com\/#website"},"primaryImageOfPage":{"@id":"https:\/\/www.diving-thailand-phuket.com\/it\/isole-surin\/#primaryimage"},"image":{"@id":"https:\/\/www.diving-thailand-phuket.com\/it\/isole-surin\/#primaryimage"},"thumbnailUrl":"https:\/\/i0.wp.com\/www.diving-thailand-phuket.com\/wp-content\/uploads\/2014\/06\/Surin_Islands-1200x400.jpg?fit=1200%2C400&ssl=1","datePublished":"2016-07-22T16:11:55+00:00","dateModified":"2020-07-13T05:19:49+00:00","description":"Il Parco Nazionale delle Isole Surin \u00e8 a Nord delle Isole Similan ed \u00e8 sempre pi\u00f9 meta di Barche da Crociera Subacquea","breadcrumb":{"@id":"https:\/\/www.diving-thailand-phuket.com\/it\/isole-surin\/#breadcrumb"},"inLanguage":"it-IT","potentialAction":[{"@type":"ReadAction","target":["https:\/\/www.diving-thailand-phuket.com\/it\/isole-surin\/"]}]},{"@type":"ImageObject","inLanguage":"it-IT","@id":"https:\/\/www.diving-thailand-phuket.com\/it\/isole-surin\/#primaryimage","url":"https:\/\/i0.wp.com\/www.diving-thailand-phuket.com\/wp-content\/uploads\/2014\/06\/Surin_Islands-1200x400.jpg?fit=1200%2C400&ssl=1","contentUrl":"https:\/\/i0.wp.com\/www.diving-thailand-phuket.com\/wp-content\/uploads\/2014\/06\/Surin_Islands-1200x400.jpg?fit=1200%2C400&ssl=1","width":1200,"height":400},{"@type":"BreadcrumbList","@id":"https:\/\/www.diving-thailand-phuket.com\/it\/isole-surin\/#breadcrumb","itemListElement":[{"@type":"ListItem","position":1,"name":"Home","item":"https:\/\/www.diving-thailand-phuket.com\/it\/"},{"@type":"ListItem","position":2,"name":"Isole Surin"}]},{"@type":"WebSite","@id":"https:\/\/www.diving-thailand-phuket.com\/#website","url":"https:\/\/www.diving-thailand-phuket.com\/","name":"Diving in Phuket Thailand","description":"Best Diving in Thailand","potentialAction":[{"@type":"SearchAction","target":{"@type":"EntryPoint","urlTemplate":"https:\/\/www.diving-thailand-phuket.com\/?s={search_term_string}"},"query-input":{"@type":"PropertyValueSpecification","valueRequired":true,"valueName":"search_term_string"}}],"inLanguage":"it-IT"}]}},"jetpack_sharing_enabled":true,"_links":{"self":[{"href":"https:\/\/www.diving-thailand-phuket.com\/it\/wp-json\/wp\/v2\/pages\/4579","targetHints":{"allow":["GET"]}}],"collection":[{"href":"https:\/\/www.diving-thailand-phuket.com\/it\/wp-json\/wp\/v2\/pages"}],"about":[{"href":"https:\/\/www.diving-thailand-phuket.com\/it\/wp-json\/wp\/v2\/types\/page"}],"author":[{"embeddable":true,"href":"https:\/\/www.diving-thailand-phuket.com\/it\/wp-json\/wp\/v2\/users\/3"}],"replies":[{"embeddable":true,"href":"https:\/\/www.diving-thailand-phuket.com\/it\/wp-json\/wp\/v2\/comments?post=4579"}],"version-history":[{"count":1,"href":"https:\/\/www.diving-thailand-phuket.com\/it\/wp-json\/wp\/v2\/pages\/4579\/revisions"}],"predecessor-version":[{"id":8352,"href":"https:\/\/www.diving-thailand-phuket.com\/it\/wp-json\/wp\/v2\/pages\/4579\/revisions\/8352"}],"wp:featuredmedia":[{"embeddable":true,"href":"https:\/\/www.diving-thailand-phuket.com\/it\/wp-json\/wp\/v2\/media\/7467"}],"wp:attachment":[{"href":"https:\/\/www.diving-thailand-phuket.com\/it\/wp-json\/wp\/v2\/media?parent=4579"}],"curies":[{"name":"wp","href":"https:\/\/api.w.org\/{rel}","templated":true}]}}