{"id":4455,"date":"2016-07-07T18:24:03","date_gmt":"2016-07-07T11:24:03","guid":{"rendered":"https:\/\/www.diving-thailand-phuket.com\/it\/corsi-subacquei-a-phuket-thailandia\/"},"modified":"2017-10-28T12:21:33","modified_gmt":"2017-10-28T05:21:33","slug":"corsi-subacquei-a-phuket-thailandia","status":"publish","type":"page","link":"https:\/\/www.diving-thailand-phuket.com\/it\/corsi-subacquei-a-phuket-thailandia\/","title":{"rendered":"Corsi Subacquei a Phuket, Thailandia"},"content":{"rendered":"<p>Corsi Subacquei con il Colona Liveaboards &#8211; Hai mai pensato di fare il primo passo per &#8220;respirare sott&#8217;acqua&#8221;? Noi offriamo Corsi Subacquei, a Phuket, dai livelli Base a quelli Professionali. Tutti i nostri Corsi sono Corsi Subacquei RAID.<\/p>\n<p><a href=\"https:\/\/i0.wp.com\/www.diving-thailand-phuket.com\/wp-content\/uploads\/2015\/08\/RAID-Leaderboard-Dive1.jpg?ssl=1\"><img data-recalc-dims=\"1\" loading=\"lazy\" decoding=\"async\" class=\"aligncenter size-full wp-image-3983\" src=\"https:\/\/i0.wp.com\/www.diving-thailand-phuket.com\/wp-content\/uploads\/2015\/08\/RAID-Leaderboard-Dive1.jpg?resize=728%2C90&#038;ssl=1\" alt=\"RAID Scuba Diving Course in Phuket, Thailand\" width=\"728\" height=\"90\" srcset=\"https:\/\/i0.wp.com\/www.diving-thailand-phuket.com\/wp-content\/uploads\/2015\/08\/RAID-Leaderboard-Dive1.jpg?w=728&amp;ssl=1 728w, https:\/\/i0.wp.com\/www.diving-thailand-phuket.com\/wp-content\/uploads\/2015\/08\/RAID-Leaderboard-Dive1.jpg?resize=300%2C37&amp;ssl=1 300w\" sizes=\"(max-width: 728px) 100vw, 728px\" \/><\/a><\/p>\n<h2>Corsi Subacquei RAID a Phuket<\/h2>\n<p><a href=\"https:\/\/www.diveraid.com\" target=\"_blank\" rel=\"noopener\">RAID<\/a>\u00a0utilizza oggi il pi\u00f9 avanzato modello d&#8217;Istruzione Subacquea al mondo. Con oltre 60 corsi subacquei, fruibili on-line per la parte teorica, RAID \u00e8 considerata la pi\u00f9 importante, dinamica ed innovativa Didattica Subaquea presente nel panorama mondiale. Volendo offrire sempre il meglio, come Colona Liveaboards, ai nostri studenti, abbiamo scelto nel 2015 di Affiliarci alla RAID.<\/p>\n<h3>Corsi On-line<\/h3>\n<p>I vantaggi sono ovvi. Le persone interessate, come te, hanno ora la possibilit\u00e0 di informarsi, su Subacquea ed Apnea, senza rischio economico. Ti \u00e8 offerta la possibilit\u00e0 di fare una scelta documentata per lanciarti in questa nuova attivit\u00e0. Segui la parte Teorica on-line, prima del tuo viaggio, sdraiato in spiaggia od a bordo-piscina del tuo Hotel e, se convinto, completa a Phuket con il Colona Liveaboards la parte Pratica.\u00a0Il sistema RAID \u00e8 il risultato di anni di esperienza nella formazione subacquea, raccogliendo e combinando le competenze dei migliori formatori di tutto il mondo ed \u00e8 supportato dalle pi\u00f9 recenti tecnologie d\u2019insegnamento sia nella teoria che in acqua. Fornisce inoltre un controllo qualit\u00e0 unico nel mondo didattico subacqueo e si pu\u00f2 affermare che attualmente \u00e8 il pi\u00f9 completo programma di e-learning al mondo.<\/p>\n<p style=\"text-align: right;\"><strong><a href=\"https:\/\/www.diveraid.com\/asp\/members\/register.asp\" target=\"_blank\" rel=\"noopener\">Iscriviti Ora !<\/a><\/strong><\/p>\n<h3>Corsi Subacquei a Phuket, Thailandia<\/h3>\n<h4>RAID Try Scuba Diving<\/h4>\n<p>Curiosi di capire cosa vuol dire respirare sott&#8217;acqua? Se volete scoprirlo, ma non siete pronti per un Corso Subacqueo, il &#8220;Try Scuba Diving&#8221; vi far\u00e0 testare la subacquea e capire se vi piace.<\/p>\n<p>Non c&#8217;\u00e8 nulla come respirare sott&#8217;acqua per la prima volta. C&#8217;\u00e8 bisogno di un po&#8217; di tempo per abituarsi, del resto il genere umano non \u00e8 stato progettato per farlo, ma dopo qualche minuto di timori e preoccupazioni il pi\u00f9 delle persone realizzano come sia facile ed iniziano a godersi le bellezze della Subacquea.<\/p>\n<p><strong>Prezzo a<\/strong><strong>\u00a0bordo MV Giamani:\u00a0<\/strong>THB [raid_03] *<\/p>\n<p><strong>Prezzo a Phuket:\u00a0<\/strong>THB [raid_03a]<\/p>\n<p><strong>Durata:<\/strong> 1 giorno e 1\/2<\/p>\n<p><strong>Il Corso a Phuket include:<\/strong>\u00a0Attrezzatura Subacquea, trasferimento da\/a gli Hotel di Kata, Karon &amp; Patong Beach, 1 immersione, cibo e bevande a bordo, Manuale Corso On-line, Istruttore &amp; Brevetto.<\/p>\n<p>*\u00a0<strong>Non inclusi<\/strong>: Costo Crociera <span style=\"color: #0000ff;\"><a style=\"color: #0000ff;\" href=\"https:\/\/www.diving-thailand-phuket.com\/it\/crociere-sub-thailandia\/mv-giamani\/\">MV Giamani<\/a><\/span> &amp; tasse Parchi Marini Nazionali.<\/p>\n<h4>RAID Scuba Diver<\/h4>\n<p>Il Corso Scuba Diver introduce un nuovo livello di convenienza ed accessibilit\u00e0 nella Didattica Subacquea. Per la prima volta l&#8217;alievo \u00e8 focalizzato in acqua alla pratica delle abilit\u00e0 necessarie ad immergersi in sicurezza e tranquillit\u00e0, sotto la supervisione continua e professionale di un Istruttore RAID.<\/p>\n<p><strong>Prezzo a<\/strong><strong>\u00a0bordo MV Giamani:\u00a0<\/strong>THB [raid_04] *<\/p>\n<p><strong>Prezzo a Phuket:\u00a0<\/strong>THB [raid_04a]<\/p>\n<p><strong>Durata:<\/strong> 2 giorni \/ 2 immersioni<\/p>\n<p><strong>Il Corso a Phuket include:<\/strong>\u00a0Attrezzatura Subacquea, trasferimenti da\/a gli Hotel di Kata, Karon &amp; Patong Beach, 2 immersioni, cibo e bevande a bordo, Manuale Corso On-line, Istruttore &amp; Brevetto.<\/p>\n<p>*\u00a0<strong>Non inclusi<\/strong>: Costo Crociera <span style=\"color: #0000ff;\"><a style=\"color: #0000ff;\" href=\"https:\/\/www.diving-thailand-phuket.com\/it\/crociere-sub-thailandia\/mv-giamani\/\">MV Giamani<\/a><\/span> &amp; tasse Parchi Marini Nazionali.<\/p>\n<h4>RAID Open Water\u00a020<\/h4>\n<p>Il Corso RAID\u00a0Open Water 20 ti insegner\u00e0 tutto quello\u00a0che devi sapere\u00a0per immergerti in modo indipendente ed in totale sicurezza. L&#8217;approccio personalizzato dei corsi RAID, velocizza il tuo percorso d&#8217;apprendimento per diventare un buon Subacqueo, nel modo per te pi\u00f9 confortevole e divertente. In definitiva ognuno ha una propria specifica velocit\u00e0 nell&#8217;imparare, e motivazioni personali nella Subacquea.<\/p>\n<p>Sotto la guida di un Istruttore Professionista RAID, svilupperai le conoscenze e le capacit\u00e0 necessarie a goderti una vita di esplorazioni subacquee.<\/p>\n<p><strong>Prezzo a<\/strong><strong>\u00a0bordo MV Giamani:\u00a0<\/strong>THB [raid_01] *<\/p>\n<p><strong>Prezzo a Phuket:\u00a0<\/strong>THB [raid_01a]<\/p>\n<p><strong>Durata:<\/strong>\u00a04 giorni \/ min. 4 immersioni<\/p>\n<p><strong>Il Corso a Phuket include:<\/strong>\u00a0Attrezzatura Subacquea, trasferimenti da\/a gli Hotel di Kata, Karon &amp; Patong Beach, 4 immersioni, cibo e bevande a bordo, Manuale Corso On-line, Istruttore &amp; Brevetto.<\/p>\n<p>*\u00a0<strong>Non inclusi<\/strong>: Costo Crociera <span style=\"color: #0000ff;\"><a style=\"color: #0000ff;\" href=\"https:\/\/www.diving-thailand-phuket.com\/it\/crociere-sub-thailandia\/mv-giamani\/\">MV Giamani<\/a><\/span> &amp; tasse Parchi Marini Nazionali.<\/p>\n<h4>RAID Explorer 30<\/h4>\n<p>Questi due giorni di Corso accrescono realmente le tue capacit\u00e0 e la tua sicurezza in acqua, aprendoti molte porte per diventare un vero Subacqueo. Durante il Corso avrai la possibilit\u00e0 di provare 5 diverse Specialit\u00e0, con un&#8217;immersione dedicata ad ognuna di esse, per meglio comprenderle.<\/p>\n<p><strong>Prezzo a<\/strong><strong>\u00a0bordo MV Giamani:\u00a0<\/strong>THB [raid_02] *<\/p>\n<p><strong>Prezzo a Phuket:\u00a0<\/strong>THB [raid_02a]<\/p>\n<p><strong>Durata:<\/strong> 2 giorni \/ min. 5 immersioni<\/p>\n<p><strong>Il Corso a Phuket include:<\/strong> Attrezzatura Subacquea, trasferimenti da\/a gli Hotel di Kata, Karon &amp; Patong Beach, 5 immersioni, cibo e bevande a bordo, Manuale Corso On-line, Istruttore &amp; Brevetto.<\/p>\n<p>*\u00a0<strong>Non inclusi<\/strong>: Costo Crociera <span style=\"color: #0000ff;\"><a style=\"color: #0000ff;\" href=\"https:\/\/www.diving-thailand-phuket.com\/it\/crociere-sub-thailandia\/mv-giamani\/\">MV Giamani<\/a><\/span> &amp; tasse Parchi Marini Nazionali.<\/p>\n<h4>RAID Advanced 35<\/h4>\n<p>Questo Corso \u00e8 destinato a Subacquei gi\u00e0 esperti, che vogliano estendere le loro conoscenze nella teoria della subacquea ed accrescere le loro capacit\u00e0 in acqua. Superato il Corso con successo, potrai immergerti fino ai 35 metri.<\/p>\n<p><strong>Prezzo a<\/strong><strong>\u00a0bordo MV Giamani:\u00a0<\/strong>THB [raid_05] *<\/p>\n<p><strong>Prezzo a Phuket:\u00a0<\/strong>THB [raid_5a]<\/p>\n<p><strong>Durata:<\/strong>\u00a04 giorni \/ min. 6 immersioni<\/p>\n<p><strong>Il Corso a Phuket include:<\/strong> Attrezzatura Subacquea, trasferimenti da\/a gli Hotel di Kata, Karon &amp; Patong Beach, 6 immersioni, cibo e bevande a bordo, Manuale Corso On-line, Istruttore &amp; Brevetto.<\/p>\n<p>*\u00a0<strong>Non inclusi<\/strong>: Costo Crociera <span style=\"color: #0000ff;\"><a style=\"color: #0000ff;\" href=\"https:\/\/www.diving-thailand-phuket.com\/it\/crociere-sub-thailandia\/mv-giamani\/\">MV Giamani<\/a><\/span> &amp; tasse Parchi Marini Nazionali.<\/p>\n<h4>RAID Master Rescue Diver<\/h4>\n<p>Il Corso RAID Master Rescue \u00e8 dove si inizia ad andare oltre la Subacquea ricreativa. Si espande la conoscenza della &#8220;scienza&#8221; della Subacquea con ulteriori aspetti dell&#8217;immersione e con tecniche e procedure di soccorso ed emergenza.<\/p>\n<p>Questo Corso accrescer\u00e0 la tua sicurezza ed abilit\u00e0! Ti verr\u00e0 insegnato l&#8217;auto-soccorso, riconoscere e gestire situazioni di difficolt\u00e0 in altri subacquei, gestire le emergenze, e come soccorrere subacquei in panico o privi di conoscenza fino ad una profondit\u00e0 di 40 metri.<\/p>\n<p><strong>Prezzo a<\/strong><strong>\u00a0bordo MV Giamani:\u00a0<\/strong>THB [raid_6] *<\/p>\n<p><strong>Prezzo a Phuket:\u00a0<\/strong>THB [raid_6a]<\/p>\n<p><strong>Durata:<\/strong>\u00a04 giorni \/ min. 6 immersioni<\/p>\n<p><strong>Il Corso a Phuket include:<\/strong> Attrezzatura Subacquea, trasferimenti da\/a gli Hotel di Kata, Karon &amp; Patong Beach, 5 immersioni, cibo e bevande a bordo, Manuale Corso On-line, Istruttore &amp; Brevetto.<\/p>\n<p>*\u00a0<strong>Non inclusi<\/strong>: Costo Crociera <span style=\"color: #0000ff;\"><a style=\"color: #0000ff;\" href=\"https:\/\/www.diving-thailand-phuket.com\/it\/crociere-sub-thailandia\/mv-giamani\/\">MV Giamani<\/a><\/span> &amp; tasse Parchi Marini Nazionali.<\/p>\n<h2 id=\"form\">Contattaci Ora !<\/h2>\n<p>[gravityform id=&#8221;13&#8243; title=&#8221;true&#8221; description=&#8221;true&#8221;]<\/p>\n","protected":false},"excerpt":{"rendered":"<p>Corsi Subacquei con il Colona Liveaboards &#8211; Hai mai pensato di fare il primo passo per &#8220;respirare sott&#8217;acqua&#8221;? Noi offriamo Corsi Subacquei, a Phuket, dai livelli Base a quelli Professionali. Tutti i nostri Corsi sono Corsi Subacquei RAID. Corsi Subacquei RAID a Phuket RAID\u00a0utilizza oggi il pi\u00f9 avanzato modello d&#8217;Istruzione Subacquea al mondo. Con oltre [&hellip;]<\/p>\n","protected":false},"author":3,"featured_media":7660,"parent":0,"menu_order":0,"comment_status":"closed","ping_status":"open","template":"","meta":{"_et_pb_use_builder":"","_et_pb_old_content":"","_et_gb_content_width":"","footnotes":""},"class_list":["post-4455","page","type-page","status-publish","has-post-thumbnail","hentry"],"yoast_head":"<!-- This site is optimized with the Yoast SEO plugin v25.1 - https:\/\/yoast.com\/wordpress\/plugins\/seo\/ -->\n<title>Corsi Subacquei a Phuket - Immersioni a Phuket Thailandia<\/title>\n<meta name=\"description\" content=\"Corsi Sub a Phuket - Impara la Subacquea con il Colona Liveaboard a Phuket in Thailandia. Corsi RAID, PADI e SSI dal base al Dive Master\" \/>\n<meta name=\"robots\" content=\"index, follow, max-snippet:-1, max-image-preview:large, max-video-preview:-1\" \/>\n<link rel=\"canonical\" href=\"https:\/\/www.diving-thailand-phuket.com\/it\/corsi-subacquei-a-phuket-thailandia\/\" \/>\n<meta property=\"og:locale\" content=\"it_IT\" \/>\n<meta property=\"og:type\" content=\"article\" \/>\n<meta property=\"og:title\" content=\"Corsi Subacquei a Phuket - Immersioni a Phuket Thailandia\" \/>\n<meta property=\"og:description\" content=\"Corsi Sub a Phuket - Impara la Subacquea con il Colona Liveaboard a Phuket in Thailandia. Corsi RAID, PADI e SSI dal base al Dive Master\" \/>\n<meta property=\"og:url\" content=\"https:\/\/www.diving-thailand-phuket.com\/it\/corsi-subacquei-a-phuket-thailandia\/\" \/>\n<meta property=\"og:site_name\" content=\"Diving in Phuket Thailand\" \/>\n<meta property=\"article:modified_time\" content=\"2017-10-28T05:21:33+00:00\" \/>\n<meta property=\"og:image\" content=\"https:\/\/i0.wp.com\/www.diving-thailand-phuket.com\/wp-content\/uploads\/2015\/08\/Learn-Diving-1200x400.jpg?fit=1200%2C401&ssl=1\" \/>\n\t<meta property=\"og:image:width\" content=\"1200\" \/>\n\t<meta property=\"og:image:height\" content=\"401\" \/>\n\t<meta property=\"og:image:type\" content=\"image\/jpeg\" \/>\n<meta name=\"twitter:label1\" content=\"Est. reading time\" \/>\n\t<meta name=\"twitter:data1\" content=\"5 minutes\" \/>\n<script type=\"application\/ld+json\" class=\"yoast-schema-graph\">{\"@context\":\"https:\/\/schema.org\",\"@graph\":[{\"@type\":\"WebPage\",\"@id\":\"https:\/\/www.diving-thailand-phuket.com\/it\/corsi-subacquei-a-phuket-thailandia\/\",\"url\":\"https:\/\/www.diving-thailand-phuket.com\/it\/corsi-subacquei-a-phuket-thailandia\/\",\"name\":\"Corsi Subacquei a Phuket - Immersioni a Phuket Thailandia\",\"isPartOf\":{\"@id\":\"https:\/\/www.diving-thailand-phuket.com\/#website\"},\"primaryImageOfPage\":{\"@id\":\"https:\/\/www.diving-thailand-phuket.com\/it\/corsi-subacquei-a-phuket-thailandia\/#primaryimage\"},\"image\":{\"@id\":\"https:\/\/www.diving-thailand-phuket.com\/it\/corsi-subacquei-a-phuket-thailandia\/#primaryimage\"},\"thumbnailUrl\":\"https:\/\/i0.wp.com\/www.diving-thailand-phuket.com\/wp-content\/uploads\/2015\/08\/Learn-Diving-1200x400.jpg?fit=1200%2C401&ssl=1\",\"datePublished\":\"2016-07-07T11:24:03+00:00\",\"dateModified\":\"2017-10-28T05:21:33+00:00\",\"description\":\"Corsi Sub a Phuket - Impara la Subacquea con il Colona Liveaboard a Phuket in Thailandia. Corsi RAID, PADI e SSI dal base al Dive Master\",\"breadcrumb\":{\"@id\":\"https:\/\/www.diving-thailand-phuket.com\/it\/corsi-subacquei-a-phuket-thailandia\/#breadcrumb\"},\"inLanguage\":\"it-IT\",\"potentialAction\":[{\"@type\":\"ReadAction\",\"target\":[\"https:\/\/www.diving-thailand-phuket.com\/it\/corsi-subacquei-a-phuket-thailandia\/\"]}]},{\"@type\":\"ImageObject\",\"inLanguage\":\"it-IT\",\"@id\":\"https:\/\/www.diving-thailand-phuket.com\/it\/corsi-subacquei-a-phuket-thailandia\/#primaryimage\",\"url\":\"https:\/\/i0.wp.com\/www.diving-thailand-phuket.com\/wp-content\/uploads\/2015\/08\/Learn-Diving-1200x400.jpg?fit=1200%2C401&ssl=1\",\"contentUrl\":\"https:\/\/i0.wp.com\/www.diving-thailand-phuket.com\/wp-content\/uploads\/2015\/08\/Learn-Diving-1200x400.jpg?fit=1200%2C401&ssl=1\",\"width\":1200,\"height\":401},{\"@type\":\"BreadcrumbList\",\"@id\":\"https:\/\/www.diving-thailand-phuket.com\/it\/corsi-subacquei-a-phuket-thailandia\/#breadcrumb\",\"itemListElement\":[{\"@type\":\"ListItem\",\"position\":1,\"name\":\"Home\",\"item\":\"https:\/\/www.diving-thailand-phuket.com\/it\/\"},{\"@type\":\"ListItem\",\"position\":2,\"name\":\"Corsi Subacquei a Phuket, Thailandia\"}]},{\"@type\":\"WebSite\",\"@id\":\"https:\/\/www.diving-thailand-phuket.com\/#website\",\"url\":\"https:\/\/www.diving-thailand-phuket.com\/\",\"name\":\"Diving in Phuket Thailand\",\"description\":\"Best Diving in Thailand\",\"potentialAction\":[{\"@type\":\"SearchAction\",\"target\":{\"@type\":\"EntryPoint\",\"urlTemplate\":\"https:\/\/www.diving-thailand-phuket.com\/?s={search_term_string}\"},\"query-input\":{\"@type\":\"PropertyValueSpecification\",\"valueRequired\":true,\"valueName\":\"search_term_string\"}}],\"inLanguage\":\"it-IT\"}]}<\/script>\n<!-- \/ Yoast SEO plugin. -->","yoast_head_json":{"title":"Corsi Subacquei a Phuket - Immersioni a Phuket Thailandia","description":"Corsi Sub a Phuket - Impara la Subacquea con il Colona Liveaboard a Phuket in Thailandia. Corsi RAID, PADI e SSI dal base al Dive Master","robots":{"index":"index","follow":"follow","max-snippet":"max-snippet:-1","max-image-preview":"max-image-preview:large","max-video-preview":"max-video-preview:-1"},"canonical":"https:\/\/www.diving-thailand-phuket.com\/it\/corsi-subacquei-a-phuket-thailandia\/","og_locale":"it_IT","og_type":"article","og_title":"Corsi Subacquei a Phuket - Immersioni a Phuket Thailandia","og_description":"Corsi Sub a Phuket - Impara la Subacquea con il Colona Liveaboard a Phuket in Thailandia. Corsi RAID, PADI e SSI dal base al Dive Master","og_url":"https:\/\/www.diving-thailand-phuket.com\/it\/corsi-subacquei-a-phuket-thailandia\/","og_site_name":"Diving in Phuket Thailand","article_modified_time":"2017-10-28T05:21:33+00:00","og_image":[{"width":1200,"height":401,"url":"https:\/\/i0.wp.com\/www.diving-thailand-phuket.com\/wp-content\/uploads\/2015\/08\/Learn-Diving-1200x400.jpg?fit=1200%2C401&ssl=1","type":"image\/jpeg"}],"twitter_misc":{"Est. reading time":"5 minutes"},"schema":{"@context":"https:\/\/schema.org","@graph":[{"@type":"WebPage","@id":"https:\/\/www.diving-thailand-phuket.com\/it\/corsi-subacquei-a-phuket-thailandia\/","url":"https:\/\/www.diving-thailand-phuket.com\/it\/corsi-subacquei-a-phuket-thailandia\/","name":"Corsi Subacquei a Phuket - Immersioni a Phuket Thailandia","isPartOf":{"@id":"https:\/\/www.diving-thailand-phuket.com\/#website"},"primaryImageOfPage":{"@id":"https:\/\/www.diving-thailand-phuket.com\/it\/corsi-subacquei-a-phuket-thailandia\/#primaryimage"},"image":{"@id":"https:\/\/www.diving-thailand-phuket.com\/it\/corsi-subacquei-a-phuket-thailandia\/#primaryimage"},"thumbnailUrl":"https:\/\/i0.wp.com\/www.diving-thailand-phuket.com\/wp-content\/uploads\/2015\/08\/Learn-Diving-1200x400.jpg?fit=1200%2C401&ssl=1","datePublished":"2016-07-07T11:24:03+00:00","dateModified":"2017-10-28T05:21:33+00:00","description":"Corsi Sub a Phuket - Impara la Subacquea con il Colona Liveaboard a Phuket in Thailandia. Corsi RAID, PADI e SSI dal base al Dive Master","breadcrumb":{"@id":"https:\/\/www.diving-thailand-phuket.com\/it\/corsi-subacquei-a-phuket-thailandia\/#breadcrumb"},"inLanguage":"it-IT","potentialAction":[{"@type":"ReadAction","target":["https:\/\/www.diving-thailand-phuket.com\/it\/corsi-subacquei-a-phuket-thailandia\/"]}]},{"@type":"ImageObject","inLanguage":"it-IT","@id":"https:\/\/www.diving-thailand-phuket.com\/it\/corsi-subacquei-a-phuket-thailandia\/#primaryimage","url":"https:\/\/i0.wp.com\/www.diving-thailand-phuket.com\/wp-content\/uploads\/2015\/08\/Learn-Diving-1200x400.jpg?fit=1200%2C401&ssl=1","contentUrl":"https:\/\/i0.wp.com\/www.diving-thailand-phuket.com\/wp-content\/uploads\/2015\/08\/Learn-Diving-1200x400.jpg?fit=1200%2C401&ssl=1","width":1200,"height":401},{"@type":"BreadcrumbList","@id":"https:\/\/www.diving-thailand-phuket.com\/it\/corsi-subacquei-a-phuket-thailandia\/#breadcrumb","itemListElement":[{"@type":"ListItem","position":1,"name":"Home","item":"https:\/\/www.diving-thailand-phuket.com\/it\/"},{"@type":"ListItem","position":2,"name":"Corsi Subacquei a Phuket, Thailandia"}]},{"@type":"WebSite","@id":"https:\/\/www.diving-thailand-phuket.com\/#website","url":"https:\/\/www.diving-thailand-phuket.com\/","name":"Diving in Phuket Thailand","description":"Best Diving in Thailand","potentialAction":[{"@type":"SearchAction","target":{"@type":"EntryPoint","urlTemplate":"https:\/\/www.diving-thailand-phuket.com\/?s={search_term_string}"},"query-input":{"@type":"PropertyValueSpecification","valueRequired":true,"valueName":"search_term_string"}}],"inLanguage":"it-IT"}]}},"jetpack_sharing_enabled":true,"_links":{"self":[{"href":"https:\/\/www.diving-thailand-phuket.com\/it\/wp-json\/wp\/v2\/pages\/4455","targetHints":{"allow":["GET"]}}],"collection":[{"href":"https:\/\/www.diving-thailand-phuket.com\/it\/wp-json\/wp\/v2\/pages"}],"about":[{"href":"https:\/\/www.diving-thailand-phuket.com\/it\/wp-json\/wp\/v2\/types\/page"}],"author":[{"embeddable":true,"href":"https:\/\/www.diving-thailand-phuket.com\/it\/wp-json\/wp\/v2\/users\/3"}],"replies":[{"embeddable":true,"href":"https:\/\/www.diving-thailand-phuket.com\/it\/wp-json\/wp\/v2\/comments?post=4455"}],"version-history":[{"count":0,"href":"https:\/\/www.diving-thailand-phuket.com\/it\/wp-json\/wp\/v2\/pages\/4455\/revisions"}],"wp:featuredmedia":[{"embeddable":true,"href":"https:\/\/www.diving-thailand-phuket.com\/it\/wp-json\/wp\/v2\/media\/7660"}],"wp:attachment":[{"href":"https:\/\/www.diving-thailand-phuket.com\/it\/wp-json\/wp\/v2\/media?parent=4455"}],"curies":[{"name":"wp","href":"https:\/\/api.w.org\/{rel}","templated":true}]}}