{"id":4365,"date":"2016-07-04T18:45:05","date_gmt":"2016-07-04T11:45:05","guid":{"rendered":"https:\/\/www.diving-thailand-phuket.com\/it\/mv-giamani-6-giorni-isole-similan-surin\/"},"modified":"2017-10-23T18:31:00","modified_gmt":"2017-10-23T11:31:00","slug":"mv-giamani-6-giorni-isole-similan-surin","status":"publish","type":"page","link":"https:\/\/www.diving-thailand-phuket.com\/it\/mv-giamani-6-giorni-isole-similan-surin\/","title":{"rendered":"MV Giamani &#8211; 6 Giorni Isole Similan &#038; Surin"},"content":{"rendered":"<div id=\"attachment_2209\" style=\"width: 310px\" class=\"wp-caption alignright\"><a href=\"https:\/\/i0.wp.com\/www.diving-thailand-phuket.com\/wp-content\/uploads\/2014\/06\/PICT0302-300x224.jpg?ssl=1\"><img data-recalc-dims=\"1\" loading=\"lazy\" decoding=\"async\" aria-describedby=\"caption-attachment-2209\" class=\"wp-image-2209 size-medium\" title=\"MV Giamani Safety Stop - A must for Similan Islands Diving Safaris\" src=\"https:\/\/i0.wp.com\/www.diving-thailand-phuket.com\/wp-content\/uploads\/2014\/06\/PICT0302.jpg?resize=300%2C224&#038;ssl=1\" alt=\"MV Giamani Safety Stop - A must for Similan Islands Diving Safaris\" width=\"300\" height=\"224\" \/><\/a><p id=\"caption-attachment-2209\" class=\"wp-caption-text\">Sosta di Sicerezza<\/p><\/div>\n<p>Crociera subacquea sul MV Giamani, con immersioni alle Isole Similan, Surin, Koh Bon, Koh Tachai &amp; Richelieu Rock.<\/p>\n<p><strong>22 Immersioni &#8211; 6 Giorni \/ 6 Notti &#8211; Partenze di Natale &amp; Capodanno<\/strong><\/p>\n<p><b>VENERDI&#8217;<\/b> \u2013 Benvenuti a bordo! Si parte per le <a href=\"https:\/\/www.diving-thailand-phuket.com\/it\/isole-similan\/\">Isole Similan<\/a>, doppiando la punta pi\u00f9 a Sud dell&#8217;isola di Phuket, mentre vi godete la cena a buffet con piatti della cucina Thai ed Internazionale.<\/p>\n<p><strong>SABATO<\/strong>\u00a0\u2013 Sveglia nel paradiso tropicale del Parco Nazionale delle Similan. La prima immersone di oggi \u00e8 alle 8:00 a <a href=\"https:\/\/www.diving-thailand-phuket.com\/it\/shark-fin-reef-sito-dimmersione-alle-similan\/\">Shark Fin Reef<\/a> (Similan #3 \u2013 Koh Payan), una bella e facile immersione per iniziare, perfetta per verificare voi e la vostra attrezzatura. Dopo una sana colazione abbiamo tempo di riposarci fino al secondo tuffo che \u00e8 alle 11:30 a <a href=\"https:\/\/www.diving-thailand-phuket.com\/it\/west-of-eden-sito-dimmersione-alle-similan\/\">West of Eden<\/a> (Similan #7 \u2013 Koh Pabu), straordinaria combinazione di grandi massi e letti di corallo mollo e duro. Emergiamo e siamo pronti per il pranzo. Alle 15:00 immersione ad <a href=\"https:\/\/www.diving-thailand-phuket.com\/it\/anitas-reef-sito-dimmaersione-alle-similan\/\">Anita&#8217;s Reef<\/a> (Similan #5 \u2013 Koh Ha), un pianoro di rocce e sabbia degradante ricco di vita marina e colorati coralli molli. Dopo l&#8217;immersione verr\u00e0 servito uno spuntino e vi sar\u00e0 l&#8217;opportunit\u00e0, nel tardo pomeriggio, di visitare la spiaggia ed il belvedere dell&#8217;isola di Similan. L&#8217;immersione numero quattro sar\u00e0 una notturna (7:00), di solito a Honeymoon Bay. Trascorriamo poi la notte in una baia riparata. Rilassatevi, leggete un libro o guardate un film.<\/p>\n<p><b>DOMENICA<\/b> \u2013 Il secondo giorno inizia con l&#8217;immersione numero cinque (7:30) a <a href=\"https:\/\/www.diving-thailand-phuket.com\/it\/deep-six-sito-dimmersione-alle-similan\/\">Deep Six<\/a>, un pinnacolo a Nord di Koh Pabu, seguita dalla sei (11:00) tra i giganteschi massi granitici sommersi di <a href=\"https:\/\/www.diving-thailand-phuket.com\/it\/elephant-head-sito-dimmersione-alle-similan\/\">Elephant Head Rock<\/a> (Hin Pusar). Il terzo tuffo di oggi (14:30) sar\u00e0 una calma immersione in corrente sul versante Est dell&#8217;isola # 9, Koh Bangu (<a href=\"https:\/\/www.diving-thailand-phuket.com\/it\/breakfast-bend-immersioni-alle-isole-similan\/\">Breakfast Bend<\/a> \/ Three Trees \/ Snapper Alley), seguita dalla navigazione verso Nord-Est per un&#8217;immersione al tramonto od una notturna a Koh Bon Bay. Passiamo la notte a Koh Bon e ci rilassiamo con la cena, un libro, un film ed una buona birra.<\/p>\n<p><b>LUNEDI&#8217;<\/b> \u2013 Le immersioni numero nove (7:30)e dieci (11:00) saranno a <a href=\"https:\/\/www.diving-thailand-phuket.com\/it\/koh-bon-island-immersioni-alle-isole-similan-thailandia\/\">Koh Bon Pinnacle e Koh Bon West Ridge<\/a>. La corrente decider\u00e0 l&#8217;ordine delle immersioni, vista la necessit\u00e0 della sua presenza per un&#8217;ottimale Koh Bon Pinnacle, (incrociate le dita per le Mante!!). Per l&#8217;immersione numero undici, il Giamani si sposta a Nord verso <a href=\"https:\/\/www.diving-thailand-phuket.com\/it\/koh-tachai\/\">Koh Tachai<\/a>, con il terzo tuffo del giorno (14:30) al Koh Tachai Pinnacle (altro sito di Mante!). A Koh Tachai abbiamo un&#8217;altra opportunit\u00e0 per scendere a terra, seguita da un&#8217;immersione al tramonto (18:00). Sar\u00e0 alla barriera Est od Ovest di Koh Tachai a seconda della direzione del vento. Pernottiamo a bordo in Koh Tachai e ci rilassiamo con la cena, un libro, un film od il racconto di quanto visto oggi in acqua.<\/p>\n<p><b>MARTEDI&#8217;<\/b> \u2013 L&#8217;immersione numero tredici sar\u00e0 ancora a Koh Tachai Pinnacle, con ancora l&#8217;opportunit\u00e0 di incontrare Mante ed addirittura Squali-Balena. Essendo la prima della giornata potrete scendere a profondit\u00e0 maggiori e visitare zone non raggiunte Luned\u00ec. Poi via verso il &#8220;Gioiello della Corona&#8221;, <a href=\"https:\/\/www.diving-thailand-phuket.com\/it\/richelieu-rock-miglior-sito-dimmersione-in-thailandia\/\">Richelieu Rock<\/a>, per le immersioni quattordici e quindici. La sedici sar\u00e0 al tramonto ancora a Richelieu Rock, mentre poi il Giamani far\u00e0 rotta per le Isole Surin dove ridossarsi per la notte.<\/p>\n<p><b>MERCOLEDI&#8217;<\/b> \u2013 L&#8217;immersione numero diciassette sar\u00e0 alle <a href=\"https:\/\/www.diving-thailand-phuket.com\/it\/isole-surin\/\">Isole Surin<\/a> (Torinla Ridge o Koh Chi) poi si torna a Richelieu Rock per l&#8217;immersione diciotto. A seguire una lunga navigazione verso la terraferma per l&#8217;immersione diciannove, nel tardo pomeriggio (16:00), sul Boonsung Wreck. La venti, notturna (19:30), sar\u00e0 sullo stesso relitto e resterete sorpresi dell&#8217;incredibile trasformazione che riscontrerete. Il Giamani far\u00e0 poi rotta per Khao Lak dove trascorrer\u00e0 la notte.<\/p>\n<p><b>GIOVEDI&#8217;<\/b> \u2013\u00a0Oggi un inizio leggermente anticipato (7:00) per un&#8217;immersione poco conosciuta, quella sul relitto del MV Sea Chart, &#8220;The Teak Wreck&#8221;. E&#8217; una barca in metallo, affondata nel 2009, che traportava 1.200 tronchi di Teak Birmano. L&#8217;ultima immersione, la ventidue (9:30), sar\u00e0 poi in un bel sito di micro-fauna marina sul relitto del Naiyak (\u201cCondreco\u201d). Quando tutti saranno nuovamente a bordo, il Giamani far\u00e0 rotta verso la baia di Chalong, con tempo sufficiente per sciacquare ed anche asciugare l&#8217;attrezzatura, fare i bagagli, compilare il libretto delle immersioni, scambiarsi gli indirizzi e-mail ed addirittura rilassarsi ancora sui materassini di poppa del ponte principale, eventualmente in compagnia di una buona birra. L&#8217;arrivo al molo di Chalong \u00e8 previsto intorno alle 17:00.<\/p>\n<p>&nbsp;<\/p>\n<h4 style=\"text-align: center;\"><a href=\"https:\/\/www.diving-thailand-phuket.com\/it\/crociere-sub-thailandia\/mv-giamani\/#schedule\"><strong>&gt;&gt; Vai al Programma Crociere MV Giamani<\/strong><\/a><\/h4>\n","protected":false},"excerpt":{"rendered":"<p>Crociera subacquea sul MV Giamani, con immersioni alle Isole Similan, Surin, Koh Bon, Koh Tachai &amp; Richelieu Rock. 22 Immersioni &#8211; 6 Giorni \/ 6 Notti &#8211; Partenze di Natale &amp; Capodanno VENERDI&#8217; \u2013 Benvenuti a bordo! Si parte per le Isole Similan, doppiando la punta pi\u00f9 a Sud dell&#8217;isola di Phuket, mentre vi godete [&hellip;]<\/p>\n","protected":false},"author":3,"featured_media":3706,"parent":0,"menu_order":0,"comment_status":"closed","ping_status":"open","template":"","meta":{"_et_pb_use_builder":"","_et_pb_old_content":"","_et_gb_content_width":"","footnotes":""},"class_list":["post-4365","page","type-page","status-publish","has-post-thumbnail","hentry"],"yoast_head":"<!-- This site is optimized with the Yoast SEO plugin v25.1 - https:\/\/yoast.com\/wordpress\/plugins\/seo\/ -->\n<title>Crociera Subacquea di 6 giorni alle Isole Similan con il MV Giamani<\/title>\n<meta name=\"description\" content=\"Crociera Subacquea di 6 giorni alle Isole Similan, Surin e Rchelieu Rock con il MV Giamani.\" \/>\n<meta name=\"robots\" content=\"index, follow, max-snippet:-1, max-image-preview:large, max-video-preview:-1\" \/>\n<link rel=\"canonical\" href=\"https:\/\/www.diving-thailand-phuket.com\/it\/mv-giamani-6-giorni-isole-similan-surin\/\" \/>\n<meta property=\"og:locale\" content=\"it_IT\" \/>\n<meta property=\"og:type\" content=\"article\" \/>\n<meta property=\"og:title\" content=\"Crociera Subacquea di 6 giorni alle Isole Similan con il MV Giamani\" \/>\n<meta property=\"og:description\" content=\"Crociera Subacquea di 6 giorni alle Isole Similan, Surin e Rchelieu Rock con il MV Giamani.\" \/>\n<meta property=\"og:url\" content=\"https:\/\/www.diving-thailand-phuket.com\/it\/mv-giamani-6-giorni-isole-similan-surin\/\" \/>\n<meta property=\"og:site_name\" content=\"Diving in Phuket Thailand\" \/>\n<meta property=\"article:modified_time\" content=\"2017-10-23T11:31:00+00:00\" \/>\n<meta property=\"og:image\" content=\"https:\/\/i0.wp.com\/www.diving-thailand-phuket.com\/wp-content\/uploads\/2014\/06\/MV-Giamani-Thailand-Liveaboard.jpg?fit=1200%2C400&ssl=1\" \/>\n\t<meta property=\"og:image:width\" content=\"1200\" \/>\n\t<meta property=\"og:image:height\" content=\"400\" \/>\n\t<meta property=\"og:image:type\" content=\"image\/jpeg\" \/>\n<meta name=\"twitter:label1\" content=\"Est. reading time\" \/>\n\t<meta name=\"twitter:data1\" content=\"3 minutes\" \/>\n<script type=\"application\/ld+json\" class=\"yoast-schema-graph\">{\"@context\":\"https:\/\/schema.org\",\"@graph\":[{\"@type\":\"WebPage\",\"@id\":\"https:\/\/www.diving-thailand-phuket.com\/it\/mv-giamani-6-giorni-isole-similan-surin\/\",\"url\":\"https:\/\/www.diving-thailand-phuket.com\/it\/mv-giamani-6-giorni-isole-similan-surin\/\",\"name\":\"Crociera Subacquea di 6 giorni alle Isole Similan con il MV Giamani\",\"isPartOf\":{\"@id\":\"https:\/\/www.diving-thailand-phuket.com\/#website\"},\"primaryImageOfPage\":{\"@id\":\"https:\/\/www.diving-thailand-phuket.com\/it\/mv-giamani-6-giorni-isole-similan-surin\/#primaryimage\"},\"image\":{\"@id\":\"https:\/\/www.diving-thailand-phuket.com\/it\/mv-giamani-6-giorni-isole-similan-surin\/#primaryimage\"},\"thumbnailUrl\":\"https:\/\/i0.wp.com\/www.diving-thailand-phuket.com\/wp-content\/uploads\/2014\/06\/MV-Giamani-Thailand-Liveaboard.jpg?fit=1200%2C400&ssl=1\",\"datePublished\":\"2016-07-04T11:45:05+00:00\",\"dateModified\":\"2017-10-23T11:31:00+00:00\",\"description\":\"Crociera Subacquea di 6 giorni alle Isole Similan, Surin e Rchelieu Rock con il MV Giamani.\",\"breadcrumb\":{\"@id\":\"https:\/\/www.diving-thailand-phuket.com\/it\/mv-giamani-6-giorni-isole-similan-surin\/#breadcrumb\"},\"inLanguage\":\"it-IT\",\"potentialAction\":[{\"@type\":\"ReadAction\",\"target\":[\"https:\/\/www.diving-thailand-phuket.com\/it\/mv-giamani-6-giorni-isole-similan-surin\/\"]}]},{\"@type\":\"ImageObject\",\"inLanguage\":\"it-IT\",\"@id\":\"https:\/\/www.diving-thailand-phuket.com\/it\/mv-giamani-6-giorni-isole-similan-surin\/#primaryimage\",\"url\":\"https:\/\/i0.wp.com\/www.diving-thailand-phuket.com\/wp-content\/uploads\/2014\/06\/MV-Giamani-Thailand-Liveaboard.jpg?fit=1200%2C400&ssl=1\",\"contentUrl\":\"https:\/\/i0.wp.com\/www.diving-thailand-phuket.com\/wp-content\/uploads\/2014\/06\/MV-Giamani-Thailand-Liveaboard.jpg?fit=1200%2C400&ssl=1\",\"width\":1200,\"height\":400,\"caption\":\"MV Giamani - Crociera in Thailandia\"},{\"@type\":\"BreadcrumbList\",\"@id\":\"https:\/\/www.diving-thailand-phuket.com\/it\/mv-giamani-6-giorni-isole-similan-surin\/#breadcrumb\",\"itemListElement\":[{\"@type\":\"ListItem\",\"position\":1,\"name\":\"Home\",\"item\":\"https:\/\/www.diving-thailand-phuket.com\/it\/\"},{\"@type\":\"ListItem\",\"position\":2,\"name\":\"MV Giamani &#8211; 6 Giorni Isole Similan &#038; Surin\"}]},{\"@type\":\"WebSite\",\"@id\":\"https:\/\/www.diving-thailand-phuket.com\/#website\",\"url\":\"https:\/\/www.diving-thailand-phuket.com\/\",\"name\":\"Diving in Phuket Thailand\",\"description\":\"Best Diving in Thailand\",\"potentialAction\":[{\"@type\":\"SearchAction\",\"target\":{\"@type\":\"EntryPoint\",\"urlTemplate\":\"https:\/\/www.diving-thailand-phuket.com\/?s={search_term_string}\"},\"query-input\":{\"@type\":\"PropertyValueSpecification\",\"valueRequired\":true,\"valueName\":\"search_term_string\"}}],\"inLanguage\":\"it-IT\"}]}<\/script>\n<!-- \/ Yoast SEO plugin. -->","yoast_head_json":{"title":"Crociera Subacquea di 6 giorni alle Isole Similan con il MV Giamani","description":"Crociera Subacquea di 6 giorni alle Isole Similan, Surin e Rchelieu Rock con il MV Giamani.","robots":{"index":"index","follow":"follow","max-snippet":"max-snippet:-1","max-image-preview":"max-image-preview:large","max-video-preview":"max-video-preview:-1"},"canonical":"https:\/\/www.diving-thailand-phuket.com\/it\/mv-giamani-6-giorni-isole-similan-surin\/","og_locale":"it_IT","og_type":"article","og_title":"Crociera Subacquea di 6 giorni alle Isole Similan con il MV Giamani","og_description":"Crociera Subacquea di 6 giorni alle Isole Similan, Surin e Rchelieu Rock con il MV Giamani.","og_url":"https:\/\/www.diving-thailand-phuket.com\/it\/mv-giamani-6-giorni-isole-similan-surin\/","og_site_name":"Diving in Phuket Thailand","article_modified_time":"2017-10-23T11:31:00+00:00","og_image":[{"width":1200,"height":400,"url":"https:\/\/i0.wp.com\/www.diving-thailand-phuket.com\/wp-content\/uploads\/2014\/06\/MV-Giamani-Thailand-Liveaboard.jpg?fit=1200%2C400&ssl=1","type":"image\/jpeg"}],"twitter_misc":{"Est. reading time":"3 minutes"},"schema":{"@context":"https:\/\/schema.org","@graph":[{"@type":"WebPage","@id":"https:\/\/www.diving-thailand-phuket.com\/it\/mv-giamani-6-giorni-isole-similan-surin\/","url":"https:\/\/www.diving-thailand-phuket.com\/it\/mv-giamani-6-giorni-isole-similan-surin\/","name":"Crociera Subacquea di 6 giorni alle Isole Similan con il MV Giamani","isPartOf":{"@id":"https:\/\/www.diving-thailand-phuket.com\/#website"},"primaryImageOfPage":{"@id":"https:\/\/www.diving-thailand-phuket.com\/it\/mv-giamani-6-giorni-isole-similan-surin\/#primaryimage"},"image":{"@id":"https:\/\/www.diving-thailand-phuket.com\/it\/mv-giamani-6-giorni-isole-similan-surin\/#primaryimage"},"thumbnailUrl":"https:\/\/i0.wp.com\/www.diving-thailand-phuket.com\/wp-content\/uploads\/2014\/06\/MV-Giamani-Thailand-Liveaboard.jpg?fit=1200%2C400&ssl=1","datePublished":"2016-07-04T11:45:05+00:00","dateModified":"2017-10-23T11:31:00+00:00","description":"Crociera Subacquea di 6 giorni alle Isole Similan, Surin e Rchelieu Rock con il MV Giamani.","breadcrumb":{"@id":"https:\/\/www.diving-thailand-phuket.com\/it\/mv-giamani-6-giorni-isole-similan-surin\/#breadcrumb"},"inLanguage":"it-IT","potentialAction":[{"@type":"ReadAction","target":["https:\/\/www.diving-thailand-phuket.com\/it\/mv-giamani-6-giorni-isole-similan-surin\/"]}]},{"@type":"ImageObject","inLanguage":"it-IT","@id":"https:\/\/www.diving-thailand-phuket.com\/it\/mv-giamani-6-giorni-isole-similan-surin\/#primaryimage","url":"https:\/\/i0.wp.com\/www.diving-thailand-phuket.com\/wp-content\/uploads\/2014\/06\/MV-Giamani-Thailand-Liveaboard.jpg?fit=1200%2C400&ssl=1","contentUrl":"https:\/\/i0.wp.com\/www.diving-thailand-phuket.com\/wp-content\/uploads\/2014\/06\/MV-Giamani-Thailand-Liveaboard.jpg?fit=1200%2C400&ssl=1","width":1200,"height":400,"caption":"MV Giamani - Crociera in Thailandia"},{"@type":"BreadcrumbList","@id":"https:\/\/www.diving-thailand-phuket.com\/it\/mv-giamani-6-giorni-isole-similan-surin\/#breadcrumb","itemListElement":[{"@type":"ListItem","position":1,"name":"Home","item":"https:\/\/www.diving-thailand-phuket.com\/it\/"},{"@type":"ListItem","position":2,"name":"MV Giamani &#8211; 6 Giorni Isole Similan &#038; Surin"}]},{"@type":"WebSite","@id":"https:\/\/www.diving-thailand-phuket.com\/#website","url":"https:\/\/www.diving-thailand-phuket.com\/","name":"Diving in Phuket Thailand","description":"Best Diving in Thailand","potentialAction":[{"@type":"SearchAction","target":{"@type":"EntryPoint","urlTemplate":"https:\/\/www.diving-thailand-phuket.com\/?s={search_term_string}"},"query-input":{"@type":"PropertyValueSpecification","valueRequired":true,"valueName":"search_term_string"}}],"inLanguage":"it-IT"}]}},"jetpack_sharing_enabled":true,"_links":{"self":[{"href":"https:\/\/www.diving-thailand-phuket.com\/it\/wp-json\/wp\/v2\/pages\/4365","targetHints":{"allow":["GET"]}}],"collection":[{"href":"https:\/\/www.diving-thailand-phuket.com\/it\/wp-json\/wp\/v2\/pages"}],"about":[{"href":"https:\/\/www.diving-thailand-phuket.com\/it\/wp-json\/wp\/v2\/types\/page"}],"author":[{"embeddable":true,"href":"https:\/\/www.diving-thailand-phuket.com\/it\/wp-json\/wp\/v2\/users\/3"}],"replies":[{"embeddable":true,"href":"https:\/\/www.diving-thailand-phuket.com\/it\/wp-json\/wp\/v2\/comments?post=4365"}],"version-history":[{"count":0,"href":"https:\/\/www.diving-thailand-phuket.com\/it\/wp-json\/wp\/v2\/pages\/4365\/revisions"}],"wp:featuredmedia":[{"embeddable":true,"href":"https:\/\/www.diving-thailand-phuket.com\/it\/wp-json\/wp\/v2\/media\/3706"}],"wp:attachment":[{"href":"https:\/\/www.diving-thailand-phuket.com\/it\/wp-json\/wp\/v2\/media?parent=4365"}],"curies":[{"name":"wp","href":"https:\/\/api.w.org\/{rel}","templated":true}]}}