{"id":4364,"date":"2016-07-04T18:23:47","date_gmt":"2016-07-04T11:23:47","guid":{"rendered":"https:\/\/www.diving-thailand-phuket.com\/it\/mv-giamani-6-giorni-crociera-sud-nord\/"},"modified":"2017-10-23T18:33:16","modified_gmt":"2017-10-23T11:33:16","slug":"mv-giamani-6-giorni-crociera-sud-nord","status":"publish","type":"page","link":"https:\/\/www.diving-thailand-phuket.com\/it\/mv-giamani-6-giorni-crociera-sud-nord\/","title":{"rendered":"MV Giamani &#8211; 6 Giorni Crociera Sud &#038; Nord"},"content":{"rendered":"<p>Crociera Combo. Unione di Crociera Sud e successiva Crociera Nord, con immersioni ad\u00a0Hin Deang, Hin Muang, Koh Haa, Isole Phi Phi, Similan, Surin &amp; Richelieu Rock.<\/p>\n<p><strong>21 Immersioni &#8211; 6 Giorni \/ 6 Notti \u2013 Partenza ogni Venerd\u00ec sera.<\/strong><\/p>\n<p><b>VENERDI&#8217;<\/b>\u00a0\u2013 Il MV Giamani parte a sera dal molo di <a href=\"https:\/\/www.diving-thailand-phuket.com\/it\/porto-di-chalong-isola-di-phuket\/\">Chalong<\/a> e, mentre si cena, fa rotta a Sud verso Koh Haa.<\/p>\n<p><strong>SABATO<\/strong>\u00a0\u2013 La Vostra avventura subacquea inizia con un&#8217;immersione di verifica nelle acque della bellissima isola di <a href=\"https:\/\/www.diving-thailand-phuket.com\/it\/isole-koh-haa\/\">Koh Haa<\/a>. Si prosegue con due immersioni intorno alle montagne sommerse di <a href=\"https:\/\/www.diving-thailand-phuket.com\/it\/hin-daeng-paradiso-subacqueo\/\">Hin Daeng<\/a> and <a href=\"https:\/\/www.diving-thailand-phuket.com\/it\/hin-muang-sito-dimmersione\/\">Hin Muang<\/a>. Le condizioni meteo-marine e la presenza di &#8220;grossi pesci&#8221; determineranno dove fare l&#8217;ultima immersione della giornata. Ancora a Hin Daeng e Hin Muang? Restiamo. Preferite cambiare? Allora toniamo all&#8217;isola di Koh Haa per un&#8217;immersione al tramonto. Mentre cenate raggiungiamo, con una breve navigazione, l&#8217;isola Phi Phi per passare la notte in una delle sue baie ridossate. Rilassatevi guardando un film, leggendo un libro, compilando il vostro libretto delle immersioni, o semplicemente godetevi la quiete con una buona birra.<\/p>\n<p><b>DOMENICA<\/b> \u2013\u00a0La mattina del secondo giorno inizia di solito con un&#8217;immersione a Ko Bida Nok o Ko Bida Nai, all&#8217;estremo sud dell&#8217;Isola di\u00a0<a href=\"https:\/\/www.diving-thailand-phuket.com\/it\/phi-phi-siti-dimmersione\/\">Phi Phi<\/a>, prima di metterci lentamente sulla via del ritorno. In rotta verso Phuket faremo la sesta immersione sul famoso\u00a0<a href=\"https:\/\/www.diving-thailand-phuket.com\/it\/shark-point-siti-dimmersione-a-phuket\/\">Shark Point<\/a>, e la settima alla bellissima parete di <a href=\"https:\/\/www.diving-thailand-phuket.com\/it\/koh-doc-mai-siti-dimmersione-a-phuket\/\">Koh Doc Mai<\/a>, ricca di micro-fauna marina.\u00a0Il MV Giamani far\u00e0 quindi rotta per il molo di Chalong, mentre voi vi rilassate e\u00a0compilate il vostro libretto delle immersioni. A Chalong avete qualche ora per visitare il posto, farvi fare un massaggio Thai, fare spese nei mercatini locali, od in alternativa restare a riposare a bordo.\u00a0A sera si parte per le <a class=\"internal-link\" href=\"https:\/\/www.diving-thailand-phuket.com\/it\/isole-similan\/\">Isole Similan<\/a>, doppiando la punta pi\u00f9 a Sud dell&#8217;isola di Phuket,\u00a0mentre vi godete la cena a buffet con piatti della cucina Thai.<\/p>\n<p><b>LUNEDI&#8217;<\/b> \u2013 Sveglia nel paradiso tropicale del Parco Nazionale delle Similan. La prima immersone di oggi \u00e8 alle 8:00 ad <a href=\"https:\/\/www.diving-thailand-phuket.com\/it\/anitas-reef-sito-dimmaersione-alle-similan\/\">Anita&#8217;s Reef<\/a> (Similan #5 \u2013 Koh Ha), una bella e facile immersione per iniziare. Dopo una sana colazione abbiamo tempo di riposarci fino al secondo tuffo che \u00e8 alle 11:30 a <a href=\"https:\/\/www.diving-thailand-phuket.com\/it\/west-of-eden-sito-dimmersione-alle-similan\/\">West of Eden<\/a> (Similan #7 \u2013 Koh Pabu), straordinaria combinazione di grandi massi e letti di corallo molle e duro. Emergiamo e siamo pronti per il pranzo. Alle 15:00 immersione tra i giganteschi massi granitici di <a href=\"https:\/\/www.diving-thailand-phuket.com\/it\/elephant-head-sito-dimmersione-alle-similan\/\">Elephant Head Rock<\/a> (Hin Pusar), seguita da uno spuntino e l&#8217;opportunit\u00e0, nel tardo pomeriggio, di visitare la spiaggia ed il belvedere dell&#8217;isola di Similan. L&#8217;immersione numero undici sar\u00e0 una notturna (7:00), di solito a <a href=\"https:\/\/www.diving-thailand-phuket.com\/it\/donald-duck-bay-sito-dimmersione-alle-similan\/\">Donald Duck Bay<\/a> (Ao Guerk). Trascorriamo poi la notte in una baia ridossata. Rilassatevi, leggete un libro o guardate un film.<\/p>\n<p><b>MARTEDI&#8217;<\/b> \u2013 La vostra sveglia, per il secondo giorno, sar\u00e0 il rumore della barca che lascia l&#8217;isola di Similan per dirigersi verso Koh Bon. Le immersioni numero dodici (7:30) e tredici (11:00) saranno a <a href=\"https:\/\/www.diving-thailand-phuket.com\/it\/koh-bon-island-immersioni-alle-isole-similan-thailandia\/\">Koh Bon Pinnacle e Koh Bon West Ridge<\/a>. La corrente decider\u00e0 l&#8217;ordine delle immersioni, vista la necessit\u00e0 della sua presenza per un&#8217;ottimale Koh Bon Pinnacle, (incrociate le dita per le Mante!!). Per l&#8217;immersione numero quattordici, il Giamani si sposta a Nord verso <a href=\"https:\/\/www.diving-thailand-phuket.com\/it\/koh-tachai\/\">Koh Tachai<\/a> , con il terzo tuffo del giorno (14:30) al Koh Tachai Pinnacle (altro sito di Mante!). A Koh Tachai abbiamo un&#8217;altra opportunit\u00e0 per scendere a terra, seguita da un&#8217;immersione al tramonto (18:00). Sar\u00e0 alla barriera Est od Ovest di Koh Tachai a seconda della direzione del vento. Pernottiamo a bordo in Koh Tachai e ci rilassiamo con la cena, un libro, un film od il racconto di quanto visto oggi in acqua.<\/p>\n<p><b>MERCOLEDI&#8217;<\/b> \u2013 L&#8217;immersion numero sedici sar\u00e0 ancora a Koh Tachai Pinnacle. Essendo la prima della giornata potrete scendere a profondit\u00e0 maggiori e visitare zone non raggiunte Marted\u00ec. Poi via verso il &#8220;Gioiello della Corona&#8221;, <a href=\"https:\/\/www.diving-thailand-phuket.com\/it\/richelieu-rock-miglior-sito-dimmersione-in-thailandia\/\">Richelieu Rock<\/a>, per le immersioni diciassette e diciotto. La diciannove sar\u00e0 al tramonto a Richelieu Rock tranne che ci siano avverse condizioni meteo-marine o voi siate stufi di Richelieu Rock (questa voglio proprio vederla), nel qual caso sar\u00e0 un notturna (19:30-20:00 quando arriviamo) al Boonsung Wreck. In ogni caso navigheremo poi verso Khao Lak dove il Giamani pernotter\u00e0.<\/p>\n<p><b>GIOVEDI&#8217;<\/b> \u2013 Oggi un inizio leggermente anticipato (7:00) per un&#8217;immersione poco conosciuta, quella sul relitto del MV Sea Chart, &#8220;The Teak Wreck&#8221;. E&#8217; una barca in metallo, affondata nel 2009, che traportava 1.200 tronchi di Teak Birmano. L&#8217;ultima immersione, la ventuno (9:30), sar\u00e0 poi in un bel sito di micro-fauna marina sul relitto del Naiyak (\u201cCondreco\u201d). Quando tutti saranno nuovamente a bordo, il Giamani far\u00e0 rotta verso la baia di Chalong, con tempo sufficiente per sciacquare ed anche asciugare l&#8217;attrezzatura, fare i bagagli, compilare il libretto delle immersioni, scambiarsi gli indirizzi e-mail ed addirittura rilassarsi ancora sui materassini di poppa del ponte principale, eventualmente in compagnia di una buona birra. L&#8217;arrivo al molo di Chalong \u00e8 previsto intorno alle 17:00.<\/p>\n<p>&nbsp;<\/p>\n<h4 style=\"text-align: center;\"><a href=\"https:\/\/www.diving-thailand-phuket.com\/it\/crociere-sub-thailandia\/mv-giamani\/#schedule\"><strong>&gt;&gt; Vai al Programma Crociere MV Giamani<\/strong><\/a><\/h4>\n","protected":false},"excerpt":{"rendered":"<p>Crociera Combo. Unione di Crociera Sud e successiva Crociera Nord, con immersioni ad\u00a0Hin Deang, Hin Muang, Koh Haa, Isole Phi Phi, Similan, Surin &amp; Richelieu Rock. 21 Immersioni &#8211; 6 Giorni \/ 6 Notti \u2013 Partenza ogni Venerd\u00ec sera. VENERDI&#8217;\u00a0\u2013 Il MV Giamani parte a sera dal molo di Chalong e, mentre si cena, fa [&hellip;]<\/p>\n","protected":false},"author":3,"featured_media":6907,"parent":0,"menu_order":0,"comment_status":"closed","ping_status":"open","template":"","meta":{"_et_pb_use_builder":"","_et_pb_old_content":"","_et_gb_content_width":"","footnotes":""},"class_list":["post-4364","page","type-page","status-publish","has-post-thumbnail","hentry"],"yoast_head":"<!-- This site is optimized with the Yoast SEO plugin v25.1 - https:\/\/yoast.com\/wordpress\/plugins\/seo\/ -->\n<title>6 Giorni Crociera Combo Sud &amp; Nord<\/title>\n<meta name=\"description\" content=\"Crociera di 6 giorni in Thailandia sul MV Giamani. Combinazione di Crociera Sud e Crociera Nord, con immersioni a Sud di Phuket ed alle Isole Similan, Surin e Richelieu Rock. 6 giorni di stupende immersioni con il Colona Liveaboards.\" \/>\n<meta name=\"robots\" content=\"index, follow, max-snippet:-1, max-image-preview:large, max-video-preview:-1\" \/>\n<link rel=\"canonical\" href=\"https:\/\/www.diving-thailand-phuket.com\/it\/mv-giamani-6-giorni-crociera-sud-nord\/\" \/>\n<meta property=\"og:locale\" content=\"it_IT\" \/>\n<meta property=\"og:type\" content=\"article\" \/>\n<meta property=\"og:title\" content=\"6 Giorni Crociera Combo Sud &amp; Nord\" \/>\n<meta property=\"og:description\" content=\"Crociera di 6 giorni in Thailandia sul MV Giamani. Combinazione di Crociera Sud e Crociera Nord, con immersioni a Sud di Phuket ed alle Isole Similan, Surin e Richelieu Rock. 6 giorni di stupende immersioni con il Colona Liveaboards.\" \/>\n<meta property=\"og:url\" content=\"https:\/\/www.diving-thailand-phuket.com\/it\/mv-giamani-6-giorni-crociera-sud-nord\/\" \/>\n<meta property=\"og:site_name\" content=\"Diving in Phuket Thailand\" \/>\n<meta property=\"article:modified_time\" content=\"2017-10-23T11:33:16+00:00\" \/>\n<meta property=\"og:image\" content=\"https:\/\/i0.wp.com\/www.diving-thailand-phuket.com\/wp-content\/uploads\/2016\/07\/Giamani-back-12-4.jpg?fit=1200%2C400&ssl=1\" \/>\n\t<meta property=\"og:image:width\" content=\"1200\" \/>\n\t<meta property=\"og:image:height\" content=\"400\" \/>\n\t<meta property=\"og:image:type\" content=\"image\/jpeg\" \/>\n<meta name=\"twitter:label1\" content=\"Est. reading time\" \/>\n\t<meta name=\"twitter:data1\" content=\"4 minutes\" \/>\n<script type=\"application\/ld+json\" class=\"yoast-schema-graph\">{\"@context\":\"https:\/\/schema.org\",\"@graph\":[{\"@type\":\"WebPage\",\"@id\":\"https:\/\/www.diving-thailand-phuket.com\/it\/mv-giamani-6-giorni-crociera-sud-nord\/\",\"url\":\"https:\/\/www.diving-thailand-phuket.com\/it\/mv-giamani-6-giorni-crociera-sud-nord\/\",\"name\":\"6 Giorni Crociera Combo Sud & Nord\",\"isPartOf\":{\"@id\":\"https:\/\/www.diving-thailand-phuket.com\/#website\"},\"primaryImageOfPage\":{\"@id\":\"https:\/\/www.diving-thailand-phuket.com\/it\/mv-giamani-6-giorni-crociera-sud-nord\/#primaryimage\"},\"image\":{\"@id\":\"https:\/\/www.diving-thailand-phuket.com\/it\/mv-giamani-6-giorni-crociera-sud-nord\/#primaryimage\"},\"thumbnailUrl\":\"https:\/\/i0.wp.com\/www.diving-thailand-phuket.com\/wp-content\/uploads\/2016\/07\/Giamani-back-12-4.jpg?fit=1200%2C400&ssl=1\",\"datePublished\":\"2016-07-04T11:23:47+00:00\",\"dateModified\":\"2017-10-23T11:33:16+00:00\",\"description\":\"Crociera di 6 giorni in Thailandia sul MV Giamani. Combinazione di Crociera Sud e Crociera Nord, con immersioni a Sud di Phuket ed alle Isole Similan, Surin e Richelieu Rock. 6 giorni di stupende immersioni con il Colona Liveaboards.\",\"breadcrumb\":{\"@id\":\"https:\/\/www.diving-thailand-phuket.com\/it\/mv-giamani-6-giorni-crociera-sud-nord\/#breadcrumb\"},\"inLanguage\":\"it-IT\",\"potentialAction\":[{\"@type\":\"ReadAction\",\"target\":[\"https:\/\/www.diving-thailand-phuket.com\/it\/mv-giamani-6-giorni-crociera-sud-nord\/\"]}]},{\"@type\":\"ImageObject\",\"inLanguage\":\"it-IT\",\"@id\":\"https:\/\/www.diving-thailand-phuket.com\/it\/mv-giamani-6-giorni-crociera-sud-nord\/#primaryimage\",\"url\":\"https:\/\/i0.wp.com\/www.diving-thailand-phuket.com\/wp-content\/uploads\/2016\/07\/Giamani-back-12-4.jpg?fit=1200%2C400&ssl=1\",\"contentUrl\":\"https:\/\/i0.wp.com\/www.diving-thailand-phuket.com\/wp-content\/uploads\/2016\/07\/Giamani-back-12-4.jpg?fit=1200%2C400&ssl=1\",\"width\":1200,\"height\":400,\"caption\":\"MV Giamani - Crociere in Thailandia\"},{\"@type\":\"BreadcrumbList\",\"@id\":\"https:\/\/www.diving-thailand-phuket.com\/it\/mv-giamani-6-giorni-crociera-sud-nord\/#breadcrumb\",\"itemListElement\":[{\"@type\":\"ListItem\",\"position\":1,\"name\":\"Home\",\"item\":\"https:\/\/www.diving-thailand-phuket.com\/it\/\"},{\"@type\":\"ListItem\",\"position\":2,\"name\":\"MV Giamani &#8211; 6 Giorni Crociera Sud &#038; Nord\"}]},{\"@type\":\"WebSite\",\"@id\":\"https:\/\/www.diving-thailand-phuket.com\/#website\",\"url\":\"https:\/\/www.diving-thailand-phuket.com\/\",\"name\":\"Diving in Phuket Thailand\",\"description\":\"Best Diving in Thailand\",\"potentialAction\":[{\"@type\":\"SearchAction\",\"target\":{\"@type\":\"EntryPoint\",\"urlTemplate\":\"https:\/\/www.diving-thailand-phuket.com\/?s={search_term_string}\"},\"query-input\":{\"@type\":\"PropertyValueSpecification\",\"valueRequired\":true,\"valueName\":\"search_term_string\"}}],\"inLanguage\":\"it-IT\"}]}<\/script>\n<!-- \/ Yoast SEO plugin. -->","yoast_head_json":{"title":"6 Giorni Crociera Combo Sud & Nord","description":"Crociera di 6 giorni in Thailandia sul MV Giamani. Combinazione di Crociera Sud e Crociera Nord, con immersioni a Sud di Phuket ed alle Isole Similan, Surin e Richelieu Rock. 6 giorni di stupende immersioni con il Colona Liveaboards.","robots":{"index":"index","follow":"follow","max-snippet":"max-snippet:-1","max-image-preview":"max-image-preview:large","max-video-preview":"max-video-preview:-1"},"canonical":"https:\/\/www.diving-thailand-phuket.com\/it\/mv-giamani-6-giorni-crociera-sud-nord\/","og_locale":"it_IT","og_type":"article","og_title":"6 Giorni Crociera Combo Sud & Nord","og_description":"Crociera di 6 giorni in Thailandia sul MV Giamani. Combinazione di Crociera Sud e Crociera Nord, con immersioni a Sud di Phuket ed alle Isole Similan, Surin e Richelieu Rock. 6 giorni di stupende immersioni con il Colona Liveaboards.","og_url":"https:\/\/www.diving-thailand-phuket.com\/it\/mv-giamani-6-giorni-crociera-sud-nord\/","og_site_name":"Diving in Phuket Thailand","article_modified_time":"2017-10-23T11:33:16+00:00","og_image":[{"width":1200,"height":400,"url":"https:\/\/i0.wp.com\/www.diving-thailand-phuket.com\/wp-content\/uploads\/2016\/07\/Giamani-back-12-4.jpg?fit=1200%2C400&ssl=1","type":"image\/jpeg"}],"twitter_misc":{"Est. reading time":"4 minutes"},"schema":{"@context":"https:\/\/schema.org","@graph":[{"@type":"WebPage","@id":"https:\/\/www.diving-thailand-phuket.com\/it\/mv-giamani-6-giorni-crociera-sud-nord\/","url":"https:\/\/www.diving-thailand-phuket.com\/it\/mv-giamani-6-giorni-crociera-sud-nord\/","name":"6 Giorni Crociera Combo Sud & Nord","isPartOf":{"@id":"https:\/\/www.diving-thailand-phuket.com\/#website"},"primaryImageOfPage":{"@id":"https:\/\/www.diving-thailand-phuket.com\/it\/mv-giamani-6-giorni-crociera-sud-nord\/#primaryimage"},"image":{"@id":"https:\/\/www.diving-thailand-phuket.com\/it\/mv-giamani-6-giorni-crociera-sud-nord\/#primaryimage"},"thumbnailUrl":"https:\/\/i0.wp.com\/www.diving-thailand-phuket.com\/wp-content\/uploads\/2016\/07\/Giamani-back-12-4.jpg?fit=1200%2C400&ssl=1","datePublished":"2016-07-04T11:23:47+00:00","dateModified":"2017-10-23T11:33:16+00:00","description":"Crociera di 6 giorni in Thailandia sul MV Giamani. Combinazione di Crociera Sud e Crociera Nord, con immersioni a Sud di Phuket ed alle Isole Similan, Surin e Richelieu Rock. 6 giorni di stupende immersioni con il Colona Liveaboards.","breadcrumb":{"@id":"https:\/\/www.diving-thailand-phuket.com\/it\/mv-giamani-6-giorni-crociera-sud-nord\/#breadcrumb"},"inLanguage":"it-IT","potentialAction":[{"@type":"ReadAction","target":["https:\/\/www.diving-thailand-phuket.com\/it\/mv-giamani-6-giorni-crociera-sud-nord\/"]}]},{"@type":"ImageObject","inLanguage":"it-IT","@id":"https:\/\/www.diving-thailand-phuket.com\/it\/mv-giamani-6-giorni-crociera-sud-nord\/#primaryimage","url":"https:\/\/i0.wp.com\/www.diving-thailand-phuket.com\/wp-content\/uploads\/2016\/07\/Giamani-back-12-4.jpg?fit=1200%2C400&ssl=1","contentUrl":"https:\/\/i0.wp.com\/www.diving-thailand-phuket.com\/wp-content\/uploads\/2016\/07\/Giamani-back-12-4.jpg?fit=1200%2C400&ssl=1","width":1200,"height":400,"caption":"MV Giamani - Crociere in Thailandia"},{"@type":"BreadcrumbList","@id":"https:\/\/www.diving-thailand-phuket.com\/it\/mv-giamani-6-giorni-crociera-sud-nord\/#breadcrumb","itemListElement":[{"@type":"ListItem","position":1,"name":"Home","item":"https:\/\/www.diving-thailand-phuket.com\/it\/"},{"@type":"ListItem","position":2,"name":"MV Giamani &#8211; 6 Giorni Crociera Sud &#038; Nord"}]},{"@type":"WebSite","@id":"https:\/\/www.diving-thailand-phuket.com\/#website","url":"https:\/\/www.diving-thailand-phuket.com\/","name":"Diving in Phuket Thailand","description":"Best Diving in Thailand","potentialAction":[{"@type":"SearchAction","target":{"@type":"EntryPoint","urlTemplate":"https:\/\/www.diving-thailand-phuket.com\/?s={search_term_string}"},"query-input":{"@type":"PropertyValueSpecification","valueRequired":true,"valueName":"search_term_string"}}],"inLanguage":"it-IT"}]}},"jetpack_sharing_enabled":true,"_links":{"self":[{"href":"https:\/\/www.diving-thailand-phuket.com\/it\/wp-json\/wp\/v2\/pages\/4364","targetHints":{"allow":["GET"]}}],"collection":[{"href":"https:\/\/www.diving-thailand-phuket.com\/it\/wp-json\/wp\/v2\/pages"}],"about":[{"href":"https:\/\/www.diving-thailand-phuket.com\/it\/wp-json\/wp\/v2\/types\/page"}],"author":[{"embeddable":true,"href":"https:\/\/www.diving-thailand-phuket.com\/it\/wp-json\/wp\/v2\/users\/3"}],"replies":[{"embeddable":true,"href":"https:\/\/www.diving-thailand-phuket.com\/it\/wp-json\/wp\/v2\/comments?post=4364"}],"version-history":[{"count":0,"href":"https:\/\/www.diving-thailand-phuket.com\/it\/wp-json\/wp\/v2\/pages\/4364\/revisions"}],"wp:featuredmedia":[{"embeddable":true,"href":"https:\/\/www.diving-thailand-phuket.com\/it\/wp-json\/wp\/v2\/media\/6907"}],"wp:attachment":[{"href":"https:\/\/www.diving-thailand-phuket.com\/it\/wp-json\/wp\/v2\/media?parent=4364"}],"curies":[{"name":"wp","href":"https:\/\/api.w.org\/{rel}","templated":true}]}}