{"id":4349,"date":"2016-06-30T22:50:39","date_gmt":"2016-06-30T15:50:39","guid":{"rendered":"https:\/\/www.diving-thailand-phuket.com\/it\/deep-andaman-queen\/"},"modified":"2018-10-09T19:02:07","modified_gmt":"2018-10-09T12:02:07","slug":"deep-andaman-queen","status":"publish","type":"page","link":"https:\/\/www.diving-thailand-phuket.com\/it\/crociere-sub-thailandia\/deep-andaman-queen\/","title":{"rendered":"Deep Andaman Queen"},"content":{"rendered":"<p>La Deep Andaman Queen \u00e8 una ben nota Barca da Crociere Subacquee che opera nel Mare delle Andamane. Lunga 28,5 mt e larga 7 mt, con due propulsori e scafo in acciaio, \u00e8 tra le Barche con i pi\u00f9 alti standards di sicurezza. La Deep Andaman Queen pu\u00f2 ospitare 21 Subacquei in Cabine con aria-condizionata e bagno privato. Nitrox disponibile a bordo. <a href=\"#cabin\">Leggi&#8230;<\/a><\/p>\n<p>La Deep Andaman Queen offre diverse tipologie di cabine, tutte con aria condizionata e bagno privato con acqua calda. \u00a0Al ponte inferiore si trovano una cabina Doppia, una Tripla ed una Quadrupla, tutte con letti a castello, mentre al ponte principale vi sono 3 cabine VIP Matrimoniali e 2 VIP Doppie. La Cabina Master \u00e8 una delle pi\u00f9 spaziose che si possano trovare sulle Barche da Crociere Subacquee in Thailandia, con ampie finestre e set privato di TV + DVD.<\/p>\n<p>Il ponte Subacquei \u00e8 largo e comodo, ed offre una delle pi\u00f9 ampie plance d&#8217;immersione disponibili in quest&#8217;area. I Subacquei prepareranno la loro attrezzatura il primo giorno e la lasceranno nel posto assegnato per tutta la durata della Crociera, con la bombola ricaricata in sito dopo ogni immersione. Il MV Deep Andaman Queen \u00e8 una Barca da Crociera che offre un&#8217;ottima esperienza subacquea ad un prezzo ragionevole.<\/p>\n<p style=\"text-align: right;\">Necessiti assistenza? Chiama\u00a0<strong>+66 86 120 5668<\/strong><\/p>\n<p>[lvb_deepandaman]<\/p>\n<p><em><strong>Nota:<\/strong>\u00a0Tutti i prezzi sono in Thai Baht \/ persona e basati su camera doppia condivisa.<\/em><\/p>\n<p><span style=\"color: #339966;\"><strong>Come prenotare la tua Crociera:<\/strong>\u00a0<\/span>Per confermare una prenotazione ci occorre solo un deposito del 30%. Facci sapere le date che ti interessano e ti invieremo le istruzioni necessarie. Accettiamo le principali Carte di Credito, PayPal e bonifici bancari. Non aggiungiamo commissioni ai pagamenti con Carte di Credito. <strong><span style=\"color: #ff6600;\">Scegli ora la tua Crociera e Cabina!<\/span><\/strong><\/p>\n<p><strong>Incluso nel prezzo:<\/strong>\u00a0Esperta guida subacquea, bombole da 12Lt, pesi &amp; cintura, pasti, bibite, frutta e spuntini, tea e caff\u00e8, trasferimenti da\/per tutti gli alberghi di Phuket e Khao Lak.<\/p>\n<p><strong>NON incluso nel prezzo:<\/strong>\u00a0Noleggio attrezzatura subacquea, alcolici, tasse Parchi Marini, tasse d&#8217;ingresso in Myanmar (se applicabile), Nitrox, bombole da 15Lt.<\/p>\n<p>&nbsp;<\/p>\n<h2>Deep Andaman Queen: Itinerario Crociere<\/h2>\n<p><span style=\"color: #00ffff;\"><strong><span style=\"color: #3366ff;\">Isole Similan &amp; Myanmar Arcipelago Mergui &#8211; 8 Giorni \/ 7 Notti<\/span>\u00a0<\/strong><\/span><\/p>\n<ul>\n<li>Giorno 1: 15:00-18:00 \u2013 Pick up e trasferimento al molo di Tab Lamu. 20:00 \u2013 Imbarco sul MV Deep Andaman Queen, al molo di Tab Lamu, e navigazione notturna verso i fantastici punti d&#8217;immersione delle Isole Similan.<\/li>\n<li>Giorno 2: Immersioni alle Similan.<\/li>\n<li>Giorno 3: Formalit\u00e0 d&#8217;immigrazione a Kawthung e navigazione verso le isole del Myanmar. Immersioni a High Rock e Shark Cave.<\/li>\n<li>Giorno 4: Immersioni a Black Rock.<\/li>\n<li>Giorno 5:\u00a0North Twin, Shark Cave e Stewart Island.<\/li>\n<li>Giorno 6: Western Rocky.<\/li>\n<li>Giorno 7: Immersione a Western Rocky, poi ritorno a Kawthung per uscire dal Myanmar e rientrare in Thailandia.<\/li>\n<li>Giorno 8: Ultima immersione a Boonsoong Wreck. 15:00\u00a0 \u2013 Sbarco al molo di Tab Lamu. 15:00 \u2013 18:00 \u2013 Trasferimento in Aeroporto e\/o Alberghi di Phuket e Khao Lak.<\/li>\n<\/ul>\n<p><span style=\"color: #3366ff;\"><strong>Isole Similan, Koh Bon, Koh Tachai &amp; Richelieu Rock &#8211; 4 Giorni \/ 4 Notti<\/strong><\/span><\/p>\n<ul>\n<li>Giorno 1: 15:00-18:00 \u2013 Pick up e trasferimento al molo di Tab Lamu. 20:00 \u2013 Imbarco sul MV Deep Andaman Queen, al molo di Tab Lamu, e navigazione notturna verso i fantastici punti d&#8217;immersione delle Isole Similan.<\/li>\n<li>Giorno 2: 4 immersioni alle Isole Similan.<\/li>\n<li>Giorno 3: 2 immersioni alle Similan, 1 immersione a Koh Bon ed 1 a Koh Tachai.<\/li>\n<li>Giorno 4: Immersione del mattino a Tachai Island pi\u00f9 3 immersioni a Richelieu Rock.<\/li>\n<li>Ultimo Giorno: 1 immersione all&#8217;isola di Koh Bon pi\u00f9 1 al Bonsoon Wreck.\u00a0Ritorno al molo di Tab Lamu alle 15:30 e trasferimento in Albergo.<\/li>\n<\/ul>\n<h2>Dati Tecnici<\/h2>\n<ul>\n<li>La Deep Andaman Queen \u00e8 stata ristrutturata nel 2012.<\/li>\n<li>Lunghezza 28 mt (94 ft) | Larghezza 7 mt (17 ft) | Pescaggio 2.5 mt (8 ft).<\/li>\n<li>Enriched Air (Nitrox) disponibile a bordo. Elettricit\u00e0 a 220 Volt in tutte le cabine, 24 ore al giorno.<\/li>\n<li>Aria-condizionata, Giubbotti salvataggio in ogni cabina.<\/li>\n<li>Numero massimo ospiti: 21.<\/li>\n<li>Attrezzature nautiche: GPS, Eco-scandaglio, Radio VHF, Radio Marina,\u00a0Radar,\u00a0Radio-telefono.<\/li>\n<li>Telefono portatile.<\/li>\n<li>2 x Zattere di salvataggio &amp;\u00a08 x salvagenti.<\/li>\n<li>2 x gommoni da 4 mt, a chiglia rigida, con fuoribordo da 40 hp.<\/li>\n<li>Ossigeno 50,000 Lt \u2014 tutte le guide certificate per somministrazione ossigeno.<\/li>\n<li>Sistema antincendio &amp; Piano d&#8217;evacuazione d&#8217;emergenza.<\/li>\n<li>Membro affiliato della Camera Iperbarica di Phuket.<\/li>\n<li>Ponte Subacquei di 6 mt x 9 mt.<\/li>\n<\/ul>\n<h2>Contatto Colona Liveaboards<\/h2>\n<p>[gravityform id=&#8221;9&#8243; title=&#8221;true&#8221; description=&#8221;true&#8221;]<\/p>\n","protected":false},"excerpt":{"rendered":"<p>La Deep Andaman Queen \u00e8 una ben nota Barca da Crociere Subacquee che opera nel Mare delle Andamane. Lunga 28,5 mt e larga 7 mt, con due propulsori e scafo in acciaio, \u00e8 tra le Barche con i pi\u00f9 alti standards di sicurezza. La Deep Andaman Queen pu\u00f2 ospitare 21 Subacquei in Cabine con aria-condizionata [&hellip;]<\/p>\n","protected":false},"author":3,"featured_media":0,"parent":4366,"menu_order":5,"comment_status":"closed","ping_status":"closed","template":"","meta":{"_et_pb_use_builder":"","_et_pb_old_content":"","_et_gb_content_width":"","footnotes":""},"class_list":["post-4349","page","type-page","status-publish","hentry"],"yoast_head":"<!-- This site is optimized with the Yoast SEO plugin v25.1 - https:\/\/yoast.com\/wordpress\/plugins\/seo\/ -->\n<title>Deep Andaman Queen - Barca per Crociere Subacquee in Thailandia.<\/title>\n<meta name=\"description\" content=\"Deep Andaman Queen - Barca per Crociere Subacquee alle Isole Similan, Richelieu Rock, Isole Mergui e Burma (Myanmar).\" \/>\n<meta name=\"robots\" content=\"index, follow, max-snippet:-1, max-image-preview:large, max-video-preview:-1\" \/>\n<link rel=\"canonical\" href=\"https:\/\/www.diving-thailand-phuket.com\/it\/crociere-sub-thailandia\/deep-andaman-queen\/\" \/>\n<meta property=\"og:locale\" content=\"it_IT\" \/>\n<meta property=\"og:type\" content=\"article\" \/>\n<meta property=\"og:title\" content=\"Deep Andaman Queen - Barca per Crociere Subacquee in Thailandia.\" \/>\n<meta property=\"og:description\" content=\"Deep Andaman Queen - Barca per Crociere Subacquee alle Isole Similan, Richelieu Rock, Isole Mergui e Burma (Myanmar).\" \/>\n<meta property=\"og:url\" content=\"https:\/\/www.diving-thailand-phuket.com\/it\/crociere-sub-thailandia\/deep-andaman-queen\/\" \/>\n<meta property=\"og:site_name\" content=\"Diving in Phuket Thailand\" \/>\n<meta property=\"article:modified_time\" content=\"2018-10-09T12:02:07+00:00\" \/>\n<meta name=\"twitter:label1\" content=\"Est. reading time\" \/>\n\t<meta name=\"twitter:data1\" content=\"3 minutes\" \/>\n<script type=\"application\/ld+json\" class=\"yoast-schema-graph\">{\"@context\":\"https:\/\/schema.org\",\"@graph\":[{\"@type\":\"WebPage\",\"@id\":\"https:\/\/www.diving-thailand-phuket.com\/it\/crociere-sub-thailandia\/deep-andaman-queen\/\",\"url\":\"https:\/\/www.diving-thailand-phuket.com\/it\/crociere-sub-thailandia\/deep-andaman-queen\/\",\"name\":\"Deep Andaman Queen - Barca per Crociere Subacquee in Thailandia.\",\"isPartOf\":{\"@id\":\"https:\/\/www.diving-thailand-phuket.com\/#website\"},\"datePublished\":\"2016-06-30T15:50:39+00:00\",\"dateModified\":\"2018-10-09T12:02:07+00:00\",\"description\":\"Deep Andaman Queen - Barca per Crociere Subacquee alle Isole Similan, Richelieu Rock, Isole Mergui e Burma (Myanmar).\",\"breadcrumb\":{\"@id\":\"https:\/\/www.diving-thailand-phuket.com\/it\/crociere-sub-thailandia\/deep-andaman-queen\/#breadcrumb\"},\"inLanguage\":\"it-IT\",\"potentialAction\":[{\"@type\":\"ReadAction\",\"target\":[\"https:\/\/www.diving-thailand-phuket.com\/it\/crociere-sub-thailandia\/deep-andaman-queen\/\"]}]},{\"@type\":\"BreadcrumbList\",\"@id\":\"https:\/\/www.diving-thailand-phuket.com\/it\/crociere-sub-thailandia\/deep-andaman-queen\/#breadcrumb\",\"itemListElement\":[{\"@type\":\"ListItem\",\"position\":1,\"name\":\"Home\",\"item\":\"https:\/\/www.diving-thailand-phuket.com\/it\/\"},{\"@type\":\"ListItem\",\"position\":2,\"name\":\"Thailand Liveaboards\",\"item\":\"https:\/\/www.diving-thailand-phuket.com\/it\/crociere-sub-thailandia\/\"},{\"@type\":\"ListItem\",\"position\":3,\"name\":\"Deep Andaman Queen\"}]},{\"@type\":\"WebSite\",\"@id\":\"https:\/\/www.diving-thailand-phuket.com\/#website\",\"url\":\"https:\/\/www.diving-thailand-phuket.com\/\",\"name\":\"Diving in Phuket Thailand\",\"description\":\"Best Diving in Thailand\",\"potentialAction\":[{\"@type\":\"SearchAction\",\"target\":{\"@type\":\"EntryPoint\",\"urlTemplate\":\"https:\/\/www.diving-thailand-phuket.com\/?s={search_term_string}\"},\"query-input\":{\"@type\":\"PropertyValueSpecification\",\"valueRequired\":true,\"valueName\":\"search_term_string\"}}],\"inLanguage\":\"it-IT\"}]}<\/script>\n<!-- \/ Yoast SEO plugin. -->","yoast_head_json":{"title":"Deep Andaman Queen - Barca per Crociere Subacquee in Thailandia.","description":"Deep Andaman Queen - Barca per Crociere Subacquee alle Isole Similan, Richelieu Rock, Isole Mergui e Burma (Myanmar).","robots":{"index":"index","follow":"follow","max-snippet":"max-snippet:-1","max-image-preview":"max-image-preview:large","max-video-preview":"max-video-preview:-1"},"canonical":"https:\/\/www.diving-thailand-phuket.com\/it\/crociere-sub-thailandia\/deep-andaman-queen\/","og_locale":"it_IT","og_type":"article","og_title":"Deep Andaman Queen - Barca per Crociere Subacquee in Thailandia.","og_description":"Deep Andaman Queen - Barca per Crociere Subacquee alle Isole Similan, Richelieu Rock, Isole Mergui e Burma (Myanmar).","og_url":"https:\/\/www.diving-thailand-phuket.com\/it\/crociere-sub-thailandia\/deep-andaman-queen\/","og_site_name":"Diving in Phuket Thailand","article_modified_time":"2018-10-09T12:02:07+00:00","twitter_misc":{"Est. reading time":"3 minutes"},"schema":{"@context":"https:\/\/schema.org","@graph":[{"@type":"WebPage","@id":"https:\/\/www.diving-thailand-phuket.com\/it\/crociere-sub-thailandia\/deep-andaman-queen\/","url":"https:\/\/www.diving-thailand-phuket.com\/it\/crociere-sub-thailandia\/deep-andaman-queen\/","name":"Deep Andaman Queen - Barca per Crociere Subacquee in Thailandia.","isPartOf":{"@id":"https:\/\/www.diving-thailand-phuket.com\/#website"},"datePublished":"2016-06-30T15:50:39+00:00","dateModified":"2018-10-09T12:02:07+00:00","description":"Deep Andaman Queen - Barca per Crociere Subacquee alle Isole Similan, Richelieu Rock, Isole Mergui e Burma (Myanmar).","breadcrumb":{"@id":"https:\/\/www.diving-thailand-phuket.com\/it\/crociere-sub-thailandia\/deep-andaman-queen\/#breadcrumb"},"inLanguage":"it-IT","potentialAction":[{"@type":"ReadAction","target":["https:\/\/www.diving-thailand-phuket.com\/it\/crociere-sub-thailandia\/deep-andaman-queen\/"]}]},{"@type":"BreadcrumbList","@id":"https:\/\/www.diving-thailand-phuket.com\/it\/crociere-sub-thailandia\/deep-andaman-queen\/#breadcrumb","itemListElement":[{"@type":"ListItem","position":1,"name":"Home","item":"https:\/\/www.diving-thailand-phuket.com\/it\/"},{"@type":"ListItem","position":2,"name":"Thailand Liveaboards","item":"https:\/\/www.diving-thailand-phuket.com\/it\/crociere-sub-thailandia\/"},{"@type":"ListItem","position":3,"name":"Deep Andaman Queen"}]},{"@type":"WebSite","@id":"https:\/\/www.diving-thailand-phuket.com\/#website","url":"https:\/\/www.diving-thailand-phuket.com\/","name":"Diving in Phuket Thailand","description":"Best Diving in Thailand","potentialAction":[{"@type":"SearchAction","target":{"@type":"EntryPoint","urlTemplate":"https:\/\/www.diving-thailand-phuket.com\/?s={search_term_string}"},"query-input":{"@type":"PropertyValueSpecification","valueRequired":true,"valueName":"search_term_string"}}],"inLanguage":"it-IT"}]}},"jetpack_sharing_enabled":true,"_links":{"self":[{"href":"https:\/\/www.diving-thailand-phuket.com\/it\/wp-json\/wp\/v2\/pages\/4349","targetHints":{"allow":["GET"]}}],"collection":[{"href":"https:\/\/www.diving-thailand-phuket.com\/it\/wp-json\/wp\/v2\/pages"}],"about":[{"href":"https:\/\/www.diving-thailand-phuket.com\/it\/wp-json\/wp\/v2\/types\/page"}],"author":[{"embeddable":true,"href":"https:\/\/www.diving-thailand-phuket.com\/it\/wp-json\/wp\/v2\/users\/3"}],"replies":[{"embeddable":true,"href":"https:\/\/www.diving-thailand-phuket.com\/it\/wp-json\/wp\/v2\/comments?post=4349"}],"version-history":[{"count":0,"href":"https:\/\/www.diving-thailand-phuket.com\/it\/wp-json\/wp\/v2\/pages\/4349\/revisions"}],"up":[{"embeddable":true,"href":"https:\/\/www.diving-thailand-phuket.com\/it\/wp-json\/wp\/v2\/pages\/4366"}],"wp:attachment":[{"href":"https:\/\/www.diving-thailand-phuket.com\/it\/wp-json\/wp\/v2\/media?parent=4349"}],"curies":[{"name":"wp","href":"https:\/\/api.w.org\/{rel}","templated":true}]}}