{"id":4301,"date":"2016-06-28T20:50:44","date_gmt":"2016-06-28T13:50:44","guid":{"rendered":"https:\/\/www.diving-thailand-phuket.com\/mv-oktavia\/?lang=it"},"modified":"2018-10-16T13:08:14","modified_gmt":"2018-10-16T06:08:14","slug":"mv-oktavia","status":"publish","type":"page","link":"https:\/\/www.diving-thailand-phuket.com\/it\/crociere-sub-thailandia\/mv-oktavia\/","title":{"rendered":"MV Oktavia"},"content":{"rendered":"<p>Il MV Oktavia, in Thailandia, \u00e8 una barca per Crociere Subacquee, o semplicemente per chi vuole godersi la bellezza di una Crociera tra esotiche isole tropicali. Di propriet\u00e0 e gestione Svedese, il MV Oktavia \u00e8 una comoda ed economica barca per immersioni, con personale subacqueo ed equipaggio cortese e professionale, che sapr\u00e0 rendere la Crociera sicuramente memorabile. <a href=\"#cabin\">Leggi&#8230;<\/a><\/p>\n<p>Il MV Oktavia ha 4 cabine matrimoniali e 5 con letti singoli (tutte le cabine ospitano solo due Clienti). Vi sono poi 2 cabine Master, con bagno privato, letto matrimoniale, mini-bar e la possibilit\u00e0 di aggiungere due materassi a pavimento per bambini.<\/p>\n<p>I subacquei che effettuato crociere a bordo del MV Oktavia si sentono sempre parte della famiglia. Anche gli snorkelisti possono godersi i fondali delle Isole Similan, con la guida a loro dedicata, mentre per i pi\u00f9 piccoli sono organizzate attivit\u00e0 quali &#8220;cacce al tesoro&#8221; sulle isole. Il men\u00f9 a bordo comprende piatti della cucina Thai ed Europea.<\/p>\n<p>[lvb_oktavia]<\/p>\n<p><em><strong>Nota:<\/strong>\u00a0Tutti i prezzi sono in Thai Baht \/ persona e basati su camera doppia. I Subacquei devono essere certificati PADI Advanced, od equivalente, per immersioni oltre i 18mt. Se non lo siete, potrete completare un \u201cDeep Adventure Dive\u201d per soli \u00a0THB 1,500.<\/em><\/p>\n<p><span style=\"color: #339966;\"><strong>Come prenotare la tua Crociera:<\/strong>\u00a0<\/span>Per confermare una prenotazione ci occorre solo un deposito del 30%. Facci sapere le date che ti interessano e ti invieremo le istruzioni necessarie. Accettiamo le principali Carte di Credito, PayPal e bonifici bancari. Non aggiungiamo commissioni ai pagamenti con Carte di Credito.\u00a0\u00a0<strong><span style=\"color: #ff6600;\">Scegli ora la tua Crociera e Cabina!<\/span><\/strong><\/p>\n<p><strong>Incluso nel prezzo:<\/strong>\u00a0Guida subacquea, bombole, pesi &amp; cintura, pasti, frutta e spuntini, assicurazione base per incidenti personali, un trasferimento con barca veloce per crociere da 2 e 3 giorni, trasferimenti a terra dagli alberghi centrali di Khao Lak (i trasferimenti dagli alberghi di Phuket, per le partenze serali, possono essere organizzati al prezzo di 500 baht\/persona\/tratta).<\/p>\n<p><strong>NON incluso nel prezzo:<\/strong>\u00a0Noleggio attrezzatura subacquea, bibite ed alcolici, tassa d&#8217;ingresso nel Parco Nazionale delle Isole Similan, THB 500, e tassa giornaliera subacquei di THB 200, per persona, pagabili localmente a bordo.<\/p>\n<p>&nbsp;<\/p>\n<h2>MV Oktavia: Itinerario Crociere<\/h2>\n<p>Giorno di partenza (Primo giorno a bordo del MV Oktavia):<\/p>\n<p>14:00 &#8211; 16:00: Pick-Up presso gli Alberghi di Phuket e Khao Lak.<br \/>\n16:00 &#8211; 17:00: Arrivo al molo di Thap Lamu.<br \/>\n17:00 &#8211; 18:00: Partenza per le Isole Similan.<br \/>\n19:00 &#8211; 20:00: Informazioni sulla Barca, presentazione dell&#8217;equipaggio, assegnazione della cabine, cena.<\/p>\n<p>Giornate d&#8217;immersioni (secondo la lunghezza della Crociera). Fino a 4 immersioni al giorno.<\/p>\n<p>Giorno di rientro (Ultimo giorno a bordo del MV Oktavia).<\/p>\n<p>07:00 &#8211; 12:00 2 immersioni, quando possibili.<br \/>\nPartenza per il molo di Thap Lamu (l&#8217;orario dipender\u00e0 dalla lunghezza della navigazio).<br \/>\nArrivo al molo di Thap Lamu (l&#8217;orario dipender\u00e0 dalla lunghezza della navigazione).<br \/>\nTrasferimento in Albergo, Aeroporto, o Centro Subacqueo (l&#8217;orario dipender\u00e0 dalla lunghezza del viaggio).<\/p>\n<h2 id=\"form\">Contatto Colona Liveaboards<\/h2>\n<p>[gravityform id=&#8221;12&#8243; title=&#8221;true&#8221; description=&#8221;true&#8221;]<\/p>\n<h3>Dati Tecnici<\/h3>\n<ul>\n<li>Materiale: Legno.<\/li>\n<li>Lunghezza: 29,5mt.<\/li>\n<li>Larghezza: 6,5mt.<\/li>\n<li>Pescaggio: 2,85mt.<\/li>\n<li>Velocit\u00e0 di crociera: 8-10 knots.<\/li>\n<li>Stazza: 149 tsl.<\/li>\n<li>Acqua: 20.000 lt.<\/li>\n<li>Carburante: 7.500 lt.<\/li>\n<li>Motori: 2 x Nissan Diesel 420 hp, 10 cilindri.<\/li>\n<li>Generatori: 2 x 50 kva.<\/li>\n<li>Elettricit\u00e0: 220 volts, 24 ore.<\/li>\n<li>Compressori: 2 x Bauer Mariner 250-Elettrici, con sistema di raffreddamento ad aria, e filtri aspirazione aria.<\/li>\n<li>Strutture: 4 Bagni di standards europei con docce ed acqua calda\/fredda. 2 Docce al ponte immersioni.<\/li>\n<\/ul>\n","protected":false},"excerpt":{"rendered":"<p>Il MV Oktavia, in Thailandia, \u00e8 una barca per Crociere Subacquee, o semplicemente per chi vuole godersi la bellezza di una Crociera tra esotiche isole tropicali. Di propriet\u00e0 e gestione Svedese, il MV Oktavia \u00e8 una comoda ed economica barca per immersioni, con personale subacqueo ed equipaggio cortese e professionale, che sapr\u00e0 rendere la Crociera [&hellip;]<\/p>\n","protected":false},"author":3,"featured_media":0,"parent":4366,"menu_order":7,"comment_status":"closed","ping_status":"open","template":"","meta":{"_et_pb_use_builder":"","_et_pb_old_content":"","_et_gb_content_width":"","footnotes":""},"class_list":["post-4301","page","type-page","status-publish","hentry"],"yoast_head":"<!-- This site is optimized with the Yoast SEO plugin v25.1 - https:\/\/yoast.com\/wordpress\/plugins\/seo\/ -->\n<title>MV Oktavia - Immersioni a Phuket &amp; Isole Similan, Thailandia.<\/title>\n<meta name=\"description\" content=\"MV Oktavia \u00e8 una Barca per Crociere adatta a famiglie e singoli, sia per immersioni che per solo rilassarsi e godersi ll mare delle Andamane e le Isole che lo popolano.\" \/>\n<meta name=\"robots\" content=\"index, follow, max-snippet:-1, max-image-preview:large, max-video-preview:-1\" \/>\n<link rel=\"canonical\" href=\"https:\/\/www.diving-thailand-phuket.com\/it\/crociere-sub-thailandia\/mv-oktavia\/\" \/>\n<meta property=\"og:locale\" content=\"it_IT\" \/>\n<meta property=\"og:type\" content=\"article\" \/>\n<meta property=\"og:title\" content=\"MV Oktavia - Immersioni a Phuket &amp; Isole Similan, Thailandia.\" \/>\n<meta property=\"og:description\" content=\"MV Oktavia \u00e8 una Barca per Crociere adatta a famiglie e singoli, sia per immersioni che per solo rilassarsi e godersi ll mare delle Andamane e le Isole che lo popolano.\" \/>\n<meta property=\"og:url\" content=\"https:\/\/www.diving-thailand-phuket.com\/it\/crociere-sub-thailandia\/mv-oktavia\/\" \/>\n<meta property=\"og:site_name\" content=\"Diving in Phuket Thailand\" \/>\n<meta property=\"article:modified_time\" content=\"2018-10-16T06:08:14+00:00\" \/>\n<meta name=\"twitter:label1\" content=\"Est. reading time\" \/>\n\t<meta name=\"twitter:data1\" content=\"3 minutes\" \/>\n<script type=\"application\/ld+json\" class=\"yoast-schema-graph\">{\"@context\":\"https:\/\/schema.org\",\"@graph\":[{\"@type\":\"WebPage\",\"@id\":\"https:\/\/www.diving-thailand-phuket.com\/it\/crociere-sub-thailandia\/mv-oktavia\/\",\"url\":\"https:\/\/www.diving-thailand-phuket.com\/it\/crociere-sub-thailandia\/mv-oktavia\/\",\"name\":\"MV Oktavia - Immersioni a Phuket & Isole Similan, Thailandia.\",\"isPartOf\":{\"@id\":\"https:\/\/www.diving-thailand-phuket.com\/#website\"},\"datePublished\":\"2016-06-28T13:50:44+00:00\",\"dateModified\":\"2018-10-16T06:08:14+00:00\",\"description\":\"MV Oktavia \u00e8 una Barca per Crociere adatta a famiglie e singoli, sia per immersioni che per solo rilassarsi e godersi ll mare delle Andamane e le Isole che lo popolano.\",\"breadcrumb\":{\"@id\":\"https:\/\/www.diving-thailand-phuket.com\/it\/crociere-sub-thailandia\/mv-oktavia\/#breadcrumb\"},\"inLanguage\":\"it-IT\",\"potentialAction\":[{\"@type\":\"ReadAction\",\"target\":[\"https:\/\/www.diving-thailand-phuket.com\/it\/crociere-sub-thailandia\/mv-oktavia\/\"]}]},{\"@type\":\"BreadcrumbList\",\"@id\":\"https:\/\/www.diving-thailand-phuket.com\/it\/crociere-sub-thailandia\/mv-oktavia\/#breadcrumb\",\"itemListElement\":[{\"@type\":\"ListItem\",\"position\":1,\"name\":\"Home\",\"item\":\"https:\/\/www.diving-thailand-phuket.com\/it\/\"},{\"@type\":\"ListItem\",\"position\":2,\"name\":\"Thailand Liveaboards\",\"item\":\"https:\/\/www.diving-thailand-phuket.com\/it\/crociere-sub-thailandia\/\"},{\"@type\":\"ListItem\",\"position\":3,\"name\":\"MV Oktavia\"}]},{\"@type\":\"WebSite\",\"@id\":\"https:\/\/www.diving-thailand-phuket.com\/#website\",\"url\":\"https:\/\/www.diving-thailand-phuket.com\/\",\"name\":\"Diving in Phuket Thailand\",\"description\":\"Best Diving in Thailand\",\"potentialAction\":[{\"@type\":\"SearchAction\",\"target\":{\"@type\":\"EntryPoint\",\"urlTemplate\":\"https:\/\/www.diving-thailand-phuket.com\/?s={search_term_string}\"},\"query-input\":{\"@type\":\"PropertyValueSpecification\",\"valueRequired\":true,\"valueName\":\"search_term_string\"}}],\"inLanguage\":\"it-IT\"}]}<\/script>\n<!-- \/ Yoast SEO plugin. -->","yoast_head_json":{"title":"MV Oktavia - Immersioni a Phuket & Isole Similan, Thailandia.","description":"MV Oktavia \u00e8 una Barca per Crociere adatta a famiglie e singoli, sia per immersioni che per solo rilassarsi e godersi ll mare delle Andamane e le Isole che lo popolano.","robots":{"index":"index","follow":"follow","max-snippet":"max-snippet:-1","max-image-preview":"max-image-preview:large","max-video-preview":"max-video-preview:-1"},"canonical":"https:\/\/www.diving-thailand-phuket.com\/it\/crociere-sub-thailandia\/mv-oktavia\/","og_locale":"it_IT","og_type":"article","og_title":"MV Oktavia - Immersioni a Phuket & Isole Similan, Thailandia.","og_description":"MV Oktavia \u00e8 una Barca per Crociere adatta a famiglie e singoli, sia per immersioni che per solo rilassarsi e godersi ll mare delle Andamane e le Isole che lo popolano.","og_url":"https:\/\/www.diving-thailand-phuket.com\/it\/crociere-sub-thailandia\/mv-oktavia\/","og_site_name":"Diving in Phuket Thailand","article_modified_time":"2018-10-16T06:08:14+00:00","twitter_misc":{"Est. reading time":"3 minutes"},"schema":{"@context":"https:\/\/schema.org","@graph":[{"@type":"WebPage","@id":"https:\/\/www.diving-thailand-phuket.com\/it\/crociere-sub-thailandia\/mv-oktavia\/","url":"https:\/\/www.diving-thailand-phuket.com\/it\/crociere-sub-thailandia\/mv-oktavia\/","name":"MV Oktavia - Immersioni a Phuket & Isole Similan, Thailandia.","isPartOf":{"@id":"https:\/\/www.diving-thailand-phuket.com\/#website"},"datePublished":"2016-06-28T13:50:44+00:00","dateModified":"2018-10-16T06:08:14+00:00","description":"MV Oktavia \u00e8 una Barca per Crociere adatta a famiglie e singoli, sia per immersioni che per solo rilassarsi e godersi ll mare delle Andamane e le Isole che lo popolano.","breadcrumb":{"@id":"https:\/\/www.diving-thailand-phuket.com\/it\/crociere-sub-thailandia\/mv-oktavia\/#breadcrumb"},"inLanguage":"it-IT","potentialAction":[{"@type":"ReadAction","target":["https:\/\/www.diving-thailand-phuket.com\/it\/crociere-sub-thailandia\/mv-oktavia\/"]}]},{"@type":"BreadcrumbList","@id":"https:\/\/www.diving-thailand-phuket.com\/it\/crociere-sub-thailandia\/mv-oktavia\/#breadcrumb","itemListElement":[{"@type":"ListItem","position":1,"name":"Home","item":"https:\/\/www.diving-thailand-phuket.com\/it\/"},{"@type":"ListItem","position":2,"name":"Thailand Liveaboards","item":"https:\/\/www.diving-thailand-phuket.com\/it\/crociere-sub-thailandia\/"},{"@type":"ListItem","position":3,"name":"MV Oktavia"}]},{"@type":"WebSite","@id":"https:\/\/www.diving-thailand-phuket.com\/#website","url":"https:\/\/www.diving-thailand-phuket.com\/","name":"Diving in Phuket Thailand","description":"Best Diving in Thailand","potentialAction":[{"@type":"SearchAction","target":{"@type":"EntryPoint","urlTemplate":"https:\/\/www.diving-thailand-phuket.com\/?s={search_term_string}"},"query-input":{"@type":"PropertyValueSpecification","valueRequired":true,"valueName":"search_term_string"}}],"inLanguage":"it-IT"}]}},"jetpack_sharing_enabled":true,"_links":{"self":[{"href":"https:\/\/www.diving-thailand-phuket.com\/it\/wp-json\/wp\/v2\/pages\/4301","targetHints":{"allow":["GET"]}}],"collection":[{"href":"https:\/\/www.diving-thailand-phuket.com\/it\/wp-json\/wp\/v2\/pages"}],"about":[{"href":"https:\/\/www.diving-thailand-phuket.com\/it\/wp-json\/wp\/v2\/types\/page"}],"author":[{"embeddable":true,"href":"https:\/\/www.diving-thailand-phuket.com\/it\/wp-json\/wp\/v2\/users\/3"}],"replies":[{"embeddable":true,"href":"https:\/\/www.diving-thailand-phuket.com\/it\/wp-json\/wp\/v2\/comments?post=4301"}],"version-history":[{"count":0,"href":"https:\/\/www.diving-thailand-phuket.com\/it\/wp-json\/wp\/v2\/pages\/4301\/revisions"}],"up":[{"embeddable":true,"href":"https:\/\/www.diving-thailand-phuket.com\/it\/wp-json\/wp\/v2\/pages\/4366"}],"wp:attachment":[{"href":"https:\/\/www.diving-thailand-phuket.com\/it\/wp-json\/wp\/v2\/media?parent=4301"}],"curies":[{"name":"wp","href":"https:\/\/api.w.org\/{rel}","templated":true}]}}