{"id":5512,"date":"2016-12-22T10:44:04","date_gmt":"2016-12-22T03:44:04","guid":{"rendered":"https:\/\/www.diving-thailand-phuket.com\/mv-giamani-6-jours-croisieres-thailande\/"},"modified":"2020-07-13T13:48:43","modified_gmt":"2020-07-13T06:48:43","slug":"mv-giamani-6-jours-croisieres-thailande","status":"publish","type":"page","link":"https:\/\/www.diving-thailand-phuket.com\/fr\/mv-giamani-6-jours-croisieres-thailande\/","title":{"rendered":"MV Giamani &#8211; 6 Jours croisi\u00e8res Tha\u00eflande"},"content":{"rendered":"<p>Thailand Liveaboard Combo; combining our Similan Liveaboard cruise with our weekend trip to the Southern Islands.La croisi\u00e8re Combo pour le sud et le nord de la Thailand comprends.<\/p>\n<p><strong>21 Plong\u00e9es &#8211; 6 Jours\/ 6 Nuits &#8211; les d\u00e9parts\u00a0s&#8217;effectues tout les vendredi en soir\u00e9e.\u00a0<\/strong><\/p>\n<p><b>VENDREDI<\/b> \u2013 le d\u00e9part s\u2019effectue du quai de chalong sur Phuket autour des 8:00pm, direction Koh Haa en savourants notre diner.<\/p>\n<p><strong>SAMEDI\u00a0<\/strong>\u2013 Votre exp\u00e9rience de plong\u00e9e dans le southern de la Tha\u00eflande commence avec une plong\u00e9e d\u2019acclimatation pour vous et votre \u00e9quipement, sur l\u2019\u00eele de Koh Haa. Se poursuivant par la suite avec 2 plong\u00e9es sur les fabuleux sites de Hin Daeng et Hin Muang. La temp\u00e9rature, les conditions de la mer, et le nombre de gros poissons d\u00e9terminerons la derni\u00e8re plong\u00e9e de la journ\u00e9e, nous aimons laisser une porte ouverte pour la grande satisfaction de nos plongeurs. Une plong\u00e9e de plus sur Hin Daeng et hin Muang parfait nous le faisons, vous avez envie des gouts plus pr\u00e9cis, vous d\u00e9sirez retourner sur<\/p>\n<p>Koh Haa pour la derni\u00e8re plong\u00e9e avec le couch\u00e9 de soleil, ces \u00e9galement possible. Une petite croisi\u00e8re direction Phi Phi en savourant le repas toute en passant la nuit a bord, le bateau se mettras \u00e0 l\u2019encre dans une des fabuleuses baie de la r\u00e9gion. Maintenant ces le moments de relaxer en se racontant la journ\u00e9e, prendre un verre de vin ou une bi\u00e8re \u2026 ces l\u2019ap\u00e9ro apr\u00e8s tout, profiter de se moment pour socialiser ou vous reposer.<\/p>\n<p><b>DIMANCHE\u00a0<\/b>\u2013 Sur le matin de la deuxi\u00e8me journ\u00e9es nous serons sur la r\u00e9gion sud des \u00eeles de Phi Phi, Koh Bida Nok et Koh Bida Nai, avant de rebrousser tranquillement notre chemin vers Le nord avec la plong\u00e9e #6 sur SharkPoint, et la derni\u00e8re plong\u00e9e du sud, \u00a0la plong\u00e9e #7 sur le splendide site de Koh Doc Mai r\u00e9put\u00e9 pour ses plong\u00e9es macro et ses coraux merveilleux. Le bateau se d\u00e9placeras par la suite vers le <u>Port de Chalong , <\/u>sur le chemin de retour nous vous aiderons pour le nettoyage et s\u00e9chage de votre \u00e9quipement pour vous faciliter le rangement. Pendant ce temps vous pourrez compl\u00e9ter votre logbook, l\u2019arriv\u00e9 au port est pr\u00e9vue pour 16\u00a0:00 ou un mini van vous apporteras \u00e0 votre hotel respectifs dans les environs de Phuket. Si vous continuer avec nous pour la portiond Nord vous resterez \u00e0 bord et profiterer du soleil ou de la belle vie sur le bateau.<\/p>\n<p><strong>LUNDI<\/strong> \u2013 Nous nous r\u00e9veillons dans les \u00eeles tropicales du Parc National des Similans. La premi\u00e8re plong\u00e9e de la journ\u00e9e commence a 8 am sur <a href=\"https:\/\/www.diving-thailand-phuket.com\/anitas-reef-similan-diving-sites\/\">Anita\u2019s Reef<\/a> (Similan#5 \u2013 Koh Ha), un bel endroit pour commencer le voyage \u2013 ces la plong\u00e9e parfaite pour vous familiariser avec l\u2019eau et faire la v\u00e9rification de votre \u00e9quipement. Apr\u00e8s un d\u00e9jeuner sant\u00e9 nous avons un moment de d\u00e9tendre jusqu\u2019\u00e0 la deuxi\u00e8me plong\u00e9es autour des 11\u00a0:30, sur le site de West of Eden (Similan #7 \u2013 Koh Pabu), un site de plong\u00e9e unique avec ces nombreux coraux dures et moux, suivi par l\u2019heure du diner ou d\u00e9jeuner vers les 12\u00a0:30. La journ\u00e9e se poursuit avec la troisi\u00e8me plong\u00e9e autour des 14\u00a0;30 nous allons plong\u00e9es sur \u00c9l\u00e9phant head Rock (Hin Pusa). Pour la plong\u00e9e # 10. Une colation vous sera servie au retour de cette plong\u00e9e, et nous aurons la la chance de visiter la plage de Donald Duck pour y admirer la plage et son point de vue magnifique. La plong\u00e9e #11 sera une plong\u00e9e du couch\u00e9 de soleil, elle aura lieu au alentour de 17\u00a0:30. Apr\u00e8s cette derni\u00e8re plong\u00e9e de la journ\u00e9e appr\u00e9cier le repas de notre chef et par la suite relaxer en lisant un livre, \u00e9couter de la musique ou discutant des belles trouvailles de la journ\u00e9e.<\/p>\n<p><strong>MARDI<\/strong> \u2013 Votre r\u00e9veil pour la deuxi\u00e8me journ\u00e9e s\u2019\u00e9ffecturas sur le bateau direction les Similans Islands pour Koh Bon. Plong\u00e9e #12 sera \u00e0 07\u00a0:30 du matin sur Koh Bon Pinnacle et la #13 \u00e0 11\u00a0:00 sur Koh Bon West Ridge. Le courant et les conditions de plong\u00e9es nous aiderons \u00e0 d\u00e9cider de l\u2019ordre de ces plong\u00e9es. Ces \u00e9galement un bel endroits pour voir des requins baleines et des Ray Manthas. Pour la plong\u00e9e #14, nous nous dirigons vers le nord Koh Tachai, sera la trois\u00e8me plong\u00e9es de la journ\u00e9e autour des 14\u00a0:30, bienvenue sur la site de Koh Tachai Pinnacle, une autre chance pour des Manthas. D\u00e9j\u00e0 \u00e0 la quatri\u00e8me plong\u00e9es qui s\u2019\u00e9ffecturas avec le couch\u00e9 du soleil de la journ\u00e9\u00e9 et la #15 du voyage, elle se fera sur le cot\u00e9 Est ou Ouest de la rive de Koh Tachai avec la bont\u00e9 de la temp\u00e9rature. Apr\u00e8s cette derni\u00e8re plong\u00e9e de la journ\u00e9e nous revenons \u00e0 bord pour une autre belle soir\u00e9e \u00e0 bord du MV GIAMANI. En d\u00e9fiant vos amis sur les noms et nombres de poissons ou des belles choses que vous avez vues au cours de cette journ\u00e9e.<\/p>\n<p><b>MERCREDI<\/b> &#8211;\u00a0Plong\u00e9e #16 sera sur Koh Tachai Pinnacle, pour la premi\u00e8re plong\u00e9e de la journ\u00e9e cette plong\u00e9e vous permets de voir des endroits sur ce site que vous n\u2019aurez pas vue la premi\u00e8re fois en raison de la profondeur sur se cot\u00e9, ce qui vous am\u00e8nes sur un des sites les plus profonds de votre exp\u00e9dition avec nous. Par la suite nous nous dirigons vers un des joyaux de la plong\u00e9e, Richelieu Rock pour la plong\u00e9e num\u00e9ro# 17, 18 et 19, Ce site est si prestigieux que nous faisons 2 plong\u00e9es de jour et une avec le couch\u00e9e de soleil, ce qui termine notre journ\u00e9e sur une excellente note. Ensuite repartie vers Khao Lak pour y passer la nuit \u00e0 bord du MV GIAMANI.<\/p>\n<p><strong>THURSDAY<\/strong> \u2013 A slightly earlier start today (7am) on a rarely dived wreck \u201cThe Teak Wreck\u201d (MV Sea Chart) which is a steel haulage vessel that sank in August 2009 carrying 1,200 logs of Burmese Teak. Dive number twenty one (9:30 am) will be on the Naiyak Wreck (\u201cPremchai 103\u201d) a lovely macro life site to close out the diving. Once everyone is back onboard we start the gentle cruise back to Chalong Bay allowing enough time to clean and even dry your dive gear, pack your bags, fill in your log books swap e-mails and even do some more hard core relaxing on the sun deck. Disembarkation at Chalong Bay is usually around 5pm.\u00a0Une autre belle journ\u00e9e qui commence tr\u00e8s t\u00f4t le matin pour la derni\u00e8re \u00e9tape de votre voyage \u00e0 bord de la croisi\u00e8re de plong\u00e9e du MV GIAMANI.<\/p>\n<p>&nbsp;<\/p>\n<p>La premi\u00e8re plong\u00e9e (plong\u00e9es #21) se fera \u00e0 0700 am sur l\u2019\u00e9pave du \u201cThe Teak Wreck\u201d (MV Sea Chart) un navire de m\u00e9tal de la marine marchante qui a sombr\u00e9 en Aout 2009 transportant 1200 billots de bois teak d\u2019une tr\u00e8s grande valeur provenant de la Birmanie. La plong\u00e9e #22 autour des 09\u00a0;30 am sera sur l\u2019\u00e9pave de Naiyak Wreck (\u201cCondreco\u201d) une superbe plong\u00e9e pour les amants de macro. Apr\u00e8s cette plong\u00e9e lorsque tous seront \u00e0 bord il faut penser \u00e0 revenir vers la baie de Chalong tranquillement avec notre capitaine la croisi\u00e8re commence, ce qui donne le temps \u00e0 l\u2019\u00e9quipage de nettoyer l\u2019\u00e9quipement et le faire s\u00e9cher avant de le remettre dans les valise pour le prochain voyage.<\/p>\n<h2>MV Giamani Prix<\/h2>\n<p><span><strong><span style=\"color: #3366ff\">6 Jours \/ 6 Nuits (21-22 plong\u00e9es) &#8211; Croisi\u00e8re combin\u00e9e du sud et du nord de la\u00a0Tha\u00eflande<\/span><\/strong><\/span><\/p>\n<ul>\n<li><strong>Lit simple jumel\u00e9 \/ cabine de luxe lit double :<\/strong> THB [g_03d] per diver<\/li>\n<li><strong>Cabine des ma\u00eetres :<\/strong> THB [g_03m] per diver<\/li>\n<\/ul>\n<p style=\"text-align: right\"><a href=\"https:\/\/www.diving-thailand-phuket.com\/fr\/mv-giamani\/\"><strong>&gt;&gt; Retour vers \u00a0Giamani<\/strong><\/a><\/p>\n<h2>MV Giamani horaire des plong\u00e9es<\/h2>\n\n<table id=\"tablepress-6\" class=\"tablepress tablepress-id-6\">\n<thead>\n<tr class=\"row-1\">\n\t<th class=\"column-1\">Departure (dd\/mm\/yy)<\/th><th class=\"column-2\">Arrival (dd\/mm\/yy)<\/th><th class=\"column-3\">Itinerary<\/th><th class=\"column-4\">Port of Dep.\/Arr.<\/th>\n<\/tr>\n<\/thead>\n<tbody class=\"row-striping row-hover\">\n<tr class=\"row-2\">\n\t<td class=\"column-1\">09\/03\/17<\/td><td class=\"column-2\">13\/03\/17<\/td><td class=\"column-3\">4D\/4N Similan Islands, Koh Bon, Koh Tachai &amp; Richelieu Rock<\/td><td class=\"column-4\">Phuket<\/td>\n<\/tr>\n<tr class=\"row-3\">\n\t<td class=\"column-1\">14\/03\/17<\/td><td class=\"column-2\">16\/03\/17<\/td><td class=\"column-3\">2D\/2N Hin Daeng, Hin Muang, Koh Ha &amp; Phi Phi Islandsan Islands<\/td><td class=\"column-4\">Phuket<\/td>\n<\/tr>\n<tr class=\"row-4\">\n\t<td class=\"column-1\">17\/03\/17<\/td><td class=\"column-2\">19\/03\/17<\/td><td class=\"column-3\">2D\/2N Hin Daeng, Hin Muang, Koh Ha &amp; Phi Phi Islandsan Islands<\/td><td class=\"column-4\">Phuket<\/td>\n<\/tr>\n<tr class=\"row-5\">\n\t<td class=\"column-1\">24\/03\/17<\/td><td class=\"column-2\">30\/03\/17<\/td><td class=\"column-3\">6D\/6N Hin Daeng, Hin Muang, Similan, Koh Bon, Koh Tachai, Richelieu Rock<\/td><td class=\"column-4\">Phuket<\/td>\n<\/tr>\n<tr class=\"row-6\">\n\t<td class=\"column-1\">24\/03\/17<\/td><td class=\"column-2\">26\/03\/17<\/td><td class=\"column-3\">2D\/2N Hin Daeng, Hin Muang, Koh Ha &amp; Phi Phi Islands<\/td><td class=\"column-4\">Phuket<\/td>\n<\/tr>\n<tr class=\"row-7\">\n\t<td class=\"column-1\">26\/03\/17<\/td><td class=\"column-2\">30\/03\/17<\/td><td class=\"column-3\">4D\/4N Similan Islands, Koh Bon, Koh Tachai &amp; Richelieu Rock<\/td><td class=\"column-4\">Phuket \/ Tablamu<\/td>\n<\/tr>\n<tr class=\"row-8\">\n\t<td class=\"column-1\">02\/04\/17<\/td><td class=\"column-2\">07\/04\/17<\/td><td class=\"column-3\">5D\/5N Similan Islands, Koh Bon, Koh Tachai &amp; Richelieu Rock<\/td><td class=\"column-4\">Tablamu<\/td>\n<\/tr>\n<tr class=\"row-9\">\n\t<td class=\"column-1\">08\/04\/17<\/td><td class=\"column-2\">12\/04\/17<\/td><td class=\"column-3\">4D\/4N Similan Islands, Koh Bon, Koh Tachai &amp; Richelieu Rock<\/td><td class=\"column-4\">Tablamu \/ Phuket<\/td>\n<\/tr>\n<tr class=\"row-10\">\n\t<td class=\"column-1\">14\/04\/17<\/td><td class=\"column-2\">16\/04\/17<\/td><td class=\"column-3\">2D\/2N Hin Daeng, Hin Muang, Koh Ha &amp; Phi Phi Islandsan Islands<\/td><td class=\"column-4\">Phuket<\/td>\n<\/tr>\n<tr class=\"row-11\">\n\t<td class=\"column-1\">16\/04\/17<\/td><td class=\"column-2\">20\/04\/17<\/td><td class=\"column-3\">4D\/4N Similan Islands, Koh Bon, Koh Tachai &amp; Richelieu Rock<\/td><td class=\"column-4\">Phuket<\/td>\n<\/tr>\n<tr class=\"row-12\">\n\t<td class=\"column-1\">21\/04\/17<\/td><td class=\"column-2\">27\/04\/17<\/td><td class=\"column-3\">6D\/6N Hin Daeng, Hin Muang, Similan, Koh Bon, Koh Tachai, Richelieu Rock<\/td><td class=\"column-4\">Phuket<\/td>\n<\/tr>\n<tr class=\"row-13\">\n\t<td class=\"column-1\">21\/04\/17<\/td><td class=\"column-2\">23\/04\/17<\/td><td class=\"column-3\">2D\/2N Hin Daeng, Hin Muang, Koh Ha &amp; Phi Phi Islands<\/td><td class=\"column-4\">Phuket<\/td>\n<\/tr>\n<tr class=\"row-14\">\n\t<td class=\"column-1\">23\/04\/17<\/td><td class=\"column-2\">27\/04\/17<\/td><td class=\"column-3\">4D\/4N Similan Islands, Koh Bon, Koh Tachai &amp; Richelieu Rock<\/td><td class=\"column-4\">Phuket<\/td>\n<\/tr>\n<tr class=\"row-15\">\n\t<td class=\"column-1\">28\/04\/17<\/td><td class=\"column-2\">04\/05\/17<\/td><td class=\"column-3\">6D\/6N Hin Daeng, Hin Muang, Similan, Koh Bon, Koh Tachai, Richelieu Rock<\/td><td class=\"column-4\">Phuket<\/td>\n<\/tr>\n<tr class=\"row-16\">\n\t<td class=\"column-1\">28\/04\/17<\/td><td class=\"column-2\">30\/04\/17<\/td><td class=\"column-3\">2D\/2N Hin Daeng, Hin Muang, Koh Ha &amp; Phi Phi Islands<\/td><td class=\"column-4\">Phuket<\/td>\n<\/tr>\n<tr class=\"row-17\">\n\t<td class=\"column-1\">30\/04\/17<\/td><td class=\"column-2\">04\/05\/17<\/td><td class=\"column-3\">4D\/4N Similan Islands, Koh Bon, Koh Tachai &amp; Richelieu Rock<\/td><td class=\"column-4\">Phuket<\/td>\n<\/tr>\n<\/tbody>\n<\/table>\n<!-- #tablepress-6 from cache -->\n","protected":false},"excerpt":{"rendered":"<p>Thailand Liveaboard Combo; combining our Similan Liveaboard cruise with our weekend trip to the Southern Islands.La croisi\u00e8re Combo pour le sud et le nord de la Thailand comprends. 21 Plong\u00e9es &#8211; 6 Jours\/ 6 Nuits &#8211; les d\u00e9parts\u00a0s&#8217;effectues tout les vendredi en soir\u00e9e.\u00a0 VENDREDI \u2013 le d\u00e9part s\u2019effectue du quai de chalong sur Phuket autour [&hellip;]<\/p>\n","protected":false},"author":3,"featured_media":6678,"parent":0,"menu_order":0,"comment_status":"closed","ping_status":"open","template":"","meta":{"_et_pb_use_builder":"","_et_pb_old_content":"","_et_gb_content_width":"","footnotes":""},"class_list":["post-5512","page","type-page","status-publish","has-post-thumbnail","hentry"],"yoast_head":"<!-- This site is optimized with the Yoast SEO plugin v25.1 - https:\/\/yoast.com\/wordpress\/plugins\/seo\/ -->\n<title>6 Jours - Croisi\u00e8res combin\u00e9e Sud et Nord de la Tha\u00eflande<\/title>\n<meta name=\"description\" content=\"MV Giamani&#039;s 6 Jours - Croisi\u00e8res combin\u00e9e Sud et Nord de la Tha\u00eflande. 6 jours de premi\u00e8re classe avec Colona Liveaboards\" \/>\n<meta name=\"robots\" content=\"index, follow, max-snippet:-1, max-image-preview:large, max-video-preview:-1\" \/>\n<link rel=\"canonical\" href=\"https:\/\/www.diving-thailand-phuket.com\/fr\/mv-giamani-6-jours-croisieres-thailande\/\" \/>\n<meta property=\"og:locale\" content=\"fr_FR\" \/>\n<meta property=\"og:type\" content=\"article\" \/>\n<meta property=\"og:title\" content=\"6 Jours - Croisi\u00e8res combin\u00e9e Sud et Nord de la Tha\u00eflande\" \/>\n<meta property=\"og:description\" content=\"MV Giamani&#039;s 6 Jours - Croisi\u00e8res combin\u00e9e Sud et Nord de la Tha\u00eflande. 6 jours de premi\u00e8re classe avec Colona Liveaboards\" \/>\n<meta property=\"og:url\" content=\"https:\/\/www.diving-thailand-phuket.com\/fr\/mv-giamani-6-jours-croisieres-thailande\/\" \/>\n<meta property=\"og:site_name\" content=\"Diving in Phuket Thailand\" \/>\n<meta property=\"article:modified_time\" content=\"2020-07-13T06:48:43+00:00\" \/>\n<meta property=\"og:image\" content=\"https:\/\/i0.wp.com\/www.diving-thailand-phuket.com\/wp-content\/uploads\/2016\/07\/Giamani-back-12-4.jpg?fit=1200%2C400&ssl=1\" \/>\n\t<meta property=\"og:image:width\" content=\"1200\" \/>\n\t<meta property=\"og:image:height\" content=\"400\" \/>\n\t<meta property=\"og:image:type\" content=\"image\/jpeg\" \/>\n<meta name=\"twitter:label1\" content=\"Est. reading time\" \/>\n\t<meta name=\"twitter:data1\" content=\"7 minutes\" \/>\n<script type=\"application\/ld+json\" class=\"yoast-schema-graph\">{\"@context\":\"https:\/\/schema.org\",\"@graph\":[{\"@type\":\"WebPage\",\"@id\":\"https:\/\/www.diving-thailand-phuket.com\/fr\/mv-giamani-6-jours-croisieres-thailande\/\",\"url\":\"https:\/\/www.diving-thailand-phuket.com\/fr\/mv-giamani-6-jours-croisieres-thailande\/\",\"name\":\"6 Jours - Croisi\u00e8res combin\u00e9e Sud et Nord de la Tha\u00eflande\",\"isPartOf\":{\"@id\":\"https:\/\/www.diving-thailand-phuket.com\/#website\"},\"primaryImageOfPage\":{\"@id\":\"https:\/\/www.diving-thailand-phuket.com\/fr\/mv-giamani-6-jours-croisieres-thailande\/#primaryimage\"},\"image\":{\"@id\":\"https:\/\/www.diving-thailand-phuket.com\/fr\/mv-giamani-6-jours-croisieres-thailande\/#primaryimage\"},\"thumbnailUrl\":\"https:\/\/i0.wp.com\/www.diving-thailand-phuket.com\/wp-content\/uploads\/2016\/07\/Giamani-back-12-4.jpg?fit=1200%2C400&ssl=1\",\"datePublished\":\"2016-12-22T03:44:04+00:00\",\"dateModified\":\"2020-07-13T06:48:43+00:00\",\"description\":\"MV Giamani's 6 Jours - Croisi\u00e8res combin\u00e9e Sud et Nord de la Tha\u00eflande. 6 jours de premi\u00e8re classe avec Colona Liveaboards\",\"breadcrumb\":{\"@id\":\"https:\/\/www.diving-thailand-phuket.com\/fr\/mv-giamani-6-jours-croisieres-thailande\/#breadcrumb\"},\"inLanguage\":\"fr-FR\",\"potentialAction\":[{\"@type\":\"ReadAction\",\"target\":[\"https:\/\/www.diving-thailand-phuket.com\/fr\/mv-giamani-6-jours-croisieres-thailande\/\"]}]},{\"@type\":\"ImageObject\",\"inLanguage\":\"fr-FR\",\"@id\":\"https:\/\/www.diving-thailand-phuket.com\/fr\/mv-giamani-6-jours-croisieres-thailande\/#primaryimage\",\"url\":\"https:\/\/i0.wp.com\/www.diving-thailand-phuket.com\/wp-content\/uploads\/2016\/07\/Giamani-back-12-4.jpg?fit=1200%2C400&ssl=1\",\"contentUrl\":\"https:\/\/i0.wp.com\/www.diving-thailand-phuket.com\/wp-content\/uploads\/2016\/07\/Giamani-back-12-4.jpg?fit=1200%2C400&ssl=1\",\"width\":1200,\"height\":400},{\"@type\":\"BreadcrumbList\",\"@id\":\"https:\/\/www.diving-thailand-phuket.com\/fr\/mv-giamani-6-jours-croisieres-thailande\/#breadcrumb\",\"itemListElement\":[{\"@type\":\"ListItem\",\"position\":1,\"name\":\"Home\",\"item\":\"https:\/\/www.diving-thailand-phuket.com\/\"},{\"@type\":\"ListItem\",\"position\":2,\"name\":\"MV Giamani &#8211; 6 Jours croisi\u00e8res Tha\u00eflande\"}]},{\"@type\":\"WebSite\",\"@id\":\"https:\/\/www.diving-thailand-phuket.com\/#website\",\"url\":\"https:\/\/www.diving-thailand-phuket.com\/\",\"name\":\"Diving in Phuket Thailand\",\"description\":\"Best Diving in Thailand\",\"potentialAction\":[{\"@type\":\"SearchAction\",\"target\":{\"@type\":\"EntryPoint\",\"urlTemplate\":\"https:\/\/www.diving-thailand-phuket.com\/?s={search_term_string}\"},\"query-input\":{\"@type\":\"PropertyValueSpecification\",\"valueRequired\":true,\"valueName\":\"search_term_string\"}}],\"inLanguage\":\"fr-FR\"}]}<\/script>\n<!-- \/ Yoast SEO plugin. -->","yoast_head_json":{"title":"6 Jours - Croisi\u00e8res combin\u00e9e Sud et Nord de la Tha\u00eflande","description":"MV Giamani's 6 Jours - Croisi\u00e8res combin\u00e9e Sud et Nord de la Tha\u00eflande. 6 jours de premi\u00e8re classe avec Colona Liveaboards","robots":{"index":"index","follow":"follow","max-snippet":"max-snippet:-1","max-image-preview":"max-image-preview:large","max-video-preview":"max-video-preview:-1"},"canonical":"https:\/\/www.diving-thailand-phuket.com\/fr\/mv-giamani-6-jours-croisieres-thailande\/","og_locale":"fr_FR","og_type":"article","og_title":"6 Jours - Croisi\u00e8res combin\u00e9e Sud et Nord de la Tha\u00eflande","og_description":"MV Giamani's 6 Jours - Croisi\u00e8res combin\u00e9e Sud et Nord de la Tha\u00eflande. 6 jours de premi\u00e8re classe avec Colona Liveaboards","og_url":"https:\/\/www.diving-thailand-phuket.com\/fr\/mv-giamani-6-jours-croisieres-thailande\/","og_site_name":"Diving in Phuket Thailand","article_modified_time":"2020-07-13T06:48:43+00:00","og_image":[{"width":1200,"height":400,"url":"https:\/\/i0.wp.com\/www.diving-thailand-phuket.com\/wp-content\/uploads\/2016\/07\/Giamani-back-12-4.jpg?fit=1200%2C400&ssl=1","type":"image\/jpeg"}],"twitter_misc":{"Est. reading time":"7 minutes"},"schema":{"@context":"https:\/\/schema.org","@graph":[{"@type":"WebPage","@id":"https:\/\/www.diving-thailand-phuket.com\/fr\/mv-giamani-6-jours-croisieres-thailande\/","url":"https:\/\/www.diving-thailand-phuket.com\/fr\/mv-giamani-6-jours-croisieres-thailande\/","name":"6 Jours - Croisi\u00e8res combin\u00e9e Sud et Nord de la Tha\u00eflande","isPartOf":{"@id":"https:\/\/www.diving-thailand-phuket.com\/#website"},"primaryImageOfPage":{"@id":"https:\/\/www.diving-thailand-phuket.com\/fr\/mv-giamani-6-jours-croisieres-thailande\/#primaryimage"},"image":{"@id":"https:\/\/www.diving-thailand-phuket.com\/fr\/mv-giamani-6-jours-croisieres-thailande\/#primaryimage"},"thumbnailUrl":"https:\/\/i0.wp.com\/www.diving-thailand-phuket.com\/wp-content\/uploads\/2016\/07\/Giamani-back-12-4.jpg?fit=1200%2C400&ssl=1","datePublished":"2016-12-22T03:44:04+00:00","dateModified":"2020-07-13T06:48:43+00:00","description":"MV Giamani's 6 Jours - Croisi\u00e8res combin\u00e9e Sud et Nord de la Tha\u00eflande. 6 jours de premi\u00e8re classe avec Colona Liveaboards","breadcrumb":{"@id":"https:\/\/www.diving-thailand-phuket.com\/fr\/mv-giamani-6-jours-croisieres-thailande\/#breadcrumb"},"inLanguage":"fr-FR","potentialAction":[{"@type":"ReadAction","target":["https:\/\/www.diving-thailand-phuket.com\/fr\/mv-giamani-6-jours-croisieres-thailande\/"]}]},{"@type":"ImageObject","inLanguage":"fr-FR","@id":"https:\/\/www.diving-thailand-phuket.com\/fr\/mv-giamani-6-jours-croisieres-thailande\/#primaryimage","url":"https:\/\/i0.wp.com\/www.diving-thailand-phuket.com\/wp-content\/uploads\/2016\/07\/Giamani-back-12-4.jpg?fit=1200%2C400&ssl=1","contentUrl":"https:\/\/i0.wp.com\/www.diving-thailand-phuket.com\/wp-content\/uploads\/2016\/07\/Giamani-back-12-4.jpg?fit=1200%2C400&ssl=1","width":1200,"height":400},{"@type":"BreadcrumbList","@id":"https:\/\/www.diving-thailand-phuket.com\/fr\/mv-giamani-6-jours-croisieres-thailande\/#breadcrumb","itemListElement":[{"@type":"ListItem","position":1,"name":"Home","item":"https:\/\/www.diving-thailand-phuket.com\/"},{"@type":"ListItem","position":2,"name":"MV Giamani &#8211; 6 Jours croisi\u00e8res Tha\u00eflande"}]},{"@type":"WebSite","@id":"https:\/\/www.diving-thailand-phuket.com\/#website","url":"https:\/\/www.diving-thailand-phuket.com\/","name":"Diving in Phuket Thailand","description":"Best Diving in Thailand","potentialAction":[{"@type":"SearchAction","target":{"@type":"EntryPoint","urlTemplate":"https:\/\/www.diving-thailand-phuket.com\/?s={search_term_string}"},"query-input":{"@type":"PropertyValueSpecification","valueRequired":true,"valueName":"search_term_string"}}],"inLanguage":"fr-FR"}]}},"jetpack_sharing_enabled":true,"_links":{"self":[{"href":"https:\/\/www.diving-thailand-phuket.com\/fr\/wp-json\/wp\/v2\/pages\/5512","targetHints":{"allow":["GET"]}}],"collection":[{"href":"https:\/\/www.diving-thailand-phuket.com\/fr\/wp-json\/wp\/v2\/pages"}],"about":[{"href":"https:\/\/www.diving-thailand-phuket.com\/fr\/wp-json\/wp\/v2\/types\/page"}],"author":[{"embeddable":true,"href":"https:\/\/www.diving-thailand-phuket.com\/fr\/wp-json\/wp\/v2\/users\/3"}],"replies":[{"embeddable":true,"href":"https:\/\/www.diving-thailand-phuket.com\/fr\/wp-json\/wp\/v2\/comments?post=5512"}],"version-history":[{"count":1,"href":"https:\/\/www.diving-thailand-phuket.com\/fr\/wp-json\/wp\/v2\/pages\/5512\/revisions"}],"predecessor-version":[{"id":8377,"href":"https:\/\/www.diving-thailand-phuket.com\/fr\/wp-json\/wp\/v2\/pages\/5512\/revisions\/8377"}],"wp:featuredmedia":[{"embeddable":true,"href":"https:\/\/www.diving-thailand-phuket.com\/fr\/wp-json\/wp\/v2\/media\/6678"}],"wp:attachment":[{"href":"https:\/\/www.diving-thailand-phuket.com\/fr\/wp-json\/wp\/v2\/media?parent=5512"}],"curies":[{"name":"wp","href":"https:\/\/api.w.org\/{rel}","templated":true}]}}