{"id":5504,"date":"2016-12-22T09:36:10","date_gmt":"2016-12-22T02:36:10","guid":{"rendered":"https:\/\/www.diving-thailand-phuket.com\/mv-giamani-4-jours-de-croisieres-sur-les-iles-de-similan\/"},"modified":"2020-07-13T13:48:43","modified_gmt":"2020-07-13T06:48:43","slug":"mv-giamani-4-jours-de-croisieres-sur-les-iles-de-similan","status":"publish","type":"page","link":"https:\/\/www.diving-thailand-phuket.com\/fr\/mv-giamani-4-jours-de-croisieres-sur-les-iles-de-similan\/","title":{"rendered":"MV Giamani &#8211; 4 Jours de croisi\u00e8res sur les \u00celes de Similan"},"content":{"rendered":"<div id=\"attachment_2159\" style=\"width: 310px\" class=\"wp-caption alignright\"><a href=\"https:\/\/i0.wp.com\/www.diving-thailand-phuket.com\/wp-content\/uploads\/2014\/06\/giamani-and-divers-300x225.jpg?ssl=1\"><img data-recalc-dims=\"1\" loading=\"lazy\" decoding=\"async\" aria-describedby=\"caption-attachment-2159\" class=\"wp-image-2159 size-medium\" title=\"Similan Islands Liveaboard Cruises with MV Giamani\" src=\"https:\/\/i0.wp.com\/www.diving-thailand-phuket.com\/wp-content\/uploads\/2014\/06\/giamani-and-divers.jpg?resize=300%2C225&#038;ssl=1\" alt=\"Similan Islands Liveaboard Cruises with MV Giamani\" width=\"300\" height=\"225\" srcset=\"https:\/\/i0.wp.com\/www.diving-thailand-phuket.com\/wp-content\/uploads\/2014\/06\/giamani-and-divers.jpg?resize=300%2C225&amp;ssl=1 300w, https:\/\/i0.wp.com\/www.diving-thailand-phuket.com\/wp-content\/uploads\/2014\/06\/giamani-and-divers.jpg?resize=73%2C55&amp;ssl=1 73w, https:\/\/i0.wp.com\/www.diving-thailand-phuket.com\/wp-content\/uploads\/2014\/06\/giamani-and-divers.jpg?resize=100%2C75&amp;ssl=1 100w, https:\/\/i0.wp.com\/www.diving-thailand-phuket.com\/wp-content\/uploads\/2014\/06\/giamani-and-divers.jpg?resize=200%2C150&amp;ssl=1 200w, https:\/\/i0.wp.com\/www.diving-thailand-phuket.com\/wp-content\/uploads\/2014\/06\/giamani-and-divers.jpg?w=960&amp;ssl=1 960w\" sizes=\"(max-width: 300px) 100vw, 300px\" \/><\/a><p id=\"caption-attachment-2159\" class=\"wp-caption-text\">MV Giamani<\/p><\/div>\n<p>La croisi\u00e8re du MV Giamani dans les \u00celes du Similan inclus les plong\u00e9es dans les sites Koh Bon, Koh tachai &amp; Richelieu Rock.<\/p>\n<p><strong>14 plong\u00e9es &#8211; 4 Jours \/ 4 Nuits \u2013 le d\u00e9part des croisi\u00e8res sont tous les dimanches fin d\u2019apr\u00e8s midi.<\/strong><\/p>\n<p><strong>DIMANCHE \u2013 <\/strong>Bienvenue \u00e0 bord nous partons pour les \u00eeles de Similans tous les dimanches apr\u00e8s midi en suivant la c\u00f4te southern de la r\u00e8gion de Phucket tous en appr\u00e9ciant le coucher du soleilen d\u00e9gustant la nourriture de notre chef Tha\u00ee qui cuisine pour nous d\u2019excellent repas.<\/p>\n<p><strong>LUNDI<\/strong> \u2013 Nous nous r\u00e9veillons dans les \u00eeles tropicales du Parc National des Similans. La premi\u00e8re plong\u00e9e de la journ\u00e9e commence a 8 am sur <a href=\"https:\/\/www.diving-thailand-phuket.com\/anitas-reef-similan-diving-sites\/\">Anita\u2019s Reef<\/a> (Similan#5 \u2013 Koh Ha), un bel endroit pour commencer le voyage \u2013 ces la plong\u00e9e parfaite pour vous familiariser avec l\u2019eau et faire la v\u00e9rification de votre \u00e9quipement. Apr\u00e8s un d\u00e9jeuner sant\u00e9 nous avons un moment de d\u00e9tendre jusqu\u2019\u00e0 la deuxi\u00e8me plong\u00e9es autour des 11\u00a0:30, sur le site de West of Eden (Similan #7 \u2013 Koh Pabu), un site de plong\u00e9e unique avec ces nombreux coraux dures et moux, suivi par l\u2019heure du diner ou d\u00e9jeuner vers les 12\u00a0:30. La journ\u00e9e se poursuit avec la troisi\u00e8me plong\u00e9e autour des 14\u00a0;30 nous allons plong\u00e9es sur \u00c9l\u00e9phant head Rock (Hin Pusa). Une colation vous sera servie au retour de cette plong\u00e9e, et nous aurons la la chance de visiter la plage de Donald Duck pour y admirer la plage et son point de vue magnifique. La plong\u00e9e #4 sera une plong\u00e9e du couch\u00e9 de soleil, elle aura lieu au alentour de 17\u00a0:30. Apr\u00e8s cette derni\u00e8re plong\u00e9e de la journ\u00e9e appr\u00e9cier le repas de notre chef et par la suite relaxer en lisant un livre, \u00e9couter de la musique ou discutant des belles trouvailles de la journ\u00e9e.<\/p>\n<p><strong>MARDI<\/strong> \u2013 Votre r\u00e9veil pour la deuxi\u00e8me journ\u00e9e s\u2019\u00e9ffecturas sur le bateau direction les Similans Islands pour Koh Bon. Plong\u00e9e #5 sera \u00e0 07\u00a0:30 du matin sur Koh Bon Pinnacle et la sixi\u00e8mes \u00e0 11\u00a0:00 sur Koh Bon West Ridge. Le courant et les conditions de plong\u00e9es nous aiderons \u00e0 d\u00e9cider de l\u2019ordre de ces plong\u00e9es. Ces \u00e9galement un bel endroits pour voir des requins baleines et des Ray Manthas. Pour la plong\u00e9e #7, nous nous dirigons vers le nord Koh Tachai, sera la trois\u00e8me plong\u00e9es de la journ\u00e9e autour des 14\u00a0:30, bienvenue sur la site de Koh Tachai Pinnacle, une autre chance pour des Manthas. D\u00e9j\u00e0 \u00e0 la quatri\u00e8me plong\u00e9es qui s\u2019\u00e9ffecturas avec le couch\u00e9 du soleil de la journ\u00e9\u00e9 et la #8 du voyage, elle se fera sur le cot\u00e9 Est ou Ouest de la rive de Koh Tachai avec la bont\u00e9 de la temp\u00e9rature. Apr\u00e8s cette derni\u00e8re plong\u00e9e de la journ\u00e9e nous revenons \u00e0 bord pour une autre belle soir\u00e9e \u00e0 bord du MV GIAMANI. En d\u00e9fiant vos amis sur les noms et nombres de poissons ou des belles choses que vous avez vues au cours de cette journ\u00e9e.<\/p>\n<p><strong>MERCREDI &#8211;<\/strong>Plong\u00e9e #9 sera sur Koh Tachai Pinnacle, pour la premi\u00e8re plong\u00e9e de la journ\u00e9e cette plong\u00e9e vous permets de voir des endroits sur ce site que vous n\u2019aurez pas vue la premi\u00e8re fois en raison de la profondeur sur se cot\u00e9, ce qui vous am\u00e8nes sur un des sites les plus profonds de votre exp\u00e9dition avec nous. Par la suite nous nous dirigons vers un des joyaux de la plong\u00e9e, Richelieu Rock pour la plong\u00e9e num\u00e9ro# 10, 11 et 12, Ce site est si prestigieux que nous faisons 2 plong\u00e9es de jour et une avec le couch\u00e9e de soleil, ce qui termine notre journ\u00e9e #3 sur une excellente note. Ensuite repartie vers Khao Lak pour y passer la nuit \u00e0 bord du MV GIAMANI.<\/p>\n<p><b>JEUDI<\/b> \u2013 Une autre belle journ\u00e9e qui commence tr\u00e8s t\u00f4t le matin pour la derni\u00e8re \u00e9tape de votre voyage \u00e0 bord de la croisi\u00e8re de plong\u00e9e du MV GIAMANI. La premi\u00e8re plong\u00e9e se fera \u00e0 0700 am sur l\u2019\u00e9pave du \u201cThe Teak Wreck\u201d (MV Sea Chart) un navire de m\u00e9tal de la marine marchante qui a sombr\u00e9 en Aout 2009 transportant 1200 billots de bois teak d\u2019une tr\u00e8s grande valeur provenant de la Birmanie. La plong\u00e9e #14 autour des 09\u00a0;30 am sera sur l\u2019\u00e9pave de Naiyak Wreck (\u201cCondreco\u201d) une superbe plong\u00e9e pour les amants de macro. Apr\u00e8s cette plong\u00e9e lorsque tous seront \u00e0 bord il faut penser \u00e0 revenir vers la baie de Chalong tranquillement avec notre capitaine la croisi\u00e8re commence, ce qui donne le temps \u00e0 l\u2019\u00e9quipage de nettoyer l\u2019\u00e9quipement et le faire s\u00e9cher avant de le remettre dans les valise pour le prochain voyage.<\/p>\n<h2>MV Giamani Prix<\/h2>\n<p><span><strong><span style=\"color: #3366ff\">4 jours 4 nuits (14 plong\u00e9es) sur les \u00eeles de Similans et Richelieu Rock<\/span><\/strong><\/span><\/p>\n<ul>\n<li><strong>Lit simple jumel\u00e9 \/ cabine de luxe lit double :<\/strong> THB [g_02d] per diver<\/li>\n<li><strong>Cabine des ma\u00eetres :<\/strong> THB [g_02m] per diver<\/li>\n<\/ul>\n<p style=\"text-align: right\"><a href=\"https:\/\/www.diving-thailand-phuket.com\/fr\/mv-giamani\/\"><strong>&gt;&gt; Back to MV Giamani<\/strong><\/a><\/p>\n<h2>MV Giamani Horaire des croisi\u00e8res sur les Iles de Similan<\/h2>\n\n<table id=\"tablepress-6\" class=\"tablepress tablepress-id-6\">\n<thead>\n<tr class=\"row-1\">\n\t<th class=\"column-1\">Departure (dd\/mm\/yy)<\/th><th class=\"column-2\">Arrival (dd\/mm\/yy)<\/th><th class=\"column-3\">Itinerary<\/th><th class=\"column-4\">Port of Dep.\/Arr.<\/th>\n<\/tr>\n<\/thead>\n<tbody class=\"row-striping row-hover\">\n<tr class=\"row-2\">\n\t<td class=\"column-1\">09\/03\/17<\/td><td class=\"column-2\">13\/03\/17<\/td><td class=\"column-3\">4D\/4N Similan Islands, Koh Bon, Koh Tachai &amp; Richelieu Rock<\/td><td class=\"column-4\">Phuket<\/td>\n<\/tr>\n<tr class=\"row-3\">\n\t<td class=\"column-1\">14\/03\/17<\/td><td class=\"column-2\">16\/03\/17<\/td><td class=\"column-3\">2D\/2N Hin Daeng, Hin Muang, Koh Ha &amp; Phi Phi Islandsan Islands<\/td><td class=\"column-4\">Phuket<\/td>\n<\/tr>\n<tr class=\"row-4\">\n\t<td class=\"column-1\">17\/03\/17<\/td><td class=\"column-2\">19\/03\/17<\/td><td class=\"column-3\">2D\/2N Hin Daeng, Hin Muang, Koh Ha &amp; Phi Phi Islandsan Islands<\/td><td class=\"column-4\">Phuket<\/td>\n<\/tr>\n<tr class=\"row-5\">\n\t<td class=\"column-1\">24\/03\/17<\/td><td class=\"column-2\">30\/03\/17<\/td><td class=\"column-3\">6D\/6N Hin Daeng, Hin Muang, Similan, Koh Bon, Koh Tachai, Richelieu Rock<\/td><td class=\"column-4\">Phuket<\/td>\n<\/tr>\n<tr class=\"row-6\">\n\t<td class=\"column-1\">24\/03\/17<\/td><td class=\"column-2\">26\/03\/17<\/td><td class=\"column-3\">2D\/2N Hin Daeng, Hin Muang, Koh Ha &amp; Phi Phi Islands<\/td><td class=\"column-4\">Phuket<\/td>\n<\/tr>\n<tr class=\"row-7\">\n\t<td class=\"column-1\">26\/03\/17<\/td><td class=\"column-2\">30\/03\/17<\/td><td class=\"column-3\">4D\/4N Similan Islands, Koh Bon, Koh Tachai &amp; Richelieu Rock<\/td><td class=\"column-4\">Phuket \/ Tablamu<\/td>\n<\/tr>\n<tr class=\"row-8\">\n\t<td class=\"column-1\">02\/04\/17<\/td><td class=\"column-2\">07\/04\/17<\/td><td class=\"column-3\">5D\/5N Similan Islands, Koh Bon, Koh Tachai &amp; Richelieu Rock<\/td><td class=\"column-4\">Tablamu<\/td>\n<\/tr>\n<tr class=\"row-9\">\n\t<td class=\"column-1\">08\/04\/17<\/td><td class=\"column-2\">12\/04\/17<\/td><td class=\"column-3\">4D\/4N Similan Islands, Koh Bon, Koh Tachai &amp; Richelieu Rock<\/td><td class=\"column-4\">Tablamu \/ Phuket<\/td>\n<\/tr>\n<tr class=\"row-10\">\n\t<td class=\"column-1\">14\/04\/17<\/td><td class=\"column-2\">16\/04\/17<\/td><td class=\"column-3\">2D\/2N Hin Daeng, Hin Muang, Koh Ha &amp; Phi Phi Islandsan Islands<\/td><td class=\"column-4\">Phuket<\/td>\n<\/tr>\n<tr class=\"row-11\">\n\t<td class=\"column-1\">16\/04\/17<\/td><td class=\"column-2\">20\/04\/17<\/td><td class=\"column-3\">4D\/4N Similan Islands, Koh Bon, Koh Tachai &amp; Richelieu Rock<\/td><td class=\"column-4\">Phuket<\/td>\n<\/tr>\n<tr class=\"row-12\">\n\t<td class=\"column-1\">21\/04\/17<\/td><td class=\"column-2\">27\/04\/17<\/td><td class=\"column-3\">6D\/6N Hin Daeng, Hin Muang, Similan, Koh Bon, Koh Tachai, Richelieu Rock<\/td><td class=\"column-4\">Phuket<\/td>\n<\/tr>\n<tr class=\"row-13\">\n\t<td class=\"column-1\">21\/04\/17<\/td><td class=\"column-2\">23\/04\/17<\/td><td class=\"column-3\">2D\/2N Hin Daeng, Hin Muang, Koh Ha &amp; Phi Phi Islands<\/td><td class=\"column-4\">Phuket<\/td>\n<\/tr>\n<tr class=\"row-14\">\n\t<td class=\"column-1\">23\/04\/17<\/td><td class=\"column-2\">27\/04\/17<\/td><td class=\"column-3\">4D\/4N Similan Islands, Koh Bon, Koh Tachai &amp; Richelieu Rock<\/td><td class=\"column-4\">Phuket<\/td>\n<\/tr>\n<tr class=\"row-15\">\n\t<td class=\"column-1\">28\/04\/17<\/td><td class=\"column-2\">04\/05\/17<\/td><td class=\"column-3\">6D\/6N Hin Daeng, Hin Muang, Similan, Koh Bon, Koh Tachai, Richelieu Rock<\/td><td class=\"column-4\">Phuket<\/td>\n<\/tr>\n<tr class=\"row-16\">\n\t<td class=\"column-1\">28\/04\/17<\/td><td class=\"column-2\">30\/04\/17<\/td><td class=\"column-3\">2D\/2N Hin Daeng, Hin Muang, Koh Ha &amp; Phi Phi Islands<\/td><td class=\"column-4\">Phuket<\/td>\n<\/tr>\n<tr class=\"row-17\">\n\t<td class=\"column-1\">30\/04\/17<\/td><td class=\"column-2\">04\/05\/17<\/td><td class=\"column-3\">4D\/4N Similan Islands, Koh Bon, Koh Tachai &amp; Richelieu Rock<\/td><td class=\"column-4\">Phuket<\/td>\n<\/tr>\n<\/tbody>\n<\/table>\n<!-- #tablepress-6 from cache -->\n<p>&nbsp;<\/p>\n","protected":false},"excerpt":{"rendered":"<p>La croisi\u00e8re du MV Giamani dans les \u00celes du Similan inclus les plong\u00e9es dans les sites Koh Bon, Koh tachai &amp; Richelieu Rock. 14 plong\u00e9es &#8211; 4 Jours \/ 4 Nuits \u2013 le d\u00e9part des croisi\u00e8res sont tous les dimanches fin d\u2019apr\u00e8s midi. DIMANCHE \u2013 Bienvenue \u00e0 bord nous partons pour les \u00eeles de Similans [&hellip;]<\/p>\n","protected":false},"author":3,"featured_media":5498,"parent":0,"menu_order":0,"comment_status":"closed","ping_status":"open","template":"","meta":{"_et_pb_use_builder":"","_et_pb_old_content":"","_et_gb_content_width":"","footnotes":""},"class_list":["post-5504","page","type-page","status-publish","has-post-thumbnail","hentry"],"yoast_head":"<!-- This site is optimized with the Yoast SEO plugin v25.1 - https:\/\/yoast.com\/wordpress\/plugins\/seo\/ -->\n<title>MV - Giamani 4 jours de croisi\u00e8res sur les \u00celes de Similan itin\u00e9raire<\/title>\n<meta name=\"description\" content=\"MV Giamani itin\u00e9raire - 4 Jours de croisi\u00e8res dans les Iles de Similan et les Iles de Surin incluant Koh Bon, Koh tachai &amp; Richelieu Rock.\" \/>\n<meta name=\"robots\" content=\"index, follow, max-snippet:-1, max-image-preview:large, max-video-preview:-1\" \/>\n<link rel=\"canonical\" href=\"https:\/\/www.diving-thailand-phuket.com\/fr\/mv-giamani-4-jours-de-croisieres-sur-les-iles-de-similan\/\" \/>\n<meta property=\"og:locale\" content=\"fr_FR\" \/>\n<meta property=\"og:type\" content=\"article\" \/>\n<meta property=\"og:title\" content=\"MV - Giamani 4 jours de croisi\u00e8res sur les \u00celes de Similan itin\u00e9raire\" \/>\n<meta property=\"og:description\" content=\"MV Giamani itin\u00e9raire - 4 Jours de croisi\u00e8res dans les Iles de Similan et les Iles de Surin incluant Koh Bon, Koh tachai &amp; Richelieu Rock.\" \/>\n<meta property=\"og:url\" content=\"https:\/\/www.diving-thailand-phuket.com\/fr\/mv-giamani-4-jours-de-croisieres-sur-les-iles-de-similan\/\" \/>\n<meta property=\"og:site_name\" content=\"Diving in Phuket Thailand\" \/>\n<meta property=\"article:modified_time\" content=\"2020-07-13T06:48:43+00:00\" \/>\n<meta property=\"og:image\" content=\"https:\/\/i0.wp.com\/www.diving-thailand-phuket.com\/wp-content\/uploads\/2014\/06\/MV-Giamani-View-Bow.jpg?fit=1200%2C400&ssl=1\" \/>\n\t<meta property=\"og:image:width\" content=\"1200\" \/>\n\t<meta property=\"og:image:height\" content=\"400\" \/>\n\t<meta property=\"og:image:type\" content=\"image\/jpeg\" \/>\n<meta name=\"twitter:label1\" content=\"Est. reading time\" \/>\n\t<meta name=\"twitter:data1\" content=\"4 minutes\" \/>\n<script type=\"application\/ld+json\" class=\"yoast-schema-graph\">{\"@context\":\"https:\/\/schema.org\",\"@graph\":[{\"@type\":\"WebPage\",\"@id\":\"https:\/\/www.diving-thailand-phuket.com\/fr\/mv-giamani-4-jours-de-croisieres-sur-les-iles-de-similan\/\",\"url\":\"https:\/\/www.diving-thailand-phuket.com\/fr\/mv-giamani-4-jours-de-croisieres-sur-les-iles-de-similan\/\",\"name\":\"MV - Giamani 4 jours de croisi\u00e8res sur les \u00celes de Similan itin\u00e9raire\",\"isPartOf\":{\"@id\":\"https:\/\/www.diving-thailand-phuket.com\/#website\"},\"primaryImageOfPage\":{\"@id\":\"https:\/\/www.diving-thailand-phuket.com\/fr\/mv-giamani-4-jours-de-croisieres-sur-les-iles-de-similan\/#primaryimage\"},\"image\":{\"@id\":\"https:\/\/www.diving-thailand-phuket.com\/fr\/mv-giamani-4-jours-de-croisieres-sur-les-iles-de-similan\/#primaryimage\"},\"thumbnailUrl\":\"https:\/\/i0.wp.com\/www.diving-thailand-phuket.com\/wp-content\/uploads\/2014\/06\/MV-Giamani-View-Bow.jpg?fit=1200%2C400&ssl=1\",\"datePublished\":\"2016-12-22T02:36:10+00:00\",\"dateModified\":\"2020-07-13T06:48:43+00:00\",\"description\":\"MV Giamani itin\u00e9raire - 4 Jours de croisi\u00e8res dans les Iles de Similan et les Iles de Surin incluant Koh Bon, Koh tachai & Richelieu Rock.\",\"breadcrumb\":{\"@id\":\"https:\/\/www.diving-thailand-phuket.com\/fr\/mv-giamani-4-jours-de-croisieres-sur-les-iles-de-similan\/#breadcrumb\"},\"inLanguage\":\"fr-FR\",\"potentialAction\":[{\"@type\":\"ReadAction\",\"target\":[\"https:\/\/www.diving-thailand-phuket.com\/fr\/mv-giamani-4-jours-de-croisieres-sur-les-iles-de-similan\/\"]}]},{\"@type\":\"ImageObject\",\"inLanguage\":\"fr-FR\",\"@id\":\"https:\/\/www.diving-thailand-phuket.com\/fr\/mv-giamani-4-jours-de-croisieres-sur-les-iles-de-similan\/#primaryimage\",\"url\":\"https:\/\/i0.wp.com\/www.diving-thailand-phuket.com\/wp-content\/uploads\/2014\/06\/MV-Giamani-View-Bow.jpg?fit=1200%2C400&ssl=1\",\"contentUrl\":\"https:\/\/i0.wp.com\/www.diving-thailand-phuket.com\/wp-content\/uploads\/2014\/06\/MV-Giamani-View-Bow.jpg?fit=1200%2C400&ssl=1\",\"width\":1200,\"height\":400,\"caption\":\"MV Giamani - View Bow\"},{\"@type\":\"BreadcrumbList\",\"@id\":\"https:\/\/www.diving-thailand-phuket.com\/fr\/mv-giamani-4-jours-de-croisieres-sur-les-iles-de-similan\/#breadcrumb\",\"itemListElement\":[{\"@type\":\"ListItem\",\"position\":1,\"name\":\"Home\",\"item\":\"https:\/\/www.diving-thailand-phuket.com\/\"},{\"@type\":\"ListItem\",\"position\":2,\"name\":\"MV Giamani &#8211; 4 Jours de croisi\u00e8res sur les \u00celes de Similan\"}]},{\"@type\":\"WebSite\",\"@id\":\"https:\/\/www.diving-thailand-phuket.com\/#website\",\"url\":\"https:\/\/www.diving-thailand-phuket.com\/\",\"name\":\"Diving in Phuket Thailand\",\"description\":\"Best Diving in Thailand\",\"potentialAction\":[{\"@type\":\"SearchAction\",\"target\":{\"@type\":\"EntryPoint\",\"urlTemplate\":\"https:\/\/www.diving-thailand-phuket.com\/?s={search_term_string}\"},\"query-input\":{\"@type\":\"PropertyValueSpecification\",\"valueRequired\":true,\"valueName\":\"search_term_string\"}}],\"inLanguage\":\"fr-FR\"}]}<\/script>\n<!-- \/ Yoast SEO plugin. -->","yoast_head_json":{"title":"MV - Giamani 4 jours de croisi\u00e8res sur les \u00celes de Similan itin\u00e9raire","description":"MV Giamani itin\u00e9raire - 4 Jours de croisi\u00e8res dans les Iles de Similan et les Iles de Surin incluant Koh Bon, Koh tachai & Richelieu Rock.","robots":{"index":"index","follow":"follow","max-snippet":"max-snippet:-1","max-image-preview":"max-image-preview:large","max-video-preview":"max-video-preview:-1"},"canonical":"https:\/\/www.diving-thailand-phuket.com\/fr\/mv-giamani-4-jours-de-croisieres-sur-les-iles-de-similan\/","og_locale":"fr_FR","og_type":"article","og_title":"MV - Giamani 4 jours de croisi\u00e8res sur les \u00celes de Similan itin\u00e9raire","og_description":"MV Giamani itin\u00e9raire - 4 Jours de croisi\u00e8res dans les Iles de Similan et les Iles de Surin incluant Koh Bon, Koh tachai & Richelieu Rock.","og_url":"https:\/\/www.diving-thailand-phuket.com\/fr\/mv-giamani-4-jours-de-croisieres-sur-les-iles-de-similan\/","og_site_name":"Diving in Phuket Thailand","article_modified_time":"2020-07-13T06:48:43+00:00","og_image":[{"width":1200,"height":400,"url":"https:\/\/i0.wp.com\/www.diving-thailand-phuket.com\/wp-content\/uploads\/2014\/06\/MV-Giamani-View-Bow.jpg?fit=1200%2C400&ssl=1","type":"image\/jpeg"}],"twitter_misc":{"Est. reading time":"4 minutes"},"schema":{"@context":"https:\/\/schema.org","@graph":[{"@type":"WebPage","@id":"https:\/\/www.diving-thailand-phuket.com\/fr\/mv-giamani-4-jours-de-croisieres-sur-les-iles-de-similan\/","url":"https:\/\/www.diving-thailand-phuket.com\/fr\/mv-giamani-4-jours-de-croisieres-sur-les-iles-de-similan\/","name":"MV - Giamani 4 jours de croisi\u00e8res sur les \u00celes de Similan itin\u00e9raire","isPartOf":{"@id":"https:\/\/www.diving-thailand-phuket.com\/#website"},"primaryImageOfPage":{"@id":"https:\/\/www.diving-thailand-phuket.com\/fr\/mv-giamani-4-jours-de-croisieres-sur-les-iles-de-similan\/#primaryimage"},"image":{"@id":"https:\/\/www.diving-thailand-phuket.com\/fr\/mv-giamani-4-jours-de-croisieres-sur-les-iles-de-similan\/#primaryimage"},"thumbnailUrl":"https:\/\/i0.wp.com\/www.diving-thailand-phuket.com\/wp-content\/uploads\/2014\/06\/MV-Giamani-View-Bow.jpg?fit=1200%2C400&ssl=1","datePublished":"2016-12-22T02:36:10+00:00","dateModified":"2020-07-13T06:48:43+00:00","description":"MV Giamani itin\u00e9raire - 4 Jours de croisi\u00e8res dans les Iles de Similan et les Iles de Surin incluant Koh Bon, Koh tachai & Richelieu Rock.","breadcrumb":{"@id":"https:\/\/www.diving-thailand-phuket.com\/fr\/mv-giamani-4-jours-de-croisieres-sur-les-iles-de-similan\/#breadcrumb"},"inLanguage":"fr-FR","potentialAction":[{"@type":"ReadAction","target":["https:\/\/www.diving-thailand-phuket.com\/fr\/mv-giamani-4-jours-de-croisieres-sur-les-iles-de-similan\/"]}]},{"@type":"ImageObject","inLanguage":"fr-FR","@id":"https:\/\/www.diving-thailand-phuket.com\/fr\/mv-giamani-4-jours-de-croisieres-sur-les-iles-de-similan\/#primaryimage","url":"https:\/\/i0.wp.com\/www.diving-thailand-phuket.com\/wp-content\/uploads\/2014\/06\/MV-Giamani-View-Bow.jpg?fit=1200%2C400&ssl=1","contentUrl":"https:\/\/i0.wp.com\/www.diving-thailand-phuket.com\/wp-content\/uploads\/2014\/06\/MV-Giamani-View-Bow.jpg?fit=1200%2C400&ssl=1","width":1200,"height":400,"caption":"MV Giamani - View Bow"},{"@type":"BreadcrumbList","@id":"https:\/\/www.diving-thailand-phuket.com\/fr\/mv-giamani-4-jours-de-croisieres-sur-les-iles-de-similan\/#breadcrumb","itemListElement":[{"@type":"ListItem","position":1,"name":"Home","item":"https:\/\/www.diving-thailand-phuket.com\/"},{"@type":"ListItem","position":2,"name":"MV Giamani &#8211; 4 Jours de croisi\u00e8res sur les \u00celes de Similan"}]},{"@type":"WebSite","@id":"https:\/\/www.diving-thailand-phuket.com\/#website","url":"https:\/\/www.diving-thailand-phuket.com\/","name":"Diving in Phuket Thailand","description":"Best Diving in Thailand","potentialAction":[{"@type":"SearchAction","target":{"@type":"EntryPoint","urlTemplate":"https:\/\/www.diving-thailand-phuket.com\/?s={search_term_string}"},"query-input":{"@type":"PropertyValueSpecification","valueRequired":true,"valueName":"search_term_string"}}],"inLanguage":"fr-FR"}]}},"jetpack_sharing_enabled":true,"_links":{"self":[{"href":"https:\/\/www.diving-thailand-phuket.com\/fr\/wp-json\/wp\/v2\/pages\/5504","targetHints":{"allow":["GET"]}}],"collection":[{"href":"https:\/\/www.diving-thailand-phuket.com\/fr\/wp-json\/wp\/v2\/pages"}],"about":[{"href":"https:\/\/www.diving-thailand-phuket.com\/fr\/wp-json\/wp\/v2\/types\/page"}],"author":[{"embeddable":true,"href":"https:\/\/www.diving-thailand-phuket.com\/fr\/wp-json\/wp\/v2\/users\/3"}],"replies":[{"embeddable":true,"href":"https:\/\/www.diving-thailand-phuket.com\/fr\/wp-json\/wp\/v2\/comments?post=5504"}],"version-history":[{"count":1,"href":"https:\/\/www.diving-thailand-phuket.com\/fr\/wp-json\/wp\/v2\/pages\/5504\/revisions"}],"predecessor-version":[{"id":8376,"href":"https:\/\/www.diving-thailand-phuket.com\/fr\/wp-json\/wp\/v2\/pages\/5504\/revisions\/8376"}],"wp:featuredmedia":[{"embeddable":true,"href":"https:\/\/www.diving-thailand-phuket.com\/fr\/wp-json\/wp\/v2\/media\/5498"}],"wp:attachment":[{"href":"https:\/\/www.diving-thailand-phuket.com\/fr\/wp-json\/wp\/v2\/media?parent=5504"}],"curies":[{"name":"wp","href":"https:\/\/api.w.org\/{rel}","templated":true}]}}