{"id":4337,"date":"2016-06-29T10:26:38","date_gmt":"2016-06-29T03:26:38","guid":{"rendered":"https:\/\/www.diving-thailand-phuket.com\/de\/tauchen-in-thailand-mmit-colona-liveaboards\/"},"modified":"2020-07-13T11:34:41","modified_gmt":"2020-07-13T04:34:41","slug":"tauchen-in-thailand-mmit-colona-liveaboards","status":"publish","type":"page","link":"https:\/\/www.diving-thailand-phuket.com\/de\/","title":{"rendered":"Tauchen in Thailand mit Colona Liveaboards"},"content":{"rendered":"<p>[et_pb_section fb_built=&#8221;1&#8243; _builder_version=&#8221;3.22&#8243;][et_pb_row _builder_version=&#8221;4.5.0&#8243; background_size=&#8221;initial&#8221; background_position=&#8221;top_left&#8221; background_repeat=&#8221;repeat&#8221; hover_enabled=&#8221;0&#8243; admin_label=&#8221;Giamani&#8221;][et_pb_column type=&#8221;4_4&#8243; _builder_version=&#8221;3.25&#8243; custom_padding=&#8221;|||&#8221; custom_padding__hover=&#8221;|||&#8221;][et_pb_text _builder_version=&#8221;4.5.0&#8243; _module_preset=&#8221;default&#8221;]<\/p>\n<h2 class=\"widgettitle\">MV Giamani<\/h2>\n<p>[\/et_pb_text][et_pb_image src=&#8221;https:\/\/www.diving-thailand-phuket.com\/wp-content\/uploads\/2014\/06\/MV-Giamani-Thailand-Liveaboard.jpg&#8221; alt=&#8221;MV Giamani &#8211; Thailand Tauchsafaris&#8221; title_text=&#8221;MV Giamani &#8211; Thailand Tauchsafaris&#8221; _builder_version=&#8221;4.5.0&#8243; _module_preset=&#8221;default&#8221;][\/et_pb_image][et_pb_text _builder_version=&#8221;4.5.0&#8243; _module_preset=&#8221;default&#8221;]MV Giamani ist in Besitz von Colona Liveaboards und bietet Tauchfahrten in S\u00fcden von Thailand und zu den Similan Inseln, Koh Bon, Koh Tachai, Richelieu Rock und nach Myanmar (Burma).<br \/>\n[\/et_pb_text][\/et_pb_column][\/et_pb_row][et_pb_row _builder_version=&#8221;4.5.0&#8243; _module_preset=&#8221;default&#8221; admin_label=&#8221;LVB&#8221; hover_enabled=&#8221;0&#8243;][et_pb_column _builder_version=&#8221;4.5.0&#8243; _module_preset=&#8221;default&#8221; type=&#8221;4_4&#8243;][et_pb_text _builder_version=&#8221;4.5.0&#8243; _module_preset=&#8221;default&#8221; hover_enabled=&#8221;0&#8243;]<\/p>\n<h2 class=\"widgettitle\">Alternative Thailand Tauchsafaris<\/h2>\n<p>[\/et_pb_text][et_pb_slider _builder_version=&#8221;4.5.0&#8243; _module_preset=&#8221;default&#8221;][et_pb_slide heading=&#8221;MV Pawara&#8221; button_text=&#8221;Weiter lesen&#8221; button_link=&#8221;https:\/\/www.diving-thailand-phuket.com\/de\/thailand-tauchsafari\/mv-pawara\/&#8221; use_bg_overlay=&#8221;on&#8221; use_text_overlay=&#8221;off&#8221; _builder_version=&#8221;4.5.0&#8243; _module_preset=&#8221;default&#8221; background_image=&#8221;https:\/\/www.diving-thailand-phuket.com\/wp-content\/uploads\/2015\/02\/MV-Pawara-Thailand-Liveaboard.jpg&#8221; background_enable_image=&#8221;on&#8221;]Die MV Pawara ist ein speziell f\u00fcr Taucher gebautes Boot mit ger\u00e4umigen Kabinen die alle \u00fcber ein Bad\/WC und reg. Klimaanlage verf\u00fcgen. Gebaut wurde das Boot 2006 in Phuket und hat eine Breite von 7 Meter bei einer L\u00e4nge von &#8230;<br \/>\n[\/et_pb_slide][et_pb_slide heading=&#8221;MV Sawasdee Fasai&#8221; button_text=&#8221;Weiter lesen&#8221; button_link=&#8221;\/?page_id=5244&#8243; use_bg_overlay=&#8221;on&#8221; use_text_overlay=&#8221;off&#8221; _builder_version=&#8221;4.5.0&#8243; _module_preset=&#8221;default&#8221; background_image=&#8221;https:\/\/www.diving-thailand-phuket.com\/wp-content\/uploads\/2016\/11\/Thailand-Liveaboard-MV-Sawasdee-Fasai.jpg&#8221; background_enable_image=&#8221;on&#8221;]MV Sawasdee Fasai ist das Schwesetrschiff der MV Pawara und bietet den gleichen Standard&#8230;<br \/>\n[\/et_pb_slide][et_pb_slide heading=&#8221;MV Deep Andaman Queen&#8221; button_text=&#8221;Weiter lesen&#8221; button_link=&#8221;https:\/\/www.diving-thailand-phuket.com\/de\/thailand-tauchsafari\/deep-andaman-queen\/&#8221; use_bg_overlay=&#8221;on&#8221; use_text_overlay=&#8221;off&#8221; _builder_version=&#8221;4.5.0&#8243; _module_preset=&#8221;default&#8221; background_image=&#8221;https:\/\/www.diving-thailand-phuket.com\/wp-content\/uploads\/2020\/07\/Deep-Andaman-Queen.jpg&#8221; background_enable_image=&#8221;on&#8221;]Deep Andaman Queen ist eines der bekannten Tauchsafari-Boote in der Andamanensee von Thailand. Das Schiff ist 28 Meter lang und 7 Meter breit mit einem Stahlrumpf und zwei kr\u00e4ftigen Maschinen ausgestattet. Das Schiff entspricht den h\u00f6chsten Sicherheitsstandards und bietet 21 &#8230;.<br \/>\n[\/et_pb_slide][et_pb_slide heading=&#8221;The Junk&#8221; button_text=&#8221;Weiter lesen&#8221; button_link=&#8221;https:\/\/www.diving-thailand-phuket.com\/de\/thailand-tauchsafari\/the-junk\/&#8221; use_bg_overlay=&#8221;on&#8221; use_text_overlay=&#8221;off&#8221; _builder_version=&#8221;4.5.0&#8243; _module_preset=&#8221;default&#8221; background_image=&#8221;https:\/\/www.diving-thailand-phuket.com\/wp-content\/uploads\/2014\/09\/The-Junk-Similan-Islands-Liveaboard.jpg&#8221; background_enable_image=&#8221;on&#8221;]Sobald Sie den ersten Schritt an Bord der Junk gemacht haben werden Sie sich wohlf\u00fchlen und vorkommen als wenn Sie in einer l\u00e4ngst vergangenen Zeit angekommen sind.\u00a0 Genie\u00dfen Sie Ihren Tauchurlaub auf der Junke und Tauchen an den sch\u00f6nsten Tauchpl\u00e4tzen &#8230;.<br \/>\n[\/et_pb_slide][\/et_pb_slider][\/et_pb_column][\/et_pb_row][et_pb_row _builder_version=&#8221;4.5.0&#8243; _module_preset=&#8221;default&#8221;][et_pb_column _builder_version=&#8221;4.5.0&#8243; _module_preset=&#8221;default&#8221; type=&#8221;4_4&#8243;][et_pb_text _builder_version=&#8221;4.5.0&#8243; _module_preset=&#8221;default&#8221; hover_enabled=&#8221;0&#8243;]<\/p>\n<h2>Tauchen in Phuket<\/h2>\n<p>[\/et_pb_text][et_pb_slider _builder_version=&#8221;4.5.0&#8243; _module_preset=&#8221;default&#8221; alt=&#8221;Phuket Diving Sites&#8221; title_text=&#8221;Phuket Diving Sites&#8221; background_image=&#8221;https:\/\/www.diving-thailand-phuket.com\/wp-content\/uploads\/2020\/07\/Racha-Islands-Dive-Sites-Top-Page.jpg&#8221; parallax=&#8221;on&#8221; hover_enabled=&#8221;0&#8243;][et_pb_slide _builder_version=&#8221;4.5.0&#8243; _module_preset=&#8221;default&#8221; heading=&#8221;Tauchtagestouren in Phuket&#8221; use_bg_overlay=&#8221;on&#8221; use_text_overlay=&#8221;on&#8221; button_text=&#8221;Weiter lesen&#8221; hover_enabled=&#8221;0&#8243; alt=&#8221;Carmen with Lion Fish &#8211; Diving Similan Islands&#8221; title_text=&#8221;Carmen with Lion Fish &#8211; Diving Similan Islands&#8221; image=&#8221;https:\/\/www.diving-thailand-phuket.com\/wp-content\/uploads\/2017\/02\/Carmen-with-Lion-Fish-Diving-Similan-Islands.jpg&#8221;]Tauchtagestouren in Phuket mit Colona Liveaboards an Bord MV Sea Fun.\u00a0Kleine Gruppen! Max. 25 Taucher an Bord! Service der Extra Klasse!<br \/>\n[\/et_pb_slide][et_pb_slide heading=&#8221;Phuket Tauchkurse&#8221; button_text=&#8221;Weiter lesen&#8221; _builder_version=&#8221;4.5.0&#8243; _module_preset=&#8221;default&#8221; use_bg_overlay=&#8221;on&#8221; use_text_overlay=&#8221;on&#8221; alt=&#8221;Scuba Diving Course Thailand&#8221; title_text=&#8221;Scuba Diving Course Thailand&#8221; image=&#8221;https:\/\/www.diving-thailand-phuket.com\/wp-content\/uploads\/2015\/08\/Scuba-Diving-Course-Thailand-e1445906992560.jpg&#8221; hover_enabled=&#8221;0&#8243; box_shadow_style_image=&#8221;preset1&#8243;]Tauchen Lernen in Phuket mit PADI &amp; SSI Tauchkursen. Von Anf\u00e4ngerkursen bis hin zum Divemaster bieten wir alle Kurse an.<br \/>\n[\/et_pb_slide][\/et_pb_slider][\/et_pb_column][\/et_pb_row][et_pb_row _builder_version=&#8221;4.5.0&#8243; _module_preset=&#8221;default&#8221;][et_pb_column _builder_version=&#8221;4.5.0&#8243; _module_preset=&#8221;default&#8221; type=&#8221;4_4&#8243;][et_pb_post_slider _builder_version=&#8221;4.5.0&#8243; _module_preset=&#8221;default&#8221; include_categories=&#8221;152&#8243; show_meta=&#8221;off&#8221; hover_enabled=&#8221;0&#8243;][\/et_pb_post_slider][\/et_pb_column][\/et_pb_row][\/et_pb_section]<\/p>\n","protected":false},"excerpt":{"rendered":"<p>MV Giamani MV Giamani ist in Besitz von Colona Liveaboards und bietet Tauchfahrten in S\u00fcden von Thailand und zu den Similan Inseln, Koh Bon, Koh Tachai, Richelieu Rock und nach Myanmar (Burma). Alternative Thailand Tauchsafaris Die MV Pawara ist ein speziell f\u00fcr Taucher gebautes Boot mit ger\u00e4umigen Kabinen die alle \u00fcber ein Bad\/WC und reg. [&hellip;]<\/p>\n","protected":false},"author":3,"featured_media":0,"parent":0,"menu_order":0,"comment_status":"closed","ping_status":"closed","template":"","meta":{"_et_pb_use_builder":"on","_et_pb_old_content":"","_et_gb_content_width":"","footnotes":""},"class_list":["post-4337","page","type-page","status-publish","hentry"],"yoast_head":"<!-- This site is optimized with the Yoast SEO plugin v25.1 - https:\/\/yoast.com\/wordpress\/plugins\/seo\/ -->\n<title>Tauchen in Thailand mit Colona Liveaboards<\/title>\n<meta name=\"description\" content=\"Tauchen in Thailand mit Colona Liveaboards. Tagestouren, Tauchsafaris und Tauchkurse\" \/>\n<meta name=\"robots\" content=\"index, follow, max-snippet:-1, max-image-preview:large, max-video-preview:-1\" \/>\n<link rel=\"canonical\" href=\"https:\/\/www.diving-thailand-phuket.com\/de\/\" \/>\n<meta property=\"og:locale\" content=\"de_DE\" \/>\n<meta property=\"og:type\" content=\"article\" \/>\n<meta property=\"og:title\" content=\"Tauchen in Thailand mit Colona Liveaboards\" \/>\n<meta property=\"og:description\" content=\"Tauchen in Thailand mit Colona Liveaboards. Tagestouren, Tauchsafaris und Tauchkurse\" \/>\n<meta property=\"og:url\" content=\"https:\/\/www.diving-thailand-phuket.com\/de\/\" \/>\n<meta property=\"og:site_name\" content=\"Tauchen in Phuket Thailand\" \/>\n<meta property=\"article:modified_time\" content=\"2020-07-13T04:34:41+00:00\" \/>\n<meta name=\"twitter:label1\" content=\"Est. reading time\" \/>\n\t<meta name=\"twitter:data1\" content=\"4 minutes\" \/>\n<script type=\"application\/ld+json\" class=\"yoast-schema-graph\">{\"@context\":\"https:\/\/schema.org\",\"@graph\":[{\"@type\":\"WebPage\",\"@id\":\"https:\/\/www.diving-thailand-phuket.com\/de\/\",\"url\":\"https:\/\/www.diving-thailand-phuket.com\/de\/\",\"name\":\"Tauchen in Thailand mit Colona Liveaboards\",\"isPartOf\":{\"@id\":\"https:\/\/www.diving-thailand-phuket.com\/#website\"},\"datePublished\":\"2016-06-29T03:26:38+00:00\",\"dateModified\":\"2020-07-13T04:34:41+00:00\",\"description\":\"Tauchen in Thailand mit Colona Liveaboards. Tagestouren, Tauchsafaris und Tauchkurse\",\"breadcrumb\":{\"@id\":\"https:\/\/www.diving-thailand-phuket.com\/de\/#breadcrumb\"},\"inLanguage\":\"de-DE\",\"potentialAction\":[{\"@type\":\"ReadAction\",\"target\":[\"https:\/\/www.diving-thailand-phuket.com\/de\/\"]}]},{\"@type\":\"BreadcrumbList\",\"@id\":\"https:\/\/www.diving-thailand-phuket.com\/de\/#breadcrumb\",\"itemListElement\":[{\"@type\":\"ListItem\",\"position\":1,\"name\":\"Home\",\"item\":\"https:\/\/www.diving-thailand-phuket.com\/de\/\"},{\"@type\":\"ListItem\",\"position\":2,\"name\":\"Tauchen in Thailand mit Colona Liveaboards\"}]},{\"@type\":\"WebSite\",\"@id\":\"https:\/\/www.diving-thailand-phuket.com\/#website\",\"url\":\"https:\/\/www.diving-thailand-phuket.com\/\",\"name\":\"Tauchen in Phuket Thailand\",\"description\":\"Best Diving in Thailand\",\"potentialAction\":[{\"@type\":\"SearchAction\",\"target\":{\"@type\":\"EntryPoint\",\"urlTemplate\":\"https:\/\/www.diving-thailand-phuket.com\/?s={search_term_string}\"},\"query-input\":{\"@type\":\"PropertyValueSpecification\",\"valueRequired\":true,\"valueName\":\"search_term_string\"}}],\"inLanguage\":\"de-DE\"}]}<\/script>\n<!-- \/ Yoast SEO plugin. -->","yoast_head_json":{"title":"Tauchen in Thailand mit Colona Liveaboards","description":"Tauchen in Thailand mit Colona Liveaboards. Tagestouren, Tauchsafaris und Tauchkurse","robots":{"index":"index","follow":"follow","max-snippet":"max-snippet:-1","max-image-preview":"max-image-preview:large","max-video-preview":"max-video-preview:-1"},"canonical":"https:\/\/www.diving-thailand-phuket.com\/de\/","og_locale":"de_DE","og_type":"article","og_title":"Tauchen in Thailand mit Colona Liveaboards","og_description":"Tauchen in Thailand mit Colona Liveaboards. Tagestouren, Tauchsafaris und Tauchkurse","og_url":"https:\/\/www.diving-thailand-phuket.com\/de\/","og_site_name":"Tauchen in Phuket Thailand","article_modified_time":"2020-07-13T04:34:41+00:00","twitter_misc":{"Est. reading time":"4 minutes"},"schema":{"@context":"https:\/\/schema.org","@graph":[{"@type":"WebPage","@id":"https:\/\/www.diving-thailand-phuket.com\/de\/","url":"https:\/\/www.diving-thailand-phuket.com\/de\/","name":"Tauchen in Thailand mit Colona Liveaboards","isPartOf":{"@id":"https:\/\/www.diving-thailand-phuket.com\/#website"},"datePublished":"2016-06-29T03:26:38+00:00","dateModified":"2020-07-13T04:34:41+00:00","description":"Tauchen in Thailand mit Colona Liveaboards. Tagestouren, Tauchsafaris und Tauchkurse","breadcrumb":{"@id":"https:\/\/www.diving-thailand-phuket.com\/de\/#breadcrumb"},"inLanguage":"de-DE","potentialAction":[{"@type":"ReadAction","target":["https:\/\/www.diving-thailand-phuket.com\/de\/"]}]},{"@type":"BreadcrumbList","@id":"https:\/\/www.diving-thailand-phuket.com\/de\/#breadcrumb","itemListElement":[{"@type":"ListItem","position":1,"name":"Home","item":"https:\/\/www.diving-thailand-phuket.com\/de\/"},{"@type":"ListItem","position":2,"name":"Tauchen in Thailand mit Colona Liveaboards"}]},{"@type":"WebSite","@id":"https:\/\/www.diving-thailand-phuket.com\/#website","url":"https:\/\/www.diving-thailand-phuket.com\/","name":"Tauchen in Phuket Thailand","description":"Best Diving in Thailand","potentialAction":[{"@type":"SearchAction","target":{"@type":"EntryPoint","urlTemplate":"https:\/\/www.diving-thailand-phuket.com\/?s={search_term_string}"},"query-input":{"@type":"PropertyValueSpecification","valueRequired":true,"valueName":"search_term_string"}}],"inLanguage":"de-DE"}]}},"jetpack_sharing_enabled":true,"_links":{"self":[{"href":"https:\/\/www.diving-thailand-phuket.com\/de\/wp-json\/wp\/v2\/pages\/4337","targetHints":{"allow":["GET"]}}],"collection":[{"href":"https:\/\/www.diving-thailand-phuket.com\/de\/wp-json\/wp\/v2\/pages"}],"about":[{"href":"https:\/\/www.diving-thailand-phuket.com\/de\/wp-json\/wp\/v2\/types\/page"}],"author":[{"embeddable":true,"href":"https:\/\/www.diving-thailand-phuket.com\/de\/wp-json\/wp\/v2\/users\/3"}],"replies":[{"embeddable":true,"href":"https:\/\/www.diving-thailand-phuket.com\/de\/wp-json\/wp\/v2\/comments?post=4337"}],"version-history":[{"count":3,"href":"https:\/\/www.diving-thailand-phuket.com\/de\/wp-json\/wp\/v2\/pages\/4337\/revisions"}],"predecessor-version":[{"id":8329,"href":"https:\/\/www.diving-thailand-phuket.com\/de\/wp-json\/wp\/v2\/pages\/4337\/revisions\/8329"}],"wp:attachment":[{"href":"https:\/\/www.diving-thailand-phuket.com\/de\/wp-json\/wp\/v2\/media?parent=4337"}],"curies":[{"name":"wp","href":"https:\/\/api.w.org\/{rel}","templated":true}]}}