{"id":4286,"date":"2016-06-28T13:28:37","date_gmt":"2016-06-28T06:28:37","guid":{"rendered":"https:\/\/www.diving-thailand-phuket.com\/mv-giamani-6-tage-thailand-tauchsafari\/?lang=de"},"modified":"2016-07-19T13:36:28","modified_gmt":"2016-07-19T06:36:28","slug":"mv-giamani-6-tage-thailand-tauchsafari","status":"publish","type":"page","link":"https:\/\/www.diving-thailand-phuket.com\/de\/mv-giamani-6-tage-thailand-tauchsafari\/","title":{"rendered":"MV Giamani &#8211; 6 Tage Thailand Tauchsafari"},"content":{"rendered":"<p><span id=\"result_box\" class=\"\" lang=\"de\"><\/span><span id=\"result_box\" class=\"\" lang=\"de\"><span class=\"\">Thailand<\/span> kombinierte Tauchsafari; Besuchen Sie die sch\u00f6nsten Tauchpl\u00e4tze im Norden bei Similan , Surin und die sch\u00f6nsten im S\u00fcden von Phuket bis Hin Daeng.<\/span><\/p>\n<h3>21 Tauchg\u00e4nge &#8211; 6 Tage \/ 6 N\u00e4chte &#8211; Tauchsafari Abfahrt jeden Freitagabend<\/h3>\n<p><b>Freitag <\/b>\u2013 Abfahrt um ca. 20 Uhr von der Chalong Bay, Phuket nach Koh Haa mit thail\u00e4ndischem Abendbuffet.<\/p>\n<p><b>Samstag <\/b>\u2013 Morgens gehts um 8 Uhr zum ersten Tauchgang in Koh Haa. Zum eingew\u00f6hnen ein Idealer Platz mit Hart und Weichkorallen. Von dort zwei Stunden s\u00fcdlich nach, w\u00e4hrend des Fr\u00fchst\u00fccks, Hin Daeng und Hin Muang. Der zweite Tauchgang ist gegen 11.00 bevor es um 13 Uhr Mittagessen gibt. Beide Tauchpl\u00e4tze sind immer f\u00fcr eine \u00dcberraschung gut. Es kommt hier \u00f6fter was gro\u00dfes vorbei. Welche Platz als erstes getaucht wird liegt an den Gezeiten. Um 14.30 Uhr dann der dritte Tauchgang, wo es danach wieder nach Koh Haa geht zum Sunsetdive. W\u00e4hrend des Abendessens gehts dann nach Phi Phi Island wo \u00fcbernachtet wird.<\/p>\n<p><b>Sonntag<\/b> &#8211; Am zweiten Tag wird um 7.30 Koh Bida Nok oder Koh Bida Nai getaucht, bevor die Tagestourboote von Phi Phi Island ankommen. Danach Fr\u00fchst\u00fcck und halbe Fahrt zum Sharkpoint wo die\u00a0Leopardenhaie warten. Hier ist der Makrobereich sehr vielseitig, mit Seepferdchen, Geisterfetzenfisch und Nacktschnecken ist f\u00fcr den Fotografen alles dabei. Erstmal Mittagessen und dann weiter nach Westen liegt der letzte Tauchplatz der Tour,\u00a0Koh Dok Mai. So gegen 14 Uhr im Wasser kann man hier bei guten Gezeiten einen anst\u00e4ndigen Str\u00f6hmungstauchgang hinlegen. Genauso wie am Sharkpoint steht hier der Makrobereich im Vordergrund. Im Sand unter den Korallenbl\u00f6cken mit etwas Gl\u00fcck, der Ammenhai. Alle an board gehts Richtung Chalong wo wir um ca. 16 Uhr ankommen dort haben Sie dann die M\u00f6glichket zur Massage, oder die L\u00e4den und Bars zu besuchen. F\u00fcr die G\u00e4ste die es eher ruhig haben wollen, k\u00f6nnen auf dem Boot bleiben bis es abends weitergeht zu den Similan Inseln.<\/p>\n<p><b>Montag<\/b> \u2013 Aufgwacht im Similan Nationalpark steht der erste Tauchgang um 8 Uhr an. Getaucht wird meistens Anita\u2019s Reef (Similan #5 \u2013 Koh Ha), ein sch\u00f6ner Tauchplatz zum eingew\u00f6hnen. Danach gibt es Fr\u00fchst\u00fcck bevor es um 11.30 Uhr weiter geht zum\u00a0 West of Eden (Similan #7 \u2013 Koh Pabu), mit seinen Granitfelsen und wundersch\u00f6nen Weichkorallen. Um 13 Uhr gibt es dann Mittagessen und zwei Stunden Pause zum entspannen. Um 15 Uhr gehts zum\u00a0Elephant Head Rock (Hin Pusa) um vielleicht den Weisspitzen-Riffhai zu sehen. Danach gehts nach Norden zur Insel Nr.8 wo man die M\u00f6glichkeit hat an den Strand zu gehen oder einen Aussichtpunkt zu besuchen. So gegen 19 Uhr folgt der Nachttauchgang in der Donald Duck Bay (Ao Guerk). 20 Uhr ein anst\u00e4ndiges Abendessen und Zeit den Tag nochmal Revue passieren zu lassen.<\/p>\n<p><b>Dienstag<\/b> \u2013 Dieser Tag ist immer gut f\u00fcr den Manta. Morgens gehts fr\u00fch nach Koh Bon wo der erste Tauchgang um 7.30 uhr stattfindet. Zwei Tauchpl\u00e4tze warten hier und je nach Gezeiten wird die Reihenfolge festgelegt. Nach dem Fr\u00fchst\u00fcck gehts um 11.30 wieder ins Wasser bevor es in der Mittagspause nach Koh Tachai weitergeht. Um 14.30 wird der Tachai Pinnale getaucht der auch immer f\u00fcr den Manta oder Walhai gut ist. Genug Zeit zum entspannen bleibt bis zum letzten Tauchgang der gegen 18 Uhr am Tachai Reef ist. Abendessen gegen 20 Uhr und erstmal Logbuch schreiben.<br \/>\n<b>Mittwoch<\/b> &#8211; Um 7.30 wird nochmal am Tachai Pinnacle getaucht um ausschau nach dem Manta zu halten. Beim Fr\u00fchst\u00fcck dann zu wohl zum beliebtesten und vielleicht besten Tauchplatz der Tour, dem Richelieu Rock. Zwei Tauchg\u00e4nge sind hier geplant ohne Zeitangabe, da es sich hier empfiehlt ins Wasser zu gehen wenn die anderen raus kommen. Von dem n\u00f6rdlichsten Punkt unserer Tour geht es dann wieder in den S\u00fcden zum Boonsung Wreck. Je nach Ankunft ist hier der letzte Tauchgang des Tages zwischen 19 und 20 Uhr. Nach dem Nachtauchgang das letzte Abendessen, was immer etwas spezielles hat mit gem\u00fctlichem zusammensitzen.<\/p>\n<p><b>Donnerstag<\/b> \u2013Am letzten Tag geht es um 7 Uhr zur MV Sea Chart. Das Schiff ist 2009 gesunken und einer der Highlights auf der Tour. Der Letzte Tauchgang um 9.30 ist ebenfalls am Wrack, dem Naiyak Wrack. Viele Scorpionfische und Nacktschnecken sind hier das Ziel der Fotografen. Nachdem dann alle wieder an Board sind geht es nach S\u00fcden zur\u00fcck in die Chalong Bay von Phuket. Auf der R\u00fcckfahrt wird Mittagessen serviert und Relaxt. Es ist dann immer noch genug Zeit um seine Sachen zu packen und die Logb\u00fccher zu stempeln. Um etwa 17 ist Ankunft in Chalong wo der Minibus schon wartet um die G\u00e4ste zu ihrem Hotel zu bringen.<\/p>\n","protected":false},"excerpt":{"rendered":"<p>Thailand kombinierte Tauchsafari; Besuchen Sie die sch\u00f6nsten Tauchpl\u00e4tze im Norden bei Similan , Surin und die sch\u00f6nsten im S\u00fcden von Phuket bis Hin Daeng. 21 Tauchg\u00e4nge &#8211; 6 Tage \/ 6 N\u00e4chte &#8211; Tauchsafari Abfahrt jeden Freitagabend Freitag \u2013 Abfahrt um ca. 20 Uhr von der Chalong Bay, Phuket nach Koh Haa mit thail\u00e4ndischem Abendbuffet. [&hellip;]<\/p>\n","protected":false},"author":3,"featured_media":6679,"parent":0,"menu_order":0,"comment_status":"closed","ping_status":"open","template":"","meta":{"_et_pb_use_builder":"","_et_pb_old_content":"","_et_gb_content_width":"","footnotes":""},"class_list":["post-4286","page","type-page","status-publish","has-post-thumbnail","hentry"],"yoast_head":"<!-- This site is optimized with the Yoast SEO plugin v25.1 - https:\/\/yoast.com\/wordpress\/plugins\/seo\/ -->\n<title>6 Tage Nord-S\u00fcd kombinierte Thailand Tauchsafari<\/title>\n<meta name=\"description\" content=\"6 Tage Nord-S\u00fcd kombinierte Thailand Tauchsafari auf der MV Giamani, Tauchen in der ersten Klasse.\" \/>\n<meta name=\"robots\" content=\"index, follow, max-snippet:-1, max-image-preview:large, max-video-preview:-1\" \/>\n<link rel=\"canonical\" href=\"https:\/\/www.diving-thailand-phuket.com\/de\/mv-giamani-6-tage-thailand-tauchsafari\/\" \/>\n<meta property=\"og:locale\" content=\"de_DE\" \/>\n<meta property=\"og:type\" content=\"article\" \/>\n<meta property=\"og:title\" content=\"6 Tage Nord-S\u00fcd kombinierte Thailand Tauchsafari\" \/>\n<meta property=\"og:description\" content=\"6 Tage Nord-S\u00fcd kombinierte Thailand Tauchsafari auf der MV Giamani, Tauchen in der ersten Klasse.\" \/>\n<meta property=\"og:url\" content=\"https:\/\/www.diving-thailand-phuket.com\/de\/mv-giamani-6-tage-thailand-tauchsafari\/\" \/>\n<meta property=\"og:site_name\" content=\"Tauchen in Phuket Thailand\" \/>\n<meta property=\"article:modified_time\" content=\"2016-07-19T06:36:28+00:00\" \/>\n<meta property=\"og:image\" content=\"https:\/\/i0.wp.com\/www.diving-thailand-phuket.com\/wp-content\/uploads\/2016\/07\/Giamani-back-12-4.jpg?fit=1200%2C400&ssl=1\" \/>\n\t<meta property=\"og:image:width\" content=\"1200\" \/>\n\t<meta property=\"og:image:height\" content=\"400\" \/>\n\t<meta property=\"og:image:type\" content=\"image\/jpeg\" \/>\n<meta name=\"twitter:label1\" content=\"Est. reading time\" \/>\n\t<meta name=\"twitter:data1\" content=\"4 minutes\" \/>\n<script type=\"application\/ld+json\" class=\"yoast-schema-graph\">{\"@context\":\"https:\/\/schema.org\",\"@graph\":[{\"@type\":\"WebPage\",\"@id\":\"https:\/\/www.diving-thailand-phuket.com\/de\/mv-giamani-6-tage-thailand-tauchsafari\/\",\"url\":\"https:\/\/www.diving-thailand-phuket.com\/de\/mv-giamani-6-tage-thailand-tauchsafari\/\",\"name\":\"6 Tage Nord-S\u00fcd kombinierte Thailand Tauchsafari\",\"isPartOf\":{\"@id\":\"https:\/\/www.diving-thailand-phuket.com\/#website\"},\"primaryImageOfPage\":{\"@id\":\"https:\/\/www.diving-thailand-phuket.com\/de\/mv-giamani-6-tage-thailand-tauchsafari\/#primaryimage\"},\"image\":{\"@id\":\"https:\/\/www.diving-thailand-phuket.com\/de\/mv-giamani-6-tage-thailand-tauchsafari\/#primaryimage\"},\"thumbnailUrl\":\"https:\/\/i0.wp.com\/www.diving-thailand-phuket.com\/wp-content\/uploads\/2016\/07\/Giamani-back-12-4.jpg?fit=1200%2C400&ssl=1\",\"datePublished\":\"2016-06-28T06:28:37+00:00\",\"dateModified\":\"2016-07-19T06:36:28+00:00\",\"description\":\"6 Tage Nord-S\u00fcd kombinierte Thailand Tauchsafari auf der MV Giamani, Tauchen in der ersten Klasse.\",\"breadcrumb\":{\"@id\":\"https:\/\/www.diving-thailand-phuket.com\/de\/mv-giamani-6-tage-thailand-tauchsafari\/#breadcrumb\"},\"inLanguage\":\"de-DE\",\"potentialAction\":[{\"@type\":\"ReadAction\",\"target\":[\"https:\/\/www.diving-thailand-phuket.com\/de\/mv-giamani-6-tage-thailand-tauchsafari\/\"]}]},{\"@type\":\"ImageObject\",\"inLanguage\":\"de-DE\",\"@id\":\"https:\/\/www.diving-thailand-phuket.com\/de\/mv-giamani-6-tage-thailand-tauchsafari\/#primaryimage\",\"url\":\"https:\/\/i0.wp.com\/www.diving-thailand-phuket.com\/wp-content\/uploads\/2016\/07\/Giamani-back-12-4.jpg?fit=1200%2C400&ssl=1\",\"contentUrl\":\"https:\/\/i0.wp.com\/www.diving-thailand-phuket.com\/wp-content\/uploads\/2016\/07\/Giamani-back-12-4.jpg?fit=1200%2C400&ssl=1\",\"width\":1200,\"height\":400},{\"@type\":\"BreadcrumbList\",\"@id\":\"https:\/\/www.diving-thailand-phuket.com\/de\/mv-giamani-6-tage-thailand-tauchsafari\/#breadcrumb\",\"itemListElement\":[{\"@type\":\"ListItem\",\"position\":1,\"name\":\"Home\",\"item\":\"https:\/\/www.diving-thailand-phuket.com\/de\/\"},{\"@type\":\"ListItem\",\"position\":2,\"name\":\"MV Giamani &#8211; 6 Tage Thailand Tauchsafari\"}]},{\"@type\":\"WebSite\",\"@id\":\"https:\/\/www.diving-thailand-phuket.com\/#website\",\"url\":\"https:\/\/www.diving-thailand-phuket.com\/\",\"name\":\"Tauchen in Phuket Thailand\",\"description\":\"Best Diving in Thailand\",\"potentialAction\":[{\"@type\":\"SearchAction\",\"target\":{\"@type\":\"EntryPoint\",\"urlTemplate\":\"https:\/\/www.diving-thailand-phuket.com\/?s={search_term_string}\"},\"query-input\":{\"@type\":\"PropertyValueSpecification\",\"valueRequired\":true,\"valueName\":\"search_term_string\"}}],\"inLanguage\":\"de-DE\"}]}<\/script>\n<!-- \/ Yoast SEO plugin. -->","yoast_head_json":{"title":"6 Tage Nord-S\u00fcd kombinierte Thailand Tauchsafari","description":"6 Tage Nord-S\u00fcd kombinierte Thailand Tauchsafari auf der MV Giamani, Tauchen in der ersten Klasse.","robots":{"index":"index","follow":"follow","max-snippet":"max-snippet:-1","max-image-preview":"max-image-preview:large","max-video-preview":"max-video-preview:-1"},"canonical":"https:\/\/www.diving-thailand-phuket.com\/de\/mv-giamani-6-tage-thailand-tauchsafari\/","og_locale":"de_DE","og_type":"article","og_title":"6 Tage Nord-S\u00fcd kombinierte Thailand Tauchsafari","og_description":"6 Tage Nord-S\u00fcd kombinierte Thailand Tauchsafari auf der MV Giamani, Tauchen in der ersten Klasse.","og_url":"https:\/\/www.diving-thailand-phuket.com\/de\/mv-giamani-6-tage-thailand-tauchsafari\/","og_site_name":"Tauchen in Phuket Thailand","article_modified_time":"2016-07-19T06:36:28+00:00","og_image":[{"width":1200,"height":400,"url":"https:\/\/i0.wp.com\/www.diving-thailand-phuket.com\/wp-content\/uploads\/2016\/07\/Giamani-back-12-4.jpg?fit=1200%2C400&ssl=1","type":"image\/jpeg"}],"twitter_misc":{"Est. reading time":"4 minutes"},"schema":{"@context":"https:\/\/schema.org","@graph":[{"@type":"WebPage","@id":"https:\/\/www.diving-thailand-phuket.com\/de\/mv-giamani-6-tage-thailand-tauchsafari\/","url":"https:\/\/www.diving-thailand-phuket.com\/de\/mv-giamani-6-tage-thailand-tauchsafari\/","name":"6 Tage Nord-S\u00fcd kombinierte Thailand Tauchsafari","isPartOf":{"@id":"https:\/\/www.diving-thailand-phuket.com\/#website"},"primaryImageOfPage":{"@id":"https:\/\/www.diving-thailand-phuket.com\/de\/mv-giamani-6-tage-thailand-tauchsafari\/#primaryimage"},"image":{"@id":"https:\/\/www.diving-thailand-phuket.com\/de\/mv-giamani-6-tage-thailand-tauchsafari\/#primaryimage"},"thumbnailUrl":"https:\/\/i0.wp.com\/www.diving-thailand-phuket.com\/wp-content\/uploads\/2016\/07\/Giamani-back-12-4.jpg?fit=1200%2C400&ssl=1","datePublished":"2016-06-28T06:28:37+00:00","dateModified":"2016-07-19T06:36:28+00:00","description":"6 Tage Nord-S\u00fcd kombinierte Thailand Tauchsafari auf der MV Giamani, Tauchen in der ersten Klasse.","breadcrumb":{"@id":"https:\/\/www.diving-thailand-phuket.com\/de\/mv-giamani-6-tage-thailand-tauchsafari\/#breadcrumb"},"inLanguage":"de-DE","potentialAction":[{"@type":"ReadAction","target":["https:\/\/www.diving-thailand-phuket.com\/de\/mv-giamani-6-tage-thailand-tauchsafari\/"]}]},{"@type":"ImageObject","inLanguage":"de-DE","@id":"https:\/\/www.diving-thailand-phuket.com\/de\/mv-giamani-6-tage-thailand-tauchsafari\/#primaryimage","url":"https:\/\/i0.wp.com\/www.diving-thailand-phuket.com\/wp-content\/uploads\/2016\/07\/Giamani-back-12-4.jpg?fit=1200%2C400&ssl=1","contentUrl":"https:\/\/i0.wp.com\/www.diving-thailand-phuket.com\/wp-content\/uploads\/2016\/07\/Giamani-back-12-4.jpg?fit=1200%2C400&ssl=1","width":1200,"height":400},{"@type":"BreadcrumbList","@id":"https:\/\/www.diving-thailand-phuket.com\/de\/mv-giamani-6-tage-thailand-tauchsafari\/#breadcrumb","itemListElement":[{"@type":"ListItem","position":1,"name":"Home","item":"https:\/\/www.diving-thailand-phuket.com\/de\/"},{"@type":"ListItem","position":2,"name":"MV Giamani &#8211; 6 Tage Thailand Tauchsafari"}]},{"@type":"WebSite","@id":"https:\/\/www.diving-thailand-phuket.com\/#website","url":"https:\/\/www.diving-thailand-phuket.com\/","name":"Tauchen in Phuket Thailand","description":"Best Diving in Thailand","potentialAction":[{"@type":"SearchAction","target":{"@type":"EntryPoint","urlTemplate":"https:\/\/www.diving-thailand-phuket.com\/?s={search_term_string}"},"query-input":{"@type":"PropertyValueSpecification","valueRequired":true,"valueName":"search_term_string"}}],"inLanguage":"de-DE"}]}},"jetpack_sharing_enabled":true,"_links":{"self":[{"href":"https:\/\/www.diving-thailand-phuket.com\/de\/wp-json\/wp\/v2\/pages\/4286","targetHints":{"allow":["GET"]}}],"collection":[{"href":"https:\/\/www.diving-thailand-phuket.com\/de\/wp-json\/wp\/v2\/pages"}],"about":[{"href":"https:\/\/www.diving-thailand-phuket.com\/de\/wp-json\/wp\/v2\/types\/page"}],"author":[{"embeddable":true,"href":"https:\/\/www.diving-thailand-phuket.com\/de\/wp-json\/wp\/v2\/users\/3"}],"replies":[{"embeddable":true,"href":"https:\/\/www.diving-thailand-phuket.com\/de\/wp-json\/wp\/v2\/comments?post=4286"}],"version-history":[{"count":0,"href":"https:\/\/www.diving-thailand-phuket.com\/de\/wp-json\/wp\/v2\/pages\/4286\/revisions"}],"wp:featuredmedia":[{"embeddable":true,"href":"https:\/\/www.diving-thailand-phuket.com\/de\/wp-json\/wp\/v2\/media\/6679"}],"wp:attachment":[{"href":"https:\/\/www.diving-thailand-phuket.com\/de\/wp-json\/wp\/v2\/media?parent=4286"}],"curies":[{"name":"wp","href":"https:\/\/api.w.org\/{rel}","templated":true}]}}