{"id":4285,"date":"2016-06-28T12:29:20","date_gmt":"2016-06-28T05:29:20","guid":{"rendered":"https:\/\/www.diving-thailand-phuket.com\/mv-giamani-6-tage-similan-islands-tauchsafari\/?lang=de"},"modified":"2016-07-19T13:44:56","modified_gmt":"2016-07-19T06:44:56","slug":"mv-giamani-6-tage-similan-islands-tauchsafari","status":"publish","type":"page","link":"https:\/\/www.diving-thailand-phuket.com\/de\/mv-giamani-6-tage-similan-islands-tauchsafari\/","title":{"rendered":"MV Giamani &#8211; 6 Tage Similan Islands Tauchsafari"},"content":{"rendered":"<div id=\"attachment_2209\" style=\"width: 310px\" class=\"wp-caption alignright\"><a href=\"https:\/\/i0.wp.com\/www.diving-thailand-phuket.com\/wp-content\/uploads\/2014\/06\/PICT0302-300x224.jpg?ssl=1\"><img data-recalc-dims=\"1\" loading=\"lazy\" decoding=\"async\" aria-describedby=\"caption-attachment-2209\" class=\"wp-image-2209 size-medium\" title=\"MV Giamani Safety Stop - A must for Similan Islands Diving Safaris\" src=\"https:\/\/i0.wp.com\/www.diving-thailand-phuket.com\/wp-content\/uploads\/2014\/06\/PICT0302.jpg?resize=300%2C224&#038;ssl=1\" alt=\"MV Giamani Sicherheitsstopp - Wichtig auf jeder Thailand Tauchsafari\" width=\"300\" height=\"224\" \/><\/a><p id=\"caption-attachment-2209\" class=\"wp-caption-text\">Sicherheitsstopp<\/p><\/div>\n<p>Similan Islands Tauchsafaris mit der MV Giamani, Tauchen rund um die Similan&#8217;s &amp; Surin Islands, Koh Bon, Koh Tachai &amp; Richelieu Rock.<\/p>\n<p><strong>22 Tauchg\u00e4nge &#8211; 6 Tage \/ 6 N\u00e4chte &#8211; Similan &amp; Surin Tauchsafari zu Weihnachten &amp; Neujahr<br \/>\n<\/strong><\/p>\n<p><b>Freitag <\/b>\u2013 Abfahrt um ca. 20 Uhr von der Chalong Bay, Phuket nach Similan Island mit thail\u00e4ndischem Abendbuffet.<\/p>\n<p><b>Samstag<\/b> &#8211; Aufgwacht im Similan Nationalpark steht der erste Tauchgang um 8 Uhr an. Getaucht wird meistens Sharkfin Reef, ein sch\u00f6ner Tauchplatz zum eingew\u00f6hnen. Danach gibt es Fr\u00fchst\u00fcck bevor es um 11.30 Uhr weiter geht zum\u00a0 West of Eden (Similan Nr.7 \u2013 Koh Pabu), mit seinen Granitfelsen und wundersch\u00f6nen Weichkorallen. Um 13 Uhr gibt es dann Mittagessen und zwei Stunden Pause zum entspannen. Um 15 Uhr gehts zu Anitas Reef (Similan Nr. 5 &#8211; Koh Haa) ein abfallendes Riff mit Korallenbl\u00f6cken die von Sandfl\u00e4chen umgeben sind. Nach dem Tauchgang steht Landgang auf dem Programm auf vder Insel Koh Miang. Der Nachttauchgang ist in der Honeymoon Bay und findet gegen 19 Uhr statt.<\/p>\n<p><b>Sonntag<\/b> &#8211; Morgens um 7.30 Uhr gehts zum Deep Six wo man schon etwas tiefer geht und gute Chancen auf den Weisspitzen-Riffhai hat. Nach dem Fr\u00fchst\u00fcck kommt ein weiterer Tieftauchgang am Elephant Head Rock. Es geht gegen 11 Uhr ins Wasser und man bekommt eine atemberaubende Landschaft zu Gesicht. In der Mittagspause fahren wir weiter nach Norden und besuchen Koh Bangu die Insel Nr.9. An der Breakfast Bend wird dann gegen 15 Uhr ein Str\u00f6mungstauchgang gemacht der eine sehr entspannte Sache ist. der letzte Tauchgang findet dann weiter n\u00f6rdlich statt, auf Koh Bon. Je nach dem wie sp\u00e4t es ist wird dort ein Sunset oder Nachttauchgang stattfinden.<\/p>\n<p><b>Montag<\/b> \u2013 Dieser Tag ist immer gut f\u00fcr den Manta. Morgens gehts fr\u00fch nach Koh Bon wo der erste Tauchgang um 7.30 uhr stattfindet. Zwei Tauchpl\u00e4tze warten hier und je nach Gezeiten wird die Reihenfolge festgelegt. Nach dem Fr\u00fchst\u00fcck gehts um 11.30 wieder ins Wasser bevor es in der Mittagspause nach Koh Tachai weitergeht. Um 14.30 wird der Tachai Pinnale getaucht der auch immer f\u00fcr den Manta oder Walhai gut ist. Genug Zeit zum entspannen bleibt bis zum letzten Tauchgang der gegen 18 Uhr am Tachai Reef ist. Abendessen gegen 20 Uhr und erstmal Logbuch schreiben.<br \/>\n<b>Dienstag<\/b> &#8211; Um 7.30 wird nochmal am Tachai Pinnacle getaucht um ausschau nach dem Manta zu halten. Beim Fr\u00fchst\u00fcck dann zu wohl zum beliebtesten und vielleicht besten Tauchplatz der Tour, dem Richelieu Rock. Drei Tauchg\u00e4nge sind hier geplant ohne Zeitangabe, da es sich hier empfiehlt ins Wasser zu gehen wenn die anderen raus kommen. Von dem n\u00f6rdlichsten Punkt unserer Tour geht es dann nach Surin Island zum Abendessen und Nachtruhe<\/p>\n<p><b>Mittwoch<\/b> &#8211; In Surin gibt es vor dem Fr\u00fchst\u00fcck um 7.30 Uhr Torinla Ridge zu sehen. Viel Ger\u00f6ll aber oft mit Grossfisch. Nach dem Essen dann nach Koh Chi im Norden von Surin bevor wir w\u00e4hrend des Mittagessen nochmal zum Richelieu Rock fahren. Von dort gehts dann ca. 4 Stunden zur\u00fcck in den S\u00fcden zum Boonsung Wrack. Je nach Ankunft wird hier ein Sunset oder Nachtauchgang gemacht. Danach Abendessen und nochmal die Tour mit den anderen G\u00e4sten Revue passieren lassen bevor es das letzte mal in die Koje geht.<\/p>\n<p><b>Donnerstag<\/b> \u2013Am letzten Tag geht es um 7 Uhr zur MV Sea Chart. Das Schiff ist 2009 gesunken und einer der Highlights auf der Tour. Der Letzte Tauchgang um 9.30 ist ebenfalls am Wrack, dem Naiyak Wrack. Viele Skorpionfische und Nacktschnecken sind hier das Ziel der Fotografen. Nachdem dann alle wieder an Board sind geht es nach S\u00fcden zur\u00fcck in die Chalong Bay von Phuket. Auf der R\u00fcckfahrt wird Mittagessen serviert und Relaxt. Es ist dann immer noch genug Zeit um seine Sachen zu packen und die Logb\u00fccher zu stempeln. Um etwa 17 ist Ankunft in Chalong wo der Minibus schon wartet um die G\u00e4ste zu ihrem Hotel zu bringen.<\/p>\n<h2>MV Giamani Similan Islands &#8211;\u00a0 Termine<\/h2>\n\n<table id=\"tablepress-6\" class=\"tablepress tablepress-id-6\">\n<thead>\n<tr class=\"row-1\">\n\t<th class=\"column-1\">Departure (dd\/mm\/yy)<\/th><th class=\"column-2\">Arrival (dd\/mm\/yy)<\/th><th class=\"column-3\">Itinerary<\/th><th class=\"column-4\">Port of Dep.\/Arr.<\/th>\n<\/tr>\n<\/thead>\n<tbody class=\"row-striping row-hover\">\n<tr class=\"row-2\">\n\t<td class=\"column-1\">09\/03\/17<\/td><td class=\"column-2\">13\/03\/17<\/td><td class=\"column-3\">4D\/4N Similan Islands, Koh Bon, Koh Tachai &amp; Richelieu Rock<\/td><td class=\"column-4\">Phuket<\/td>\n<\/tr>\n<tr class=\"row-3\">\n\t<td class=\"column-1\">14\/03\/17<\/td><td class=\"column-2\">16\/03\/17<\/td><td class=\"column-3\">2D\/2N Hin Daeng, Hin Muang, Koh Ha &amp; Phi Phi Islandsan Islands<\/td><td class=\"column-4\">Phuket<\/td>\n<\/tr>\n<tr class=\"row-4\">\n\t<td class=\"column-1\">17\/03\/17<\/td><td class=\"column-2\">19\/03\/17<\/td><td class=\"column-3\">2D\/2N Hin Daeng, Hin Muang, Koh Ha &amp; Phi Phi Islandsan Islands<\/td><td class=\"column-4\">Phuket<\/td>\n<\/tr>\n<tr class=\"row-5\">\n\t<td class=\"column-1\">24\/03\/17<\/td><td class=\"column-2\">30\/03\/17<\/td><td class=\"column-3\">6D\/6N Hin Daeng, Hin Muang, Similan, Koh Bon, Koh Tachai, Richelieu Rock<\/td><td class=\"column-4\">Phuket<\/td>\n<\/tr>\n<tr class=\"row-6\">\n\t<td class=\"column-1\">24\/03\/17<\/td><td class=\"column-2\">26\/03\/17<\/td><td class=\"column-3\">2D\/2N Hin Daeng, Hin Muang, Koh Ha &amp; Phi Phi Islands<\/td><td class=\"column-4\">Phuket<\/td>\n<\/tr>\n<tr class=\"row-7\">\n\t<td class=\"column-1\">26\/03\/17<\/td><td class=\"column-2\">30\/03\/17<\/td><td class=\"column-3\">4D\/4N Similan Islands, Koh Bon, Koh Tachai &amp; Richelieu Rock<\/td><td class=\"column-4\">Phuket \/ Tablamu<\/td>\n<\/tr>\n<tr class=\"row-8\">\n\t<td class=\"column-1\">02\/04\/17<\/td><td class=\"column-2\">07\/04\/17<\/td><td class=\"column-3\">5D\/5N Similan Islands, Koh Bon, Koh Tachai &amp; Richelieu Rock<\/td><td class=\"column-4\">Tablamu<\/td>\n<\/tr>\n<tr class=\"row-9\">\n\t<td class=\"column-1\">08\/04\/17<\/td><td class=\"column-2\">12\/04\/17<\/td><td class=\"column-3\">4D\/4N Similan Islands, Koh Bon, Koh Tachai &amp; Richelieu Rock<\/td><td class=\"column-4\">Tablamu \/ Phuket<\/td>\n<\/tr>\n<tr class=\"row-10\">\n\t<td class=\"column-1\">14\/04\/17<\/td><td class=\"column-2\">16\/04\/17<\/td><td class=\"column-3\">2D\/2N Hin Daeng, Hin Muang, Koh Ha &amp; Phi Phi Islandsan Islands<\/td><td class=\"column-4\">Phuket<\/td>\n<\/tr>\n<tr class=\"row-11\">\n\t<td class=\"column-1\">16\/04\/17<\/td><td class=\"column-2\">20\/04\/17<\/td><td class=\"column-3\">4D\/4N Similan Islands, Koh Bon, Koh Tachai &amp; Richelieu Rock<\/td><td class=\"column-4\">Phuket<\/td>\n<\/tr>\n<tr class=\"row-12\">\n\t<td class=\"column-1\">21\/04\/17<\/td><td class=\"column-2\">27\/04\/17<\/td><td class=\"column-3\">6D\/6N Hin Daeng, Hin Muang, Similan, Koh Bon, Koh Tachai, Richelieu Rock<\/td><td class=\"column-4\">Phuket<\/td>\n<\/tr>\n<tr class=\"row-13\">\n\t<td class=\"column-1\">21\/04\/17<\/td><td class=\"column-2\">23\/04\/17<\/td><td class=\"column-3\">2D\/2N Hin Daeng, Hin Muang, Koh Ha &amp; Phi Phi Islands<\/td><td class=\"column-4\">Phuket<\/td>\n<\/tr>\n<tr class=\"row-14\">\n\t<td class=\"column-1\">23\/04\/17<\/td><td class=\"column-2\">27\/04\/17<\/td><td class=\"column-3\">4D\/4N Similan Islands, Koh Bon, Koh Tachai &amp; Richelieu Rock<\/td><td class=\"column-4\">Phuket<\/td>\n<\/tr>\n<tr class=\"row-15\">\n\t<td class=\"column-1\">28\/04\/17<\/td><td class=\"column-2\">04\/05\/17<\/td><td class=\"column-3\">6D\/6N Hin Daeng, Hin Muang, Similan, Koh Bon, Koh Tachai, Richelieu Rock<\/td><td class=\"column-4\">Phuket<\/td>\n<\/tr>\n<tr class=\"row-16\">\n\t<td class=\"column-1\">28\/04\/17<\/td><td class=\"column-2\">30\/04\/17<\/td><td class=\"column-3\">2D\/2N Hin Daeng, Hin Muang, Koh Ha &amp; Phi Phi Islands<\/td><td class=\"column-4\">Phuket<\/td>\n<\/tr>\n<tr class=\"row-17\">\n\t<td class=\"column-1\">30\/04\/17<\/td><td class=\"column-2\">04\/05\/17<\/td><td class=\"column-3\">4D\/4N Similan Islands, Koh Bon, Koh Tachai &amp; Richelieu Rock<\/td><td class=\"column-4\">Phuket<\/td>\n<\/tr>\n<\/tbody>\n<\/table>\n<!-- #tablepress-6 from cache -->\n","protected":false},"excerpt":{"rendered":"<p>Similan Islands Tauchsafaris mit der MV Giamani, Tauchen rund um die Similan&#8217;s &amp; Surin Islands, Koh Bon, Koh Tachai &amp; Richelieu Rock. 22 Tauchg\u00e4nge &#8211; 6 Tage \/ 6 N\u00e4chte &#8211; Similan &amp; Surin Tauchsafari zu Weihnachten &amp; Neujahr Freitag \u2013 Abfahrt um ca. 20 Uhr von der Chalong Bay, Phuket nach Similan Island mit [&hellip;]<\/p>\n","protected":false},"author":3,"featured_media":3705,"parent":0,"menu_order":0,"comment_status":"closed","ping_status":"open","template":"","meta":{"_et_pb_use_builder":"","_et_pb_old_content":"","_et_gb_content_width":"","footnotes":""},"class_list":["post-4285","page","type-page","status-publish","has-post-thumbnail","hentry"],"yoast_head":"<!-- This site is optimized with the Yoast SEO plugin v25.1 - https:\/\/yoast.com\/wordpress\/plugins\/seo\/ -->\n<title>6 Tage Tauchsafari nach Similan &amp; Surin Island mit MV Giamani<\/title>\n<meta name=\"description\" content=\"6 Tage Tauchsafari nach Similan &amp; Surin Island mit MV Giamani, Spa\u00df und Komfort sind der garant f\u00fcr eine tolle Similan &amp; Surin Tauchsafari\" \/>\n<meta name=\"robots\" content=\"index, follow, max-snippet:-1, max-image-preview:large, max-video-preview:-1\" \/>\n<link rel=\"canonical\" href=\"https:\/\/www.diving-thailand-phuket.com\/de\/mv-giamani-6-tage-similan-islands-tauchsafari\/\" \/>\n<meta property=\"og:locale\" content=\"de_DE\" \/>\n<meta property=\"og:type\" content=\"article\" \/>\n<meta property=\"og:title\" content=\"6 Tage Tauchsafari nach Similan &amp; Surin Island mit MV Giamani\" \/>\n<meta property=\"og:description\" content=\"6 Tage Tauchsafari nach Similan &amp; Surin Island mit MV Giamani, Spa\u00df und Komfort sind der garant f\u00fcr eine tolle Similan &amp; Surin Tauchsafari\" \/>\n<meta property=\"og:url\" content=\"https:\/\/www.diving-thailand-phuket.com\/de\/mv-giamani-6-tage-similan-islands-tauchsafari\/\" \/>\n<meta property=\"og:site_name\" content=\"Tauchen in Phuket Thailand\" \/>\n<meta property=\"article:modified_time\" content=\"2016-07-19T06:44:56+00:00\" \/>\n<meta property=\"og:image\" content=\"https:\/\/www.diving-thailand-phuket.com\/wp-content\/uploads\/2014\/06\/PICT0302-300x224.jpg\" \/>\n<meta name=\"twitter:label1\" content=\"Est. reading time\" \/>\n\t<meta name=\"twitter:data1\" content=\"3 minutes\" \/>\n<script type=\"application\/ld+json\" class=\"yoast-schema-graph\">{\"@context\":\"https:\/\/schema.org\",\"@graph\":[{\"@type\":\"WebPage\",\"@id\":\"https:\/\/www.diving-thailand-phuket.com\/de\/mv-giamani-6-tage-similan-islands-tauchsafari\/\",\"url\":\"https:\/\/www.diving-thailand-phuket.com\/de\/mv-giamani-6-tage-similan-islands-tauchsafari\/\",\"name\":\"6 Tage Tauchsafari nach Similan & Surin Island mit MV Giamani\",\"isPartOf\":{\"@id\":\"https:\/\/www.diving-thailand-phuket.com\/#website\"},\"primaryImageOfPage\":{\"@id\":\"https:\/\/www.diving-thailand-phuket.com\/de\/mv-giamani-6-tage-similan-islands-tauchsafari\/#primaryimage\"},\"image\":{\"@id\":\"https:\/\/www.diving-thailand-phuket.com\/de\/mv-giamani-6-tage-similan-islands-tauchsafari\/#primaryimage\"},\"thumbnailUrl\":\"https:\/\/i0.wp.com\/www.diving-thailand-phuket.com\/wp-content\/uploads\/2014\/06\/MV-Giamani-Thailand-Liveaboard.jpg?fit=1200%2C400&ssl=1\",\"datePublished\":\"2016-06-28T05:29:20+00:00\",\"dateModified\":\"2016-07-19T06:44:56+00:00\",\"description\":\"6 Tage Tauchsafari nach Similan & Surin Island mit MV Giamani, Spa\u00df und Komfort sind der garant f\u00fcr eine tolle Similan & Surin Tauchsafari\",\"breadcrumb\":{\"@id\":\"https:\/\/www.diving-thailand-phuket.com\/de\/mv-giamani-6-tage-similan-islands-tauchsafari\/#breadcrumb\"},\"inLanguage\":\"de-DE\",\"potentialAction\":[{\"@type\":\"ReadAction\",\"target\":[\"https:\/\/www.diving-thailand-phuket.com\/de\/mv-giamani-6-tage-similan-islands-tauchsafari\/\"]}]},{\"@type\":\"ImageObject\",\"inLanguage\":\"de-DE\",\"@id\":\"https:\/\/www.diving-thailand-phuket.com\/de\/mv-giamani-6-tage-similan-islands-tauchsafari\/#primaryimage\",\"url\":\"https:\/\/i0.wp.com\/www.diving-thailand-phuket.com\/wp-content\/uploads\/2014\/06\/MV-Giamani-Thailand-Liveaboard.jpg?fit=1200%2C400&ssl=1\",\"contentUrl\":\"https:\/\/i0.wp.com\/www.diving-thailand-phuket.com\/wp-content\/uploads\/2014\/06\/MV-Giamani-Thailand-Liveaboard.jpg?fit=1200%2C400&ssl=1\",\"width\":1200,\"height\":400,\"caption\":\"MV Giamani - Thailand Tauchsafari\"},{\"@type\":\"BreadcrumbList\",\"@id\":\"https:\/\/www.diving-thailand-phuket.com\/de\/mv-giamani-6-tage-similan-islands-tauchsafari\/#breadcrumb\",\"itemListElement\":[{\"@type\":\"ListItem\",\"position\":1,\"name\":\"Home\",\"item\":\"https:\/\/www.diving-thailand-phuket.com\/de\/\"},{\"@type\":\"ListItem\",\"position\":2,\"name\":\"MV Giamani &#8211; 6 Tage Similan Islands Tauchsafari\"}]},{\"@type\":\"WebSite\",\"@id\":\"https:\/\/www.diving-thailand-phuket.com\/#website\",\"url\":\"https:\/\/www.diving-thailand-phuket.com\/\",\"name\":\"Tauchen in Phuket Thailand\",\"description\":\"Best Diving in Thailand\",\"potentialAction\":[{\"@type\":\"SearchAction\",\"target\":{\"@type\":\"EntryPoint\",\"urlTemplate\":\"https:\/\/www.diving-thailand-phuket.com\/?s={search_term_string}\"},\"query-input\":{\"@type\":\"PropertyValueSpecification\",\"valueRequired\":true,\"valueName\":\"search_term_string\"}}],\"inLanguage\":\"de-DE\"}]}<\/script>\n<!-- \/ Yoast SEO plugin. -->","yoast_head_json":{"title":"6 Tage Tauchsafari nach Similan & Surin Island mit MV Giamani","description":"6 Tage Tauchsafari nach Similan & Surin Island mit MV Giamani, Spa\u00df und Komfort sind der garant f\u00fcr eine tolle Similan & Surin Tauchsafari","robots":{"index":"index","follow":"follow","max-snippet":"max-snippet:-1","max-image-preview":"max-image-preview:large","max-video-preview":"max-video-preview:-1"},"canonical":"https:\/\/www.diving-thailand-phuket.com\/de\/mv-giamani-6-tage-similan-islands-tauchsafari\/","og_locale":"de_DE","og_type":"article","og_title":"6 Tage Tauchsafari nach Similan & Surin Island mit MV Giamani","og_description":"6 Tage Tauchsafari nach Similan & Surin Island mit MV Giamani, Spa\u00df und Komfort sind der garant f\u00fcr eine tolle Similan & Surin Tauchsafari","og_url":"https:\/\/www.diving-thailand-phuket.com\/de\/mv-giamani-6-tage-similan-islands-tauchsafari\/","og_site_name":"Tauchen in Phuket Thailand","article_modified_time":"2016-07-19T06:44:56+00:00","og_image":[{"url":"https:\/\/www.diving-thailand-phuket.com\/wp-content\/uploads\/2014\/06\/PICT0302-300x224.jpg","type":"","width":"","height":""}],"twitter_misc":{"Est. reading time":"3 minutes"},"schema":{"@context":"https:\/\/schema.org","@graph":[{"@type":"WebPage","@id":"https:\/\/www.diving-thailand-phuket.com\/de\/mv-giamani-6-tage-similan-islands-tauchsafari\/","url":"https:\/\/www.diving-thailand-phuket.com\/de\/mv-giamani-6-tage-similan-islands-tauchsafari\/","name":"6 Tage Tauchsafari nach Similan & Surin Island mit MV Giamani","isPartOf":{"@id":"https:\/\/www.diving-thailand-phuket.com\/#website"},"primaryImageOfPage":{"@id":"https:\/\/www.diving-thailand-phuket.com\/de\/mv-giamani-6-tage-similan-islands-tauchsafari\/#primaryimage"},"image":{"@id":"https:\/\/www.diving-thailand-phuket.com\/de\/mv-giamani-6-tage-similan-islands-tauchsafari\/#primaryimage"},"thumbnailUrl":"https:\/\/i0.wp.com\/www.diving-thailand-phuket.com\/wp-content\/uploads\/2014\/06\/MV-Giamani-Thailand-Liveaboard.jpg?fit=1200%2C400&ssl=1","datePublished":"2016-06-28T05:29:20+00:00","dateModified":"2016-07-19T06:44:56+00:00","description":"6 Tage Tauchsafari nach Similan & Surin Island mit MV Giamani, Spa\u00df und Komfort sind der garant f\u00fcr eine tolle Similan & Surin Tauchsafari","breadcrumb":{"@id":"https:\/\/www.diving-thailand-phuket.com\/de\/mv-giamani-6-tage-similan-islands-tauchsafari\/#breadcrumb"},"inLanguage":"de-DE","potentialAction":[{"@type":"ReadAction","target":["https:\/\/www.diving-thailand-phuket.com\/de\/mv-giamani-6-tage-similan-islands-tauchsafari\/"]}]},{"@type":"ImageObject","inLanguage":"de-DE","@id":"https:\/\/www.diving-thailand-phuket.com\/de\/mv-giamani-6-tage-similan-islands-tauchsafari\/#primaryimage","url":"https:\/\/i0.wp.com\/www.diving-thailand-phuket.com\/wp-content\/uploads\/2014\/06\/MV-Giamani-Thailand-Liveaboard.jpg?fit=1200%2C400&ssl=1","contentUrl":"https:\/\/i0.wp.com\/www.diving-thailand-phuket.com\/wp-content\/uploads\/2014\/06\/MV-Giamani-Thailand-Liveaboard.jpg?fit=1200%2C400&ssl=1","width":1200,"height":400,"caption":"MV Giamani - Thailand Tauchsafari"},{"@type":"BreadcrumbList","@id":"https:\/\/www.diving-thailand-phuket.com\/de\/mv-giamani-6-tage-similan-islands-tauchsafari\/#breadcrumb","itemListElement":[{"@type":"ListItem","position":1,"name":"Home","item":"https:\/\/www.diving-thailand-phuket.com\/de\/"},{"@type":"ListItem","position":2,"name":"MV Giamani &#8211; 6 Tage Similan Islands Tauchsafari"}]},{"@type":"WebSite","@id":"https:\/\/www.diving-thailand-phuket.com\/#website","url":"https:\/\/www.diving-thailand-phuket.com\/","name":"Tauchen in Phuket Thailand","description":"Best Diving in Thailand","potentialAction":[{"@type":"SearchAction","target":{"@type":"EntryPoint","urlTemplate":"https:\/\/www.diving-thailand-phuket.com\/?s={search_term_string}"},"query-input":{"@type":"PropertyValueSpecification","valueRequired":true,"valueName":"search_term_string"}}],"inLanguage":"de-DE"}]}},"jetpack_sharing_enabled":true,"_links":{"self":[{"href":"https:\/\/www.diving-thailand-phuket.com\/de\/wp-json\/wp\/v2\/pages\/4285","targetHints":{"allow":["GET"]}}],"collection":[{"href":"https:\/\/www.diving-thailand-phuket.com\/de\/wp-json\/wp\/v2\/pages"}],"about":[{"href":"https:\/\/www.diving-thailand-phuket.com\/de\/wp-json\/wp\/v2\/types\/page"}],"author":[{"embeddable":true,"href":"https:\/\/www.diving-thailand-phuket.com\/de\/wp-json\/wp\/v2\/users\/3"}],"replies":[{"embeddable":true,"href":"https:\/\/www.diving-thailand-phuket.com\/de\/wp-json\/wp\/v2\/comments?post=4285"}],"version-history":[{"count":0,"href":"https:\/\/www.diving-thailand-phuket.com\/de\/wp-json\/wp\/v2\/pages\/4285\/revisions"}],"wp:featuredmedia":[{"embeddable":true,"href":"https:\/\/www.diving-thailand-phuket.com\/de\/wp-json\/wp\/v2\/media\/3705"}],"wp:attachment":[{"href":"https:\/\/www.diving-thailand-phuket.com\/de\/wp-json\/wp\/v2\/media?parent=4285"}],"curies":[{"name":"wp","href":"https:\/\/api.w.org\/{rel}","templated":true}]}}