{"id":4284,"date":"2016-06-28T12:13:58","date_gmt":"2016-06-28T05:13:58","guid":{"rendered":"https:\/\/www.diving-thailand-phuket.com\/thailand-tauchsafari\/diva-andaman\/?lang=de"},"modified":"2016-07-05T11:08:15","modified_gmt":"2016-07-05T04:08:15","slug":"diva-andaman","status":"publish","type":"page","link":"https:\/\/www.diving-thailand-phuket.com\/de\/thailand-tauchsafari\/diva-andaman\/","title":{"rendered":"Diva Andaman"},"content":{"rendered":"<p>Diva Andaman, gehen Sie mit einem traumhaften Boot auf eine Similan &amp; Surin Island Tauchsafari. Eine elegante Segelyacht die definitiv nicht auf einer Tauchsafari nichts vermissen l\u00e4sst, ein sehr bequemes Vorderdeck mit edlen Liegen und aus feinsten H\u00f6lzern gefertigte Kabinen, machen dieses Boot unvergleichlich und so besonders. <a href=\"#cabin\">Mehr Infos&#8230;<\/a><\/p>\n<h2>Diva Andaman &#8211; Tauchsafari Preise<\/h2>\n<p><span style=\"color: #3366ff\"><strong>5 Tage \/ 6 N\u00e4chte (20 Tauchg) &#8211; Similan Islands &amp; Richelieu Rock<\/strong><\/span><\/p>\n<ul>\n<li><strong>Zwei o. Doppelbett-Kabine:<\/strong>\u00a0THB 80,250 pro Taucher<\/li>\n<li><strong>Einzel-Kabine:<\/strong>\u00a0THB 120,375<\/li>\n<\/ul>\n<p><span style=\"color: #3366ff\"><strong>5 Tage \/ 6 N\u00e4chte (19 Tauchg) &#8211; Mergui Archipelago (Myanmar) und Burma Banks<br \/>\n<\/strong><\/span><\/p>\n<ul>\n<li><strong>Zwei o. Doppelbett-Kabine:<\/strong>\u00a0THB 90,950 pro Taucher<\/li>\n<li><strong>Einzel-Kabine:<\/strong>\u00a0THB 136,425 pro Taucher<\/li>\n<\/ul>\n<p><em><strong>Hinweis:<\/strong><strong>\u00a0<\/strong>Alle Preise sind in Thai Baht pro Person in der jeweiligen Kabine. G\u00fcltig von October 2016 bis May 2017.<\/em><\/p>\n<blockquote><p><strong><span style=\"color: #339966\">Wie buche ich meine Tauchsafari: <\/span><\/strong>Wir ben\u00f6tigen f\u00fcr Ihre Buchung nur 30% Anzahlung. Lassen Sie uns Ihre Daten f\u00fcr Ihre gew\u00fcnschte Tauchsafari zukommen und wir werden Ihnen eine Zahlungsanweisung schicken. Wir akzeptieren alle g\u00e4ngigen Kreditkarten (Keine extra Geb\u00fchr), PayPal oder Bank\u00fcberweisung.<a href=\"#form\">&gt;&gt;Jetzt Anfragen!<\/a><\/p><\/blockquote>\n<p><strong>Im Preis inklusive:<\/strong> Klimatisierte Kabinen, Fr\u00fchst\u00fcck, Mittagessen, Abendessen, Snacks, Softdrinks, Trinkwasser, Hei\u00df-Getr\u00e4nke, 1 Flasche Champagner pro Kabine, Hotel Transfer, Divemaster (Ratio 4-1) Flasche, Gewichte &amp; Gurt, Ausr\u00fcstung mit Lampe &amp; tauchcomputer.<\/p>\n<p><strong>Nicht im Preis inklusive: <\/strong>Alkoholische Getr\u00e4nke, Nitrox, Tauchversicherung, Thai Massage, Nationalpark-Geb\u00fchr Similan &amp; Surin Island (zahlbar an Bord).<\/p>\n<h2>Diva Andaman &#8211; Tauchsafari Termine<\/h2>\n\n<table id=\"tablepress-17\" class=\"tablepress tablepress-id-17\">\n<thead>\n<tr class=\"row-1\">\n\t<th class=\"column-1\" style=\"width:5%;\">Departure (dd\/mm\/yy)<\/th><th class=\"column-2\" style=\"width:5%;\">Arrival (dd\/mm\/yy)<\/th><th class=\"column-3\" style=\"width:75%;\">Itinerary<\/th><th class=\"column-4\" style=\"width:10%;\">Port Dep.\/Arr.<\/th>\n<\/tr>\n<\/thead>\n<tbody class=\"row-striping row-hover\">\n<tr class=\"row-2\">\n\t<td class=\"column-1\">29\/01\/17<\/td><td class=\"column-2\">04\/02\/17<\/td><td class=\"column-3\">5D\/6N Similan Islands, Koh Bon, Koh Tachai &amp; Richelieu Rock<\/td><td class=\"column-4\">Phuket<\/td>\n<\/tr>\n<tr class=\"row-3\">\n\t<td class=\"column-1\">05\/02\/17<\/td><td class=\"column-2\">11\/02\/17<\/td><td class=\"column-3\">5D\/6N Myanmar - Burma Banks &amp; Mergui Archipelago<\/td><td class=\"column-4\">Ranong<\/td>\n<\/tr>\n<tr class=\"row-4\">\n\t<td class=\"column-1\">12\/02\/17<\/td><td class=\"column-2\">18\/02\/17<\/td><td class=\"column-3\">5D\/6N Similan Islands, Koh Bon, Koh Tachai &amp; Richelieu Rock<\/td><td class=\"column-4\">Phuket<\/td>\n<\/tr>\n<tr class=\"row-5\">\n\t<td class=\"column-1\">19\/02\/17<\/td><td class=\"column-2\">25\/02\/17<\/td><td class=\"column-3\">5D\/6N Similan Islands, Koh Bon, Koh Tachai &amp; Richelieu Rock<\/td><td class=\"column-4\">Phuket<\/td>\n<\/tr>\n<tr class=\"row-6\">\n\t<td class=\"column-1\">26\/02\/17<\/td><td class=\"column-2\">04\/03\/17<\/td><td class=\"column-3\">5D\/6N Similan Islands, Koh Bon, Koh Tachai &amp; Richelieu Rock<\/td><td class=\"column-4\">Phuket<\/td>\n<\/tr>\n<tr class=\"row-7\">\n\t<td class=\"column-1\">05\/03\/17<\/td><td class=\"column-2\">11\/03\/17<\/td><td class=\"column-3\">5D\/6N Myanmar - Burma Banks &amp; Mergui Archipelago<\/td><td class=\"column-4\">Ranong<\/td>\n<\/tr>\n<tr class=\"row-8\">\n\t<td class=\"column-1\">12\/03\/17<\/td><td class=\"column-2\">18\/03\/17<\/td><td class=\"column-3\">5D\/6N Similan Islands, Koh Bon, Koh Tachai &amp; Richelieu Rock<\/td><td class=\"column-4\">Phuket<\/td>\n<\/tr>\n<tr class=\"row-9\">\n\t<td class=\"column-1\">19\/03\/17<\/td><td class=\"column-2\">25\/03\/17<\/td><td class=\"column-3\">5D\/6N Similan Islands, Koh Bon, Koh Tachai &amp; Richelieu Rock<\/td><td class=\"column-4\">Phuket<\/td>\n<\/tr>\n<tr class=\"row-10\">\n\t<td class=\"column-1\">26\/03\/17<\/td><td class=\"column-2\">01\/04\/17<\/td><td class=\"column-3\">5D\/6N Similan Islands, Koh Bon, Koh Tachai &amp; Richelieu Rock<\/td><td class=\"column-4\">Phuket<\/td>\n<\/tr>\n<tr class=\"row-11\">\n\t<td class=\"column-1\">02\/04\/17<\/td><td class=\"column-2\">08\/04\/17<\/td><td class=\"column-3\">5D\/6N Similan Islands, Koh Bon, Koh Tachai &amp; Richelieu Rock<\/td><td class=\"column-4\">Phuket<\/td>\n<\/tr>\n<tr class=\"row-12\">\n\t<td class=\"column-1\">09\/04\/17<\/td><td class=\"column-2\">15\/04\/17<\/td><td class=\"column-3\">5D\/6N Similan Islands, Koh Bon, Koh Tachai &amp; Richelieu Rock<\/td><td class=\"column-4\">Phuket<\/td>\n<\/tr>\n<\/tbody>\n<\/table>\n\n<h2 id=\"cabin\">\u00a0SY Diva Andaman Kabinen &amp; Ausstattung<\/h2>\n<p>Die Diva Andaman verf\u00fcgt \u00fcber 8 Kabinen, aufgeteilt in 6 Doppelbett und 2 Zweibett-Kabinen die alle mit eigenem Bad\/WC, LCD Bildschirm und Klimaanlage ausgestattet sind. Das Boot beherbergt somit max. 14 G\u00e4ste in wirklich komfortablen Kabinen. Die Sicherheitseinrichtung auf der Diva Andaman befinden sich auf dem neusten und internationalen Standard.<\/p>\n<p>Auf dem Boot wird sehr viel wert auf Service und Komfort gelegt, so hat man die Mglichkeit sich eine Massage zwischen den Tauchg\u00e4ngen zukommen zu lassen oder z.b mit einem Kayak selbstst\u00e4ndig die Inseln zu erkunden. Bei der Ankunft am Abfahrtstag wird eine Flasche pro Kabine als Begr\u00fc\u00dfung \u00fcberreicht. das Personal ist sehr aufmerksam und hat seine Hausaufgaben wirklich gut gemacht.<\/p>\n<h2>SY Diva Andaman Tauchsafari &#8211; Tourablauf<\/h2>\n<p><strong>Dauer:<\/strong>\u00a0<strong>5 Tage \/ 6 N\u00e4chte zu den<\/strong> Similan Islands, <strong>Koh Bon, Koh Tachai und Richelieu Rock<\/strong><\/p>\n<p><strong>1.Tag:<\/strong> Einchecken Diva Andaman in Thap Lamu Hafen (Khao Lak) zwischen 16 &#8211; 17:00 Uhr. \u00dcberfahrt nach Similan Islands gegen 18:00 Uhr mit Abendessen.<\/p>\n<p><strong>2.Tag: <\/strong>4 Tauchg\u00e4nge im S\u00fcden von Similan und \u00dcberfahrt in den Norden von Similan.<br \/>\n<strong>3.Tag: <\/strong>4 Tauchg\u00e4nge im Norden von Similan und \u00dcberfahrt nach Koh Bon.<br \/>\n<strong>4.Tag:\u00a0<\/strong>Morgens 2 Tauchg\u00e4nge Koh Bon und Nachmittag 2 Tauchg\u00e4nge Koh Tachai, danach \u00dcberfahrt zum Richelieu Rock.<br \/>\n<strong>5.Tag: <\/strong>Morgens 2 Tauchg\u00e4nge Richelieu Rock und Nachmittag 2 Tauchg\u00e4nge Surin Island, danach \u00dcberfahrt zur\u00fcck nach Similan Islands.<br \/>\n<strong>6.Tag: <\/strong>4 Tauchg\u00e4nge zentral Similan und nachts \u00dcberfahrt nach Tab Lamu Hafen (Khao Lak.<br \/>\n<strong>7.Tag: <\/strong>Fr\u00fchst\u00fcck und Hotel o. Flughafen Transfer gegen 10:00 Uhr<\/p>\n<p><strong>Dauer: 5 Tage \/ 6 N\u00e4chte ins Mergui Archipelago (Myanmar) und Burma Banks<\/strong><\/p>\n<p><strong>1.Tag<\/strong>: Einchecken Diva Andaman am Ranong Pier 15:00 Uhr. Ausreise Thailand und \u00dcberfahrt nach Kawthong (Myanmar) zur Einreise. Abendessen und fahrt ins mergui Archipelag<br \/>\n<strong>2.Tag<\/strong>: Morgens 2 Tauchg\u00e4nge High Rock &amp; Rocky Island. Nachittag 2 Tauchg\u00e4nge am Shark cave danach \u00dcberfahrt zum Black Rock<br \/>\n<strong>3.Tag:<\/strong> 4 Tauchg\u00e4nge am Black Rock und \u00dcberfahrt auf die Burma Banks.<br \/>\n<strong>4.Tag:<\/strong> 3 Tauchg\u00e4nge Burma Banks und \u00dcberfahrt zum Fan Forest<br \/>\n<strong>5.Tag:<\/strong> Morgens 2 Tauchg\u00e4nge am Fan Forest und Nachmittag 2 Tauchg\u00e4nge am Western Rocky.<br \/>\n<strong>6.Tag:<\/strong> Morgens 2 Tauchg\u00e4nge am Western Rocky und Nachmittag 2 Tauchg\u00e4nge in der N\u00e4he vom Western Rocky.<br \/>\n<strong>7.Tag:<\/strong> Ausreise Myanmar dann Einreise Thailand. Fr\u00fchst\u00fcck und Hotel o. Flughafen Transfer gegen 10:00 Uhr<\/p>\n<h3 id=\"form\">Kontakt Thailand Liveaboard<\/h3>\n<p>[gravityform id=&#8221;8&#8243; title=&#8221;true&#8221; description=&#8221;true&#8221;]<\/p>\n<h2>SY Diva Andaman Testimonials<\/h2>\n<blockquote><p>N\/A<\/p><\/blockquote>\n","protected":false},"excerpt":{"rendered":"<p>Diva Andaman, gehen Sie mit einem traumhaften Boot auf eine Similan &amp; Surin Island Tauchsafari. Eine elegante Segelyacht die definitiv nicht auf einer Tauchsafari nichts vermissen l\u00e4sst, ein sehr bequemes Vorderdeck mit edlen Liegen und aus feinsten H\u00f6lzern gefertigte Kabinen, machen dieses Boot unvergleichlich und so besonders. Mehr Infos&#8230; Diva Andaman &#8211; Tauchsafari Preise 5 [&hellip;]<\/p>\n","protected":false},"author":3,"featured_media":3748,"parent":4248,"menu_order":2,"comment_status":"closed","ping_status":"closed","template":"lvb-fullwidth.php","meta":{"_et_pb_use_builder":"","_et_pb_old_content":"","_et_gb_content_width":"","footnotes":""},"class_list":["post-4284","page","type-page","status-publish","has-post-thumbnail","hentry"],"yoast_head":"<!-- This site is optimized with the Yoast SEO plugin v25.1 - https:\/\/yoast.com\/wordpress\/plugins\/seo\/ -->\n<title>SY Diva Andaman - Luxus Tauchsafari zu den Similan Islands<\/title>\n<meta name=\"description\" content=\"SY Diva Andaman - Kommen Sie an Bord und genie\u00dfen Sie Ihre luxus Tauchsafari zu den Similan Islands.\" \/>\n<meta name=\"robots\" content=\"index, follow, max-snippet:-1, max-image-preview:large, max-video-preview:-1\" \/>\n<link rel=\"canonical\" href=\"https:\/\/www.diving-thailand-phuket.com\/de\/thailand-tauchsafari\/diva-andaman\/\" \/>\n<meta property=\"og:locale\" content=\"de_DE\" \/>\n<meta property=\"og:type\" content=\"article\" \/>\n<meta property=\"og:title\" content=\"SY Diva Andaman - Luxus Tauchsafari zu den Similan Islands\" \/>\n<meta property=\"og:description\" content=\"SY Diva Andaman - Kommen Sie an Bord und genie\u00dfen Sie Ihre luxus Tauchsafari zu den Similan Islands.\" \/>\n<meta property=\"og:url\" content=\"https:\/\/www.diving-thailand-phuket.com\/de\/thailand-tauchsafari\/diva-andaman\/\" \/>\n<meta property=\"og:site_name\" content=\"Tauchen in Phuket Thailand\" \/>\n<meta property=\"article:modified_time\" content=\"2016-07-05T04:08:15+00:00\" \/>\n<meta property=\"og:image\" content=\"https:\/\/i0.wp.com\/www.diving-thailand-phuket.com\/wp-content\/uploads\/2014\/06\/Diva-Andaman-1.jpg?fit=1200%2C400&ssl=1\" \/>\n\t<meta property=\"og:image:width\" content=\"1200\" \/>\n\t<meta property=\"og:image:height\" content=\"400\" \/>\n\t<meta property=\"og:image:type\" content=\"image\/jpeg\" \/>\n<meta name=\"twitter:label1\" content=\"Est. reading time\" \/>\n\t<meta name=\"twitter:data1\" content=\"3 minutes\" \/>\n<script type=\"application\/ld+json\" class=\"yoast-schema-graph\">{\"@context\":\"https:\/\/schema.org\",\"@graph\":[{\"@type\":\"WebPage\",\"@id\":\"https:\/\/www.diving-thailand-phuket.com\/de\/thailand-tauchsafari\/diva-andaman\/\",\"url\":\"https:\/\/www.diving-thailand-phuket.com\/de\/thailand-tauchsafari\/diva-andaman\/\",\"name\":\"SY Diva Andaman - Luxus Tauchsafari zu den Similan Islands\",\"isPartOf\":{\"@id\":\"https:\/\/www.diving-thailand-phuket.com\/#website\"},\"primaryImageOfPage\":{\"@id\":\"https:\/\/www.diving-thailand-phuket.com\/de\/thailand-tauchsafari\/diva-andaman\/#primaryimage\"},\"image\":{\"@id\":\"https:\/\/www.diving-thailand-phuket.com\/de\/thailand-tauchsafari\/diva-andaman\/#primaryimage\"},\"thumbnailUrl\":\"https:\/\/i0.wp.com\/www.diving-thailand-phuket.com\/wp-content\/uploads\/2014\/06\/Diva-Andaman-1.jpg?fit=1200%2C400&ssl=1\",\"datePublished\":\"2016-06-28T05:13:58+00:00\",\"dateModified\":\"2016-07-05T04:08:15+00:00\",\"description\":\"SY Diva Andaman - Kommen Sie an Bord und genie\u00dfen Sie Ihre luxus Tauchsafari zu den Similan Islands.\",\"breadcrumb\":{\"@id\":\"https:\/\/www.diving-thailand-phuket.com\/de\/thailand-tauchsafari\/diva-andaman\/#breadcrumb\"},\"inLanguage\":\"de-DE\",\"potentialAction\":[{\"@type\":\"ReadAction\",\"target\":[\"https:\/\/www.diving-thailand-phuket.com\/de\/thailand-tauchsafari\/diva-andaman\/\"]}]},{\"@type\":\"ImageObject\",\"inLanguage\":\"de-DE\",\"@id\":\"https:\/\/www.diving-thailand-phuket.com\/de\/thailand-tauchsafari\/diva-andaman\/#primaryimage\",\"url\":\"https:\/\/i0.wp.com\/www.diving-thailand-phuket.com\/wp-content\/uploads\/2014\/06\/Diva-Andaman-1.jpg?fit=1200%2C400&ssl=1\",\"contentUrl\":\"https:\/\/i0.wp.com\/www.diving-thailand-phuket.com\/wp-content\/uploads\/2014\/06\/Diva-Andaman-1.jpg?fit=1200%2C400&ssl=1\",\"width\":1200,\"height\":400,\"caption\":\"Diva Andaman - Thailand Tauchsafari\"},{\"@type\":\"BreadcrumbList\",\"@id\":\"https:\/\/www.diving-thailand-phuket.com\/de\/thailand-tauchsafari\/diva-andaman\/#breadcrumb\",\"itemListElement\":[{\"@type\":\"ListItem\",\"position\":1,\"name\":\"Home\",\"item\":\"https:\/\/www.diving-thailand-phuket.com\/de\/\"},{\"@type\":\"ListItem\",\"position\":2,\"name\":\"Thailand Tauchsafari\",\"item\":\"https:\/\/www.diving-thailand-phuket.com\/de\/thailand-tauchsafari\/\"},{\"@type\":\"ListItem\",\"position\":3,\"name\":\"Diva Andaman\"}]},{\"@type\":\"WebSite\",\"@id\":\"https:\/\/www.diving-thailand-phuket.com\/#website\",\"url\":\"https:\/\/www.diving-thailand-phuket.com\/\",\"name\":\"Tauchen in Phuket Thailand\",\"description\":\"Best Diving in Thailand\",\"potentialAction\":[{\"@type\":\"SearchAction\",\"target\":{\"@type\":\"EntryPoint\",\"urlTemplate\":\"https:\/\/www.diving-thailand-phuket.com\/?s={search_term_string}\"},\"query-input\":{\"@type\":\"PropertyValueSpecification\",\"valueRequired\":true,\"valueName\":\"search_term_string\"}}],\"inLanguage\":\"de-DE\"}]}<\/script>\n<!-- \/ Yoast SEO plugin. -->","yoast_head_json":{"title":"SY Diva Andaman - Luxus Tauchsafari zu den Similan Islands","description":"SY Diva Andaman - Kommen Sie an Bord und genie\u00dfen Sie Ihre luxus Tauchsafari zu den Similan Islands.","robots":{"index":"index","follow":"follow","max-snippet":"max-snippet:-1","max-image-preview":"max-image-preview:large","max-video-preview":"max-video-preview:-1"},"canonical":"https:\/\/www.diving-thailand-phuket.com\/de\/thailand-tauchsafari\/diva-andaman\/","og_locale":"de_DE","og_type":"article","og_title":"SY Diva Andaman - Luxus Tauchsafari zu den Similan Islands","og_description":"SY Diva Andaman - Kommen Sie an Bord und genie\u00dfen Sie Ihre luxus Tauchsafari zu den Similan Islands.","og_url":"https:\/\/www.diving-thailand-phuket.com\/de\/thailand-tauchsafari\/diva-andaman\/","og_site_name":"Tauchen in Phuket Thailand","article_modified_time":"2016-07-05T04:08:15+00:00","og_image":[{"width":1200,"height":400,"url":"https:\/\/i0.wp.com\/www.diving-thailand-phuket.com\/wp-content\/uploads\/2014\/06\/Diva-Andaman-1.jpg?fit=1200%2C400&ssl=1","type":"image\/jpeg"}],"twitter_misc":{"Est. reading time":"3 minutes"},"schema":{"@context":"https:\/\/schema.org","@graph":[{"@type":"WebPage","@id":"https:\/\/www.diving-thailand-phuket.com\/de\/thailand-tauchsafari\/diva-andaman\/","url":"https:\/\/www.diving-thailand-phuket.com\/de\/thailand-tauchsafari\/diva-andaman\/","name":"SY Diva Andaman - Luxus Tauchsafari zu den Similan Islands","isPartOf":{"@id":"https:\/\/www.diving-thailand-phuket.com\/#website"},"primaryImageOfPage":{"@id":"https:\/\/www.diving-thailand-phuket.com\/de\/thailand-tauchsafari\/diva-andaman\/#primaryimage"},"image":{"@id":"https:\/\/www.diving-thailand-phuket.com\/de\/thailand-tauchsafari\/diva-andaman\/#primaryimage"},"thumbnailUrl":"https:\/\/i0.wp.com\/www.diving-thailand-phuket.com\/wp-content\/uploads\/2014\/06\/Diva-Andaman-1.jpg?fit=1200%2C400&ssl=1","datePublished":"2016-06-28T05:13:58+00:00","dateModified":"2016-07-05T04:08:15+00:00","description":"SY Diva Andaman - Kommen Sie an Bord und genie\u00dfen Sie Ihre luxus Tauchsafari zu den Similan Islands.","breadcrumb":{"@id":"https:\/\/www.diving-thailand-phuket.com\/de\/thailand-tauchsafari\/diva-andaman\/#breadcrumb"},"inLanguage":"de-DE","potentialAction":[{"@type":"ReadAction","target":["https:\/\/www.diving-thailand-phuket.com\/de\/thailand-tauchsafari\/diva-andaman\/"]}]},{"@type":"ImageObject","inLanguage":"de-DE","@id":"https:\/\/www.diving-thailand-phuket.com\/de\/thailand-tauchsafari\/diva-andaman\/#primaryimage","url":"https:\/\/i0.wp.com\/www.diving-thailand-phuket.com\/wp-content\/uploads\/2014\/06\/Diva-Andaman-1.jpg?fit=1200%2C400&ssl=1","contentUrl":"https:\/\/i0.wp.com\/www.diving-thailand-phuket.com\/wp-content\/uploads\/2014\/06\/Diva-Andaman-1.jpg?fit=1200%2C400&ssl=1","width":1200,"height":400,"caption":"Diva Andaman - Thailand Tauchsafari"},{"@type":"BreadcrumbList","@id":"https:\/\/www.diving-thailand-phuket.com\/de\/thailand-tauchsafari\/diva-andaman\/#breadcrumb","itemListElement":[{"@type":"ListItem","position":1,"name":"Home","item":"https:\/\/www.diving-thailand-phuket.com\/de\/"},{"@type":"ListItem","position":2,"name":"Thailand Tauchsafari","item":"https:\/\/www.diving-thailand-phuket.com\/de\/thailand-tauchsafari\/"},{"@type":"ListItem","position":3,"name":"Diva Andaman"}]},{"@type":"WebSite","@id":"https:\/\/www.diving-thailand-phuket.com\/#website","url":"https:\/\/www.diving-thailand-phuket.com\/","name":"Tauchen in Phuket Thailand","description":"Best Diving in Thailand","potentialAction":[{"@type":"SearchAction","target":{"@type":"EntryPoint","urlTemplate":"https:\/\/www.diving-thailand-phuket.com\/?s={search_term_string}"},"query-input":{"@type":"PropertyValueSpecification","valueRequired":true,"valueName":"search_term_string"}}],"inLanguage":"de-DE"}]}},"jetpack_sharing_enabled":true,"_links":{"self":[{"href":"https:\/\/www.diving-thailand-phuket.com\/de\/wp-json\/wp\/v2\/pages\/4284","targetHints":{"allow":["GET"]}}],"collection":[{"href":"https:\/\/www.diving-thailand-phuket.com\/de\/wp-json\/wp\/v2\/pages"}],"about":[{"href":"https:\/\/www.diving-thailand-phuket.com\/de\/wp-json\/wp\/v2\/types\/page"}],"author":[{"embeddable":true,"href":"https:\/\/www.diving-thailand-phuket.com\/de\/wp-json\/wp\/v2\/users\/3"}],"replies":[{"embeddable":true,"href":"https:\/\/www.diving-thailand-phuket.com\/de\/wp-json\/wp\/v2\/comments?post=4284"}],"version-history":[{"count":0,"href":"https:\/\/www.diving-thailand-phuket.com\/de\/wp-json\/wp\/v2\/pages\/4284\/revisions"}],"up":[{"embeddable":true,"href":"https:\/\/www.diving-thailand-phuket.com\/de\/wp-json\/wp\/v2\/pages\/4248"}],"wp:featuredmedia":[{"embeddable":true,"href":"https:\/\/www.diving-thailand-phuket.com\/de\/wp-json\/wp\/v2\/media\/3748"}],"wp:attachment":[{"href":"https:\/\/www.diving-thailand-phuket.com\/de\/wp-json\/wp\/v2\/media?parent=4284"}],"curies":[{"name":"wp","href":"https:\/\/api.w.org\/{rel}","templated":true}]}}