{"id":4282,"date":"2016-06-28T11:11:59","date_gmt":"2016-06-28T04:11:59","guid":{"rendered":"https:\/\/www.diving-thailand-phuket.com\/thailand-tauchsafari\/the-junk\/?lang=de"},"modified":"2016-07-05T11:10:11","modified_gmt":"2016-07-05T04:10:11","slug":"the-junk","status":"publish","type":"page","link":"https:\/\/www.diving-thailand-phuket.com\/de\/thailand-tauchsafari\/the-junk\/","title":{"rendered":"The Junk"},"content":{"rendered":"<p>Sobald Sie den ersten Schritt an Bord der Junk gemacht haben werden Sie sich wohlf\u00fchlen und vorkommen als wenn Sie in einer l\u00e4ngst vergangenen Zeit angekommen sind.\u00a0 Genie\u00dfen Sie Ihren Tauchurlaub auf der Junke und Tauchen an den sch\u00f6nsten Tauchpl\u00e4tzen rund um Phuket, Similan und den Surin Inseln. <a href=\"#cabin\">Mehr Infos&#8230;<\/a><\/p>\n<h2>The Junk &#8211; Tauchsafari Preise<\/h2>\n<p><span style=\"color: #3366ff;\"><strong>5 Tage \/ 6 N\u00e4chte (19 Tauchg) zu den Similan Islands, Koh Bon, Koh Tachai &amp; Richelieu Rock<\/strong><\/span><\/p>\n<ul>\n<li><strong>Zwei o. Doppelbett-Kabine:<\/strong> THB 50,000 pro Taucher<\/li>\n<li><strong>Dreibett-Kabine:<\/strong> THB 40,000 pro Taucher<\/li>\n<li><strong>Vierbett-Kabine:<\/strong> THB 35,000 pro Taucher<\/li>\n<\/ul>\n<p><span style=\"color: #3366ff;\"><strong>4 Tage \/ 4 N\u00e4chte (14 tauchg) zu den Similan Islands, Koh Bon, Koh Tachai &amp; Richelieu Rock<\/strong><\/span><\/p>\n<ul>\n<li><strong>Zwei o. Doppelbett-Kabine:<\/strong> THB 40,000 pro Taucher<\/li>\n<li><strong>Dreibett-Kabine:<\/strong> THB 33,000 pro Taucher<\/li>\n<li><strong>Vierbett-Kabine:<\/strong> THB 27,000 pro Taucher<\/li>\n<\/ul>\n<p><strong><em>Hinweis:\u00a0<\/em><\/strong><em>Alle Preise sind in Thai Baht pro Person in der jeweiligen Kabine<\/em><strong><em>.<\/em><\/strong><\/p>\n<blockquote><p><strong><span style=\"color: #339966;\">Wie buche ich meine Tauchsafari: <\/span><\/strong>Wir ben\u00f6tigen f\u00fcr Ihre Buchung nur 30% Anzahlung. Lassen Sie uns Ihre Daten f\u00fcr Ihre gew\u00fcnschte Tauchsafari zukommen und wir werden Ihnen eine Zahlungsanweisung schicken. Wir akzeptieren alle g\u00e4ngigen Kreditkarten (Keine extra Geb\u00fchr), PayPal oder Bank\u00fcberweisung.<strong> <a href=\"#form\">&gt;&gt;Jetzt Anfragen!<\/a><\/strong><em><br \/>\n<\/em><\/p><\/blockquote>\n<p><strong>Im Preis inklusive: <\/strong>Divemaster, Flasche, Gewichte &amp; Gurt, fr\u00fchst\u00fcck, Mittag, Abendessen, Fr\u00fcchte, Hotel Transfer vom und zum Hotel Phuket in den bekanntesten Orten (patong, Karon &amp; Kata Beach).<\/p>\n<p><strong>Nicht im Preis inklusive: <\/strong>Ausr\u00fcstung (800 Thai Baht pro Tag &amp; Person), Nitrox, Alkohol, &amp; Softdrinks, Nationalpark-Geb\u00fchr &#8211; 500 Thai Baht Eintritt und 200 Thai Baht pro Tauchtag &#8211; zahlbar an Bord.<\/p>\n<h2>Similan &amp; Surin Tauchsafari Termine<\/h2>\n\n<table id=\"tablepress-16\" class=\"tablepress tablepress-id-16\">\n<thead>\n<tr class=\"row-1\">\n\t<th class=\"column-1\" style=\"width:5%;\">Departure (dd\/mm\/yy)<\/th><th class=\"column-2\" style=\"width:5%;\">Arrival (dd\/mm\/yy)<\/th><th class=\"column-3\" style=\"width:75%;\">Itinerary<\/th><th class=\"column-4\" style=\"width:15%;\">Port Dep.\/Arr.<\/th>\n<\/tr>\n<\/thead>\n<tbody class=\"row-striping row-hover\">\n<tr class=\"row-2\">\n\t<td class=\"column-1\">27\/01\/17<\/td><td class=\"column-2\">02\/02\/17<\/td><td class=\"column-3\">6D\/6N Similan, Koh Bon, Koh Tachai &amp; Richelieu Rock<\/td><td class=\"column-4\">Phuket \/ Khao Lak<\/td>\n<\/tr>\n<tr class=\"row-3\">\n\t<td class=\"column-1\">02\/02\/17<\/td><td class=\"column-2\">06\/02\/17<\/td><td class=\"column-3\">4D\/4N Similan, Koh Bon, Koh Tachai &amp; Richelieu Rock<\/td><td class=\"column-4\">Khao Lak<\/td>\n<\/tr>\n<tr class=\"row-4\">\n\t<td class=\"column-1\">06\/02\/17<\/td><td class=\"column-2\">10\/02\/17<\/td><td class=\"column-3\">4D\/4N Similan, Koh Bon, Koh Tachai &amp; Richelieu Rock<\/td><td class=\"column-4\">Khao Lak<\/td>\n<\/tr>\n<tr class=\"row-5\">\n\t<td class=\"column-1\">10\/02\/17<\/td><td class=\"column-2\">16\/02\/17<\/td><td class=\"column-3\">6D\/6N Similan, Koh Bon, Koh Tachai &amp; Richelieu Rock<\/td><td class=\"column-4\">Khao Lak \/ Phuket<\/td>\n<\/tr>\n<tr class=\"row-6\">\n\t<td class=\"column-1\">17\/02\/17<\/td><td class=\"column-2\">23\/02\/17<\/td><td class=\"column-3\">6D\/6N Similan, Koh Bon, Koh Tachai &amp; Richelieu Rock<\/td><td class=\"column-4\">Phuket \/ Khao Lak<\/td>\n<\/tr>\n<tr class=\"row-7\">\n\t<td class=\"column-1\">23\/02\/17<\/td><td class=\"column-2\">27\/02\/17<\/td><td class=\"column-3\">4D\/4N Similan, Koh Bon, Koh Tachai &amp; Richelieu Rock<\/td><td class=\"column-4\">Khao Lak<\/td>\n<\/tr>\n<tr class=\"row-8\">\n\t<td class=\"column-1\">27\/02\/17<\/td><td class=\"column-2\">03\/03\/17<\/td><td class=\"column-3\">4D\/4N Similan, Koh Bon, Koh Tachai &amp; Richelieu Rock<\/td><td class=\"column-4\">Khao Lak<\/td>\n<\/tr>\n<tr class=\"row-9\">\n\t<td class=\"column-1\">03\/03\/17<\/td><td class=\"column-2\">09\/03\/17<\/td><td class=\"column-3\">6D\/6N Similan, Koh Bon, Koh Tachai &amp; Richelieu Rock<\/td><td class=\"column-4\">Khao Lak \/ Phuket<\/td>\n<\/tr>\n<tr class=\"row-10\">\n\t<td class=\"column-1\">10\/03\/17<\/td><td class=\"column-2\">16\/03\/17<\/td><td class=\"column-3\">6D\/6N Similan, Koh Bon, Koh Tachai &amp; Richelieu Rock<\/td><td class=\"column-4\">Phuket \/ Khao Lak<\/td>\n<\/tr>\n<tr class=\"row-11\">\n\t<td class=\"column-1\">16\/03\/17<\/td><td class=\"column-2\">20\/03\/17<\/td><td class=\"column-3\">4D\/4N Similan, Koh Bon, Koh Tachai &amp; Richelieu Rock<\/td><td class=\"column-4\">Khao Lak<\/td>\n<\/tr>\n<tr class=\"row-12\">\n\t<td class=\"column-1\">20\/03\/17<\/td><td class=\"column-2\">24\/03\/17<\/td><td class=\"column-3\">4D\/4N Similan, Koh Bon, Koh Tachai &amp; Richelieu Rock<\/td><td class=\"column-4\">Khao Lak<\/td>\n<\/tr>\n<tr class=\"row-13\">\n\t<td class=\"column-1\">24\/03\/17<\/td><td class=\"column-2\">30\/03\/17<\/td><td class=\"column-3\">6D\/6N Similan, Koh Bon, Koh Tachai &amp; Richelieu Rock<\/td><td class=\"column-4\">Khao Lak \/ Phuket<\/td>\n<\/tr>\n<tr class=\"row-14\">\n\t<td class=\"column-1\">31\/03\/17<\/td><td class=\"column-2\">06\/04\/17<\/td><td class=\"column-3\">6D\/6N Similan, Koh Bon, Koh Tachai &amp; Richelieu Rock<\/td><td class=\"column-4\">Phuket \/ Khao Lak<\/td>\n<\/tr>\n<tr class=\"row-15\">\n\t<td class=\"column-1\">06\/04\/17<\/td><td class=\"column-2\">10\/04\/17<\/td><td class=\"column-3\">4D\/4N Similan, Koh Bon, Koh Tachai &amp; Richelieu Rock<\/td><td class=\"column-4\">Khao Lak<\/td>\n<\/tr>\n<tr class=\"row-16\">\n\t<td class=\"column-1\">10\/04\/17<\/td><td class=\"column-2\">14\/04\/17<\/td><td class=\"column-3\">4D\/4N Similan, Koh Bon, Koh Tachai &amp; Richelieu Rock<\/td><td class=\"column-4\">Khao Lak<\/td>\n<\/tr>\n<tr class=\"row-17\">\n\t<td class=\"column-1\">14\/04\/17<\/td><td class=\"column-2\">20\/04\/17<\/td><td class=\"column-3\">6D\/6N Similan, Koh Bon, Koh Tachai &amp; Richelieu Rock<\/td><td class=\"column-4\">Khao Lak \/ Phuket<\/td>\n<\/tr>\n<tr class=\"row-18\">\n\t<td class=\"column-1\">21\/04\/17<\/td><td class=\"column-2\">27\/04\/17<\/td><td class=\"column-3\">6D\/6N Similan, Koh Bon, Koh Tachai &amp; Richelieu Rock<\/td><td class=\"column-4\">Phuket \/ Khao Lak<\/td>\n<\/tr>\n<tr class=\"row-19\">\n\t<td class=\"column-1\">27\/04\/17<\/td><td class=\"column-2\">01\/05\/17<\/td><td class=\"column-3\">4D\/4N Similan, Koh Bon, Koh Tachai &amp; Richelieu Rock<\/td><td class=\"column-4\">Khao Lak<\/td>\n<\/tr>\n<tr class=\"row-20\">\n\t<td class=\"column-1\">01\/05\/17<\/td><td class=\"column-2\">05\/05\/17<\/td><td class=\"column-3\">4D\/4N Similan, Koh Bon, Koh Tachai &amp; Richelieu Rock<\/td><td class=\"column-4\">Khao Lak<\/td>\n<\/tr>\n<tr class=\"row-21\">\n\t<td class=\"column-1\">05\/05\/17<\/td><td class=\"column-2\">11\/05\/17<\/td><td class=\"column-3\">6D\/6N Similan, Koh Bon, Koh Tachai &amp; Richelieu Rock<\/td><td class=\"column-4\">Khao Lak \/ Phuket<\/td>\n<\/tr>\n<\/tbody>\n<\/table>\n\n<h2 id=\"cabin\">The Junk &#8211; Kabine &amp; Ausstattung<\/h2>\n<p>The Junk hat insgesamt 6 Kabinen, alle mit eigenem Bad\/Wc und Klimaanlage. Bestehend aus 2 Doppelbett-Kabinen, 2 Dreibett-Kabinen und 2 Vierbett-Kabinen. Die meisten G\u00e4ste buchen sich eine private Doppel o. Zweibett-Kabine so das es oft nur 12 G\u00e4ste auf den Tauchsafaris sind.<\/p>\n<p>The Junk ist ebenfalls ein Filmstar, so hat Sie zum Beispiel in dem Film &#8216; Der Mann mit dem Goldenen Colt&#8217; und in dem Streifen &#8216; Die Schweizer Familie Robinson &#8216; mitgewirkt. Das Boot ist sehr breit und \u00e4u\u00dferst bequem was bei der Anzahl der Taucher jedem wirklich genug Platz gibt. Es gibt wahrscheinlich kein Boot was so eine gute K\u00fcche hat wie The Junk, eine fantastische Mischung aus Thai. &amp; Europischen Gerichten, alleine das Fr\u00fchst\u00fcck ist gigantisch. Genie\u00dfen Sie eine Tauchsafari zu den sch\u00f6nsten Tauchpl\u00e4tzen von Similan &amp; Surin Inseln.<\/p>\n<h2>The Junk Similan Tauchsafari &#8211; Tourplan<\/h2>\n<p>Abfahrtstag: 18:00 Uhr Abfahrt nach Similan Islands &#8211; 20:00 Uhr Abendessen<br \/>\nDay 2 \u2013 Tauchen Similan Islands<br \/>\nDay 3 \u2013 Tauchen Koh Bon Island<br \/>\nDay 4 \u2013 Tauchen Richelieu Rock &amp; Surin Islands<br \/>\nDay 5 \u2013 Tauchen Surin Islands<br \/>\nDay 6 \u2013 Tauchen Similan Island<br \/>\nDay 7 \u2013Am letzten Tag ist um 7:30 Uhr Fr\u00fchst\u00fcck und um 9:00 Uhr dann R\u00fccktransfer zum Hotel.<\/p>\n<h2 id=\"form\">Kontakt Colona Liveaboards<\/h2>\n<p>[gravityform id=&#8221;11&#8243; title=&#8221;true&#8221; description=&#8221;true&#8221;]<\/p>\n<h2>Testimonials<\/h2>\n<blockquote><p><em>N\/A<\/em><\/p><\/blockquote>\n","protected":false},"excerpt":{"rendered":"<p>Sobald Sie den ersten Schritt an Bord der Junk gemacht haben werden Sie sich wohlf\u00fchlen und vorkommen als wenn Sie in einer l\u00e4ngst vergangenen Zeit angekommen sind.\u00a0 Genie\u00dfen Sie Ihren Tauchurlaub auf der Junke und Tauchen an den sch\u00f6nsten Tauchpl\u00e4tzen rund um Phuket, Similan und den Surin Inseln. Mehr Infos&#8230; The Junk &#8211; Tauchsafari Preise [&hellip;]<\/p>\n","protected":false},"author":3,"featured_media":3887,"parent":4248,"menu_order":6,"comment_status":"closed","ping_status":"open","template":"lvb-fullwidth.php","meta":{"_et_pb_use_builder":"","_et_pb_old_content":"","_et_gb_content_width":"","footnotes":""},"class_list":["post-4282","page","type-page","status-publish","has-post-thumbnail","hentry"],"yoast_head":"<!-- This site is optimized with the Yoast SEO plugin v25.1 - https:\/\/yoast.com\/wordpress\/plugins\/seo\/ -->\n<title>The Junk - June Hong Chian Lee - Tauchen Similan &amp; Surin Island<\/title>\n<meta name=\"description\" content=\"Tauchen Similan &amp; Surin Island mit The Junk, eine Segel Junk was den Urlaub zum einmaligen Erlebnis macht.\" \/>\n<meta name=\"robots\" content=\"index, follow, max-snippet:-1, max-image-preview:large, max-video-preview:-1\" \/>\n<link rel=\"canonical\" href=\"https:\/\/www.diving-thailand-phuket.com\/de\/thailand-tauchsafari\/the-junk\/\" \/>\n<meta property=\"og:locale\" content=\"de_DE\" \/>\n<meta property=\"og:type\" content=\"article\" \/>\n<meta property=\"og:title\" content=\"The Junk - June Hong Chian Lee - Tauchen Similan &amp; Surin Island\" \/>\n<meta property=\"og:description\" content=\"Tauchen Similan &amp; Surin Island mit The Junk, eine Segel Junk was den Urlaub zum einmaligen Erlebnis macht.\" \/>\n<meta property=\"og:url\" content=\"https:\/\/www.diving-thailand-phuket.com\/de\/thailand-tauchsafari\/the-junk\/\" \/>\n<meta property=\"og:site_name\" content=\"Tauchen in Phuket Thailand\" \/>\n<meta property=\"article:modified_time\" content=\"2016-07-05T04:10:11+00:00\" \/>\n<meta name=\"twitter:label1\" content=\"Est. reading time\" \/>\n\t<meta name=\"twitter:data1\" content=\"2 minutes\" \/>\n<script type=\"application\/ld+json\" class=\"yoast-schema-graph\">{\"@context\":\"https:\/\/schema.org\",\"@graph\":[{\"@type\":\"WebPage\",\"@id\":\"https:\/\/www.diving-thailand-phuket.com\/de\/thailand-tauchsafari\/the-junk\/\",\"url\":\"https:\/\/www.diving-thailand-phuket.com\/de\/thailand-tauchsafari\/the-junk\/\",\"name\":\"The Junk - June Hong Chian Lee - Tauchen Similan & Surin Island\",\"isPartOf\":{\"@id\":\"https:\/\/www.diving-thailand-phuket.com\/#website\"},\"primaryImageOfPage\":{\"@id\":\"https:\/\/www.diving-thailand-phuket.com\/de\/thailand-tauchsafari\/the-junk\/#primaryimage\"},\"image\":{\"@id\":\"https:\/\/www.diving-thailand-phuket.com\/de\/thailand-tauchsafari\/the-junk\/#primaryimage\"},\"thumbnailUrl\":\"https:\/\/i0.wp.com\/www.diving-thailand-phuket.com\/wp-content\/uploads\/2014\/09\/The-Junk-Similan-Islands-Liveaboard.jpg?fit=1200%2C400&ssl=1\",\"datePublished\":\"2016-06-28T04:11:59+00:00\",\"dateModified\":\"2016-07-05T04:10:11+00:00\",\"description\":\"Tauchen Similan & Surin Island mit The Junk, eine Segel Junk was den Urlaub zum einmaligen Erlebnis macht.\",\"breadcrumb\":{\"@id\":\"https:\/\/www.diving-thailand-phuket.com\/de\/thailand-tauchsafari\/the-junk\/#breadcrumb\"},\"inLanguage\":\"de-DE\",\"potentialAction\":[{\"@type\":\"ReadAction\",\"target\":[\"https:\/\/www.diving-thailand-phuket.com\/de\/thailand-tauchsafari\/the-junk\/\"]}]},{\"@type\":\"ImageObject\",\"inLanguage\":\"de-DE\",\"@id\":\"https:\/\/www.diving-thailand-phuket.com\/de\/thailand-tauchsafari\/the-junk\/#primaryimage\",\"url\":\"https:\/\/i0.wp.com\/www.diving-thailand-phuket.com\/wp-content\/uploads\/2014\/09\/The-Junk-Similan-Islands-Liveaboard.jpg?fit=1200%2C400&ssl=1\",\"contentUrl\":\"https:\/\/i0.wp.com\/www.diving-thailand-phuket.com\/wp-content\/uploads\/2014\/09\/The-Junk-Similan-Islands-Liveaboard.jpg?fit=1200%2C400&ssl=1\",\"width\":1200,\"height\":400,\"caption\":\"The Junk\"},{\"@type\":\"BreadcrumbList\",\"@id\":\"https:\/\/www.diving-thailand-phuket.com\/de\/thailand-tauchsafari\/the-junk\/#breadcrumb\",\"itemListElement\":[{\"@type\":\"ListItem\",\"position\":1,\"name\":\"Home\",\"item\":\"https:\/\/www.diving-thailand-phuket.com\/de\/\"},{\"@type\":\"ListItem\",\"position\":2,\"name\":\"Thailand Tauchsafari\",\"item\":\"https:\/\/www.diving-thailand-phuket.com\/de\/thailand-tauchsafari\/\"},{\"@type\":\"ListItem\",\"position\":3,\"name\":\"The Junk\"}]},{\"@type\":\"WebSite\",\"@id\":\"https:\/\/www.diving-thailand-phuket.com\/#website\",\"url\":\"https:\/\/www.diving-thailand-phuket.com\/\",\"name\":\"Tauchen in Phuket Thailand\",\"description\":\"Best Diving in Thailand\",\"potentialAction\":[{\"@type\":\"SearchAction\",\"target\":{\"@type\":\"EntryPoint\",\"urlTemplate\":\"https:\/\/www.diving-thailand-phuket.com\/?s={search_term_string}\"},\"query-input\":{\"@type\":\"PropertyValueSpecification\",\"valueRequired\":true,\"valueName\":\"search_term_string\"}}],\"inLanguage\":\"de-DE\"}]}<\/script>\n<!-- \/ Yoast SEO plugin. -->","yoast_head_json":{"title":"The Junk - June Hong Chian Lee - Tauchen Similan & Surin Island","description":"Tauchen Similan & Surin Island mit The Junk, eine Segel Junk was den Urlaub zum einmaligen Erlebnis macht.","robots":{"index":"index","follow":"follow","max-snippet":"max-snippet:-1","max-image-preview":"max-image-preview:large","max-video-preview":"max-video-preview:-1"},"canonical":"https:\/\/www.diving-thailand-phuket.com\/de\/thailand-tauchsafari\/the-junk\/","og_locale":"de_DE","og_type":"article","og_title":"The Junk - June Hong Chian Lee - Tauchen Similan & Surin Island","og_description":"Tauchen Similan & Surin Island mit The Junk, eine Segel Junk was den Urlaub zum einmaligen Erlebnis macht.","og_url":"https:\/\/www.diving-thailand-phuket.com\/de\/thailand-tauchsafari\/the-junk\/","og_site_name":"Tauchen in Phuket Thailand","article_modified_time":"2016-07-05T04:10:11+00:00","twitter_misc":{"Est. reading time":"2 minutes"},"schema":{"@context":"https:\/\/schema.org","@graph":[{"@type":"WebPage","@id":"https:\/\/www.diving-thailand-phuket.com\/de\/thailand-tauchsafari\/the-junk\/","url":"https:\/\/www.diving-thailand-phuket.com\/de\/thailand-tauchsafari\/the-junk\/","name":"The Junk - June Hong Chian Lee - Tauchen Similan & Surin Island","isPartOf":{"@id":"https:\/\/www.diving-thailand-phuket.com\/#website"},"primaryImageOfPage":{"@id":"https:\/\/www.diving-thailand-phuket.com\/de\/thailand-tauchsafari\/the-junk\/#primaryimage"},"image":{"@id":"https:\/\/www.diving-thailand-phuket.com\/de\/thailand-tauchsafari\/the-junk\/#primaryimage"},"thumbnailUrl":"https:\/\/i0.wp.com\/www.diving-thailand-phuket.com\/wp-content\/uploads\/2014\/09\/The-Junk-Similan-Islands-Liveaboard.jpg?fit=1200%2C400&ssl=1","datePublished":"2016-06-28T04:11:59+00:00","dateModified":"2016-07-05T04:10:11+00:00","description":"Tauchen Similan & Surin Island mit The Junk, eine Segel Junk was den Urlaub zum einmaligen Erlebnis macht.","breadcrumb":{"@id":"https:\/\/www.diving-thailand-phuket.com\/de\/thailand-tauchsafari\/the-junk\/#breadcrumb"},"inLanguage":"de-DE","potentialAction":[{"@type":"ReadAction","target":["https:\/\/www.diving-thailand-phuket.com\/de\/thailand-tauchsafari\/the-junk\/"]}]},{"@type":"ImageObject","inLanguage":"de-DE","@id":"https:\/\/www.diving-thailand-phuket.com\/de\/thailand-tauchsafari\/the-junk\/#primaryimage","url":"https:\/\/i0.wp.com\/www.diving-thailand-phuket.com\/wp-content\/uploads\/2014\/09\/The-Junk-Similan-Islands-Liveaboard.jpg?fit=1200%2C400&ssl=1","contentUrl":"https:\/\/i0.wp.com\/www.diving-thailand-phuket.com\/wp-content\/uploads\/2014\/09\/The-Junk-Similan-Islands-Liveaboard.jpg?fit=1200%2C400&ssl=1","width":1200,"height":400,"caption":"The Junk"},{"@type":"BreadcrumbList","@id":"https:\/\/www.diving-thailand-phuket.com\/de\/thailand-tauchsafari\/the-junk\/#breadcrumb","itemListElement":[{"@type":"ListItem","position":1,"name":"Home","item":"https:\/\/www.diving-thailand-phuket.com\/de\/"},{"@type":"ListItem","position":2,"name":"Thailand Tauchsafari","item":"https:\/\/www.diving-thailand-phuket.com\/de\/thailand-tauchsafari\/"},{"@type":"ListItem","position":3,"name":"The Junk"}]},{"@type":"WebSite","@id":"https:\/\/www.diving-thailand-phuket.com\/#website","url":"https:\/\/www.diving-thailand-phuket.com\/","name":"Tauchen in Phuket Thailand","description":"Best Diving in Thailand","potentialAction":[{"@type":"SearchAction","target":{"@type":"EntryPoint","urlTemplate":"https:\/\/www.diving-thailand-phuket.com\/?s={search_term_string}"},"query-input":{"@type":"PropertyValueSpecification","valueRequired":true,"valueName":"search_term_string"}}],"inLanguage":"de-DE"}]}},"jetpack_sharing_enabled":true,"_links":{"self":[{"href":"https:\/\/www.diving-thailand-phuket.com\/de\/wp-json\/wp\/v2\/pages\/4282","targetHints":{"allow":["GET"]}}],"collection":[{"href":"https:\/\/www.diving-thailand-phuket.com\/de\/wp-json\/wp\/v2\/pages"}],"about":[{"href":"https:\/\/www.diving-thailand-phuket.com\/de\/wp-json\/wp\/v2\/types\/page"}],"author":[{"embeddable":true,"href":"https:\/\/www.diving-thailand-phuket.com\/de\/wp-json\/wp\/v2\/users\/3"}],"replies":[{"embeddable":true,"href":"https:\/\/www.diving-thailand-phuket.com\/de\/wp-json\/wp\/v2\/comments?post=4282"}],"version-history":[{"count":0,"href":"https:\/\/www.diving-thailand-phuket.com\/de\/wp-json\/wp\/v2\/pages\/4282\/revisions"}],"up":[{"embeddable":true,"href":"https:\/\/www.diving-thailand-phuket.com\/de\/wp-json\/wp\/v2\/pages\/4248"}],"wp:featuredmedia":[{"embeddable":true,"href":"https:\/\/www.diving-thailand-phuket.com\/de\/wp-json\/wp\/v2\/media\/3887"}],"wp:attachment":[{"href":"https:\/\/www.diving-thailand-phuket.com\/de\/wp-json\/wp\/v2\/media?parent=4282"}],"curies":[{"name":"wp","href":"https:\/\/api.w.org\/{rel}","templated":true}]}}