{"id":4247,"date":"2016-06-27T18:35:58","date_gmt":"2016-06-27T11:35:58","guid":{"rendered":"https:\/\/www.diving-thailand-phuket.com\/mv-pawara\/?lang=de"},"modified":"2016-07-05T10:23:35","modified_gmt":"2016-07-05T03:23:35","slug":"mv-pawara","status":"publish","type":"page","link":"https:\/\/www.diving-thailand-phuket.com\/de\/thailand-tauchsafari\/mv-pawara\/","title":{"rendered":"MV Pawara"},"content":{"rendered":"<p>Die MV Pawara ist ein speziell f\u00fcr Taucher gebautes Boot mit ger\u00e4umigen Kabinen die alle \u00fcber ein Bad\/WC und reg. Klimaanlage verf\u00fcgen. Gebaut wurde das Boot 2006 in Phuket und hat eine Breite von 7 Meter bei einer L\u00e4nge von 35 Meter. Das Stahlboot kann bequem bis zu 24 G\u00e4ste auf einer Tauchsafari unterbringen. <a href=\"#cabin\">Mehr Infos&#8230;<\/a><\/p>\n<h2>MV Pawara &#8211; Tauchsafari Preise<\/h2>\n<p><span style=\"color: #3366ff;\"><strong>4 Tage \/ 4 N\u00e4chte (14 Tauchg) zu den Similan Islands, Koh Bon, Koh Tachai &amp; Richelieu Rock<\/strong><\/span><\/p>\n<ul>\n<li><strong>Master Doppelbett-Kabine:<\/strong> THB 35,700 pro Taucher<\/li>\n<li><strong>Deluxe Zweibett-Kabine:<\/strong> THB 32,700 pro Taucher<\/li>\n<li><strong>Standard Zwei o. Doppelbett-Kabine:<\/strong> THB 30,700 pro Taucher<\/li>\n<li><strong>Budget Zweibett-Kabine (Gemeinsames Bad):<\/strong> THB 25,700 pro Taucher<\/li>\n<\/ul>\n<p><strong><em>Hinweis:\u00a0<\/em><\/strong><em>Alle Preise sind in Thai Baht pro Person in der jeweiligen Kabine<\/em><strong><em>.<\/em><\/strong><\/p>\n<blockquote><p><strong><span style=\"color: #339966;\">Wie buche ich meine Tauchsafari: <\/span><\/strong>Wir ben\u00f6tigen f\u00fcr Ihre Buchung nur 30% Anzahlung. Lassen Sie uns Ihre Daten f\u00fcr Ihre gew\u00fcnschte Tauchsafari zukommen und wir werden Ihnen eine Zahlungsanweisung schicken. Wir akzeptieren alle g\u00e4ngigen Kreditkarten (Keine extra Geb\u00fchr), PayPal oder Bank\u00fcberweisung.<strong> <a href=\"#form\">&gt;&gt;Jetzt Anfragen!<\/a><\/strong><\/p><\/blockquote>\n<p><strong>Im Preis inklusive: <\/strong>Klimatisierte Kabinen, Thai &amp; Europ\u00e4isches Essen, Fr\u00fcchte &amp; Snacks, Tea &amp; Kaffee, Trinkwasser, Divemaster, Flaschen, Gewichte &amp; Gurt, Hotel Transfer von \/ nach Phuket &amp; Khao Lak, Unfallversicherung &amp; Dekompressions-Kammer.<\/p>\n<p><strong>Nicht im Preis inklusive:\u00a0<\/strong>Ausr\u00fcstung &amp; Nationalpark-Geb\u00fchr, <a href=\"#price\">Preisliste<\/a>.<\/p>\n<h2>Tauchsafari Termine<\/h2>\n\n<table id=\"tablepress-13\" class=\"tablepress tablepress-id-13\">\n<thead>\n<tr class=\"row-1\">\n\t<th class=\"column-1\" style=\"width:5%;\">Departure (dd\/mm\/yy)<\/th><th class=\"column-2\" style=\"width:5%;\">Arrival (dd\/mm\/yy)<\/th><th class=\"column-3\" style=\"width:75%;\">Itinerary<\/th><th class=\"column-4\" style=\"width:15%;\">Port Dep.\/Arr.<\/th>\n<\/tr>\n<\/thead>\n<tbody class=\"row-striping row-hover\">\n<tr class=\"row-2\">\n\t<td class=\"column-1\">27\/01\/17<\/td><td class=\"column-2\">31\/01\/17<\/td><td class=\"column-3\">4D\/4N Similan Island, Koh Bon, Tachai &amp; Richelieu Rock<\/td><td class=\"column-4\">Tablamu (Khao Lak)<\/td>\n<\/tr>\n<tr class=\"row-3\">\n\t<td class=\"column-1\">31\/01\/17<\/td><td class=\"column-2\">04\/02\/17<\/td><td class=\"column-3\">4D\/4N Similan Island, Koh Bon, Tachai &amp; Richelieu Rock<\/td><td class=\"column-4\">Tablamu (Khao Lak)<\/td>\n<\/tr>\n<tr class=\"row-4\">\n\t<td class=\"column-1\">05\/02\/17<\/td><td class=\"column-2\">09\/02\/17<\/td><td class=\"column-3\">4D\/4N Similan Island, Koh Bon, Tachai &amp; Richelieu Rock<\/td><td class=\"column-4\">Tablamu (Khao Lak)<\/td>\n<\/tr>\n<tr class=\"row-5\">\n\t<td class=\"column-1\">10\/02\/17<\/td><td class=\"column-2\">14\/02\/17<\/td><td class=\"column-3\">4D\/4N Similan Island, Koh Bon, Tachai &amp; Richelieu Rock<\/td><td class=\"column-4\">Tablamu (Khao Lak)<\/td>\n<\/tr>\n<tr class=\"row-6\">\n\t<td class=\"column-1\">15\/02\/17<\/td><td class=\"column-2\">19\/02\/17<\/td><td class=\"column-3\">4D\/4N Similan Island, Koh Bon, Tachai &amp; Richelieu Rock<\/td><td class=\"column-4\">Tablamu (Khao Lak)<\/td>\n<\/tr>\n<tr class=\"row-7\">\n\t<td class=\"column-1\">20\/02\/17<\/td><td class=\"column-2\">24\/02\/17<\/td><td class=\"column-3\">4D\/4N Similan Island, Koh Bon, Tachai &amp; Richelieu Rock<\/td><td class=\"column-4\">Tablamu (Khao Lak)<\/td>\n<\/tr>\n<tr class=\"row-8\">\n\t<td class=\"column-1\">24\/02\/17<\/td><td class=\"column-2\">28\/02\/17<\/td><td class=\"column-3\">4D\/4N Similan Island, Koh Bon, Tachai &amp; Richelieu Rock<\/td><td class=\"column-4\">Tablamu (Khao Lak)<\/td>\n<\/tr>\n<tr class=\"row-9\">\n\t<td class=\"column-1\">01\/03\/17<\/td><td class=\"column-2\">05\/03\/17<\/td><td class=\"column-3\">4D\/4N Similan Island, Koh Bon, Tachai &amp; Richelieu Rock<\/td><td class=\"column-4\">Tablamu (Khao Lak)<\/td>\n<\/tr>\n<tr class=\"row-10\">\n\t<td class=\"column-1\">05\/03\/17<\/td><td class=\"column-2\">09\/03\/17<\/td><td class=\"column-3\">4D\/4N Similan Island, Koh Bon, Tachai &amp; Richelieu Rock<\/td><td class=\"column-4\">Tablamu (Khao Lak)<\/td>\n<\/tr>\n<tr class=\"row-11\">\n\t<td class=\"column-1\">10\/03\/17<\/td><td class=\"column-2\">14\/03\/17<\/td><td class=\"column-3\">4D\/4N Similan Island, Koh Bon, Tachai &amp; Richelieu Rock<\/td><td class=\"column-4\">Tablamu (Khao Lak)<\/td>\n<\/tr>\n<tr class=\"row-12\">\n\t<td class=\"column-1\">14\/03\/17<\/td><td class=\"column-2\">18\/03\/17<\/td><td class=\"column-3\">4D\/4N Similan Island, Koh Bon, Tachai &amp; Richelieu Rock<\/td><td class=\"column-4\">Tablamu (Khao Lak)<\/td>\n<\/tr>\n<tr class=\"row-13\">\n\t<td class=\"column-1\">19\/03\/17<\/td><td class=\"column-2\">23\/03\/17<\/td><td class=\"column-3\">4D\/4N Similan Island, Koh Bon, Tachai &amp; Richelieu Rock<\/td><td class=\"column-4\">Tablamu (Khao Lak)<\/td>\n<\/tr>\n<tr class=\"row-14\">\n\t<td class=\"column-1\">23\/03\/17<\/td><td class=\"column-2\">27\/03\/17<\/td><td class=\"column-3\">4D\/4N Similan Island, Koh Bon, Tachai &amp; Richelieu Rock<\/td><td class=\"column-4\">Tablamu (Khao Lak)<\/td>\n<\/tr>\n<tr class=\"row-15\">\n\t<td class=\"column-1\">28\/03\/17<\/td><td class=\"column-2\">01\/04\/17<\/td><td class=\"column-3\">4D\/4N Similan Island, Koh Bon, Tachai &amp; Richelieu Rock<\/td><td class=\"column-4\">Tablamu (Khao Lak)<\/td>\n<\/tr>\n<tr class=\"row-16\">\n\t<td class=\"column-1\">01\/04\/17<\/td><td class=\"column-2\">05\/04\/17<\/td><td class=\"column-3\">4D\/4N Similan Island, Koh Bon, Tachai &amp; Richelieu Rock<\/td><td class=\"column-4\">Tablamu (Khao Lak)<\/td>\n<\/tr>\n<tr class=\"row-17\">\n\t<td class=\"column-1\">06\/04\/17<\/td><td class=\"column-2\">10\/04\/17<\/td><td class=\"column-3\">4D\/4N Similan Island, Koh Bon, Tachai &amp; Richelieu Rock<\/td><td class=\"column-4\">Tablamu (Khao Lak)<\/td>\n<\/tr>\n<tr class=\"row-18\">\n\t<td class=\"column-1\">11\/04\/17<\/td><td class=\"column-2\">15\/04\/17<\/td><td class=\"column-3\">4D\/4N Similan Island, Koh Bon, Tachai &amp; Richelieu Rock<\/td><td class=\"column-4\">Tablamu (Khao Lak)<\/td>\n<\/tr>\n<tr class=\"row-19\">\n\t<td class=\"column-1\">16\/04\/17<\/td><td class=\"column-2\">20\/04\/17<\/td><td class=\"column-3\">4D\/4N Similan Island, Koh Bon, Tachai &amp; Richelieu Rock<\/td><td class=\"column-4\">Tablamu (Khao Lak)<\/td>\n<\/tr>\n<tr class=\"row-20\">\n\t<td class=\"column-1\">21\/04\/17<\/td><td class=\"column-2\">25\/04\/17<\/td><td class=\"column-3\">4D\/4N Similan Island, Koh Bon, Tachai &amp; Richelieu Rock<\/td><td class=\"column-4\">Tablamu (Khao Lak)<\/td>\n<\/tr>\n<tr class=\"row-21\">\n\t<td class=\"column-1\">26\/04\/17<\/td><td class=\"column-2\">30\/04\/17<\/td><td class=\"column-3\">4D\/4N Similan Island, Koh Bon, Tachai &amp; Richelieu Rock<\/td><td class=\"column-4\">Tablamu (Khao Lak)<\/td>\n<\/tr>\n<tr class=\"row-22\">\n\t<td class=\"column-1\">30\/04\/17<\/td><td class=\"column-2\">04\/05\/17<\/td><td class=\"column-3\">4D\/4N Similan Island, Koh Bon, Tachai &amp; Richelieu Rock<\/td><td class=\"column-4\">Tablamu (Khao Lak)<\/td>\n<\/tr>\n<tr class=\"row-23\">\n\t<td class=\"column-1\">05\/05\/17<\/td><td class=\"column-2\">09\/05\/17<\/td><td class=\"column-3\">4D\/4N Similan Island, Koh Bon, Tachai &amp; Richelieu Rock<\/td><td class=\"column-4\">Tablamu (Khao Lak)<\/td>\n<\/tr>\n<tr class=\"row-24\">\n\t<td class=\"column-1\">10\/05\/17<\/td><td class=\"column-2\">14\/05\/17<\/td><td class=\"column-3\">4D\/4N Similan Island, Koh Bon, Tachai &amp; Richelieu Rock<\/td><td class=\"column-4\">Tablamu (Khao Lak)<\/td>\n<\/tr>\n<\/tbody>\n<\/table>\n<!-- #tablepress-13 from cache -->\n<h2 id=\"cabin\">MV Pawara Kabinen\u00a0 &amp; Ausstattung<\/h2>\n<p>Zwei Master-Kabinen befinden sich auf dem Hauptdeck und stehen als\u00a0 Zwei oder Doppelbett-Kabine zur Verf\u00fcgung. Die Kabinen bieten viel Platz mit Stauraum und haben eine wunderbare Aussicht.<\/p>\n<p>Die vier Deluxe-Kabinen sind etwas kleiner als die Master-Kabinen und befinden sich ebenfalls auf dem Hauptdeck. Auch die Deluxe-Kabinen haben viel Platz und verf\u00fcgen auch \u00fcber eine sch\u00f6nen Ausblick aufs Meer.<\/p>\n<p>Die vier Standard-Kabinen befinden sich alle auf dem unteren Deck, und verf\u00fcgen wie die Master-Kabine sowohl \u00fcber zwei Einzelbetten oder ein Doppelbett. Die Kabinen sind etwas niedrig und nicht unbedingt f\u00fcr gro\u00dfe G\u00e4ste geeignet aber auch hier hat es viel Platz.<\/p>\n<p>Alle Kabinen verf\u00fcgen \u00fcber eine Klimaanlage und eigenem Badezimmer, nur die Budget-Kabinen teilen sich das Badezimmer.<\/p>\n<p>Das Hauptdeck verf\u00fcgt \u00fcber einen klimatisierten Speiseraum, wobei die meisten es bevorzugen auf dem Oberdeck an der frischen Luft zu essen. Aber f\u00fcr den Fall das es schlechtes Wetter hat, ist der Speiseraum sehr willkommen. Ebenfalls auf dem Oberdeck gibt es klimatisierten Salon\u00a0 der mit Unterhaltungs-Elektronik ausgestattet ist. dar\u00fcber befindet sich das Sonnendeck mit einer sehr gro\u00dfen Fl\u00e4che f\u00fcr die G\u00e4ste die #was f\u00fcr die Urlaubsbr\u00e4une tun wollen.<\/p>\n<p>Das Tauchdeck ist genauso wie alles auf der Pawara, sehr gro\u00df und bietet viel Platz f\u00fcr die Ausr\u00fcstung und die G\u00e4ste.<\/p>\n<h2>Pawara Similan Tauchsafari &#8211; Tourplan<\/h2>\n<p><strong>Abfahrts Tag:<br \/>\n<\/strong><\/p>\n<p>17:00 Hotelabholung<br \/>\n19:30 Ankunft Tab Lamu Hafen (Phang-Nga Provinze)<br \/>\n20:30 Begr\u00fc\u00dfung &amp; Abendessen auf der M\/V Pawara \u2013 \u00dcberfahrt nach Similan Island<\/p>\n<p><strong>Day 1<\/strong> Tauchen Similan Island -3 Tauchg. + 1 Sunset Tauchg.<br \/>\n<strong>Day 2<\/strong> Tauchen Similan Island -3 Tauchg + 1 Nachttauchg.<br \/>\n<strong>Day 3<\/strong> Tauchen Koh Tachai, Richelieu Rock -3 Tauchg. + 1 Nachttauchg.<br \/>\n<strong>Day 4<\/strong> Tauchen Koh Bon Island &#8211; 2 Tauchg. und R\u00fcckfahrt zum Tab Lamu Hafen. Ankunft ca. 18:00 hrs<\/p>\n<h2 id=\"form\">Kontakt Colona Liveaboards<\/h2>\n<p>[gravityform id=&#8221;10&#8243; title=&#8221;true&#8221; description=&#8221;true&#8221;]<\/p>\n<h2>MV Pawara\u00a0Testimonials<\/h2>\n<p>N\/A<\/p>\n<h2>Technische Details Specs<\/h2>\n<ul>\n<li><strong>Type:<\/strong> Stahlboot<\/li>\n<li><strong>L\u00e4nge:<\/strong> 35 Meter |\u00a0<strong>Breite:<\/strong> 7.0 Meter |\u00a0<strong>Draft:<\/strong> 3 Meter.<\/li>\n<li><strong>Motoren:<\/strong> 2 x 450 PS Hino Maschinen<\/li>\n<li><strong>Generatoren:<\/strong> 2 x 25 KW<\/li>\n<li><strong>Geschwindigkeit:<\/strong> 8 to 12 Knoten |\u00a0<strong>Max Speed:<\/strong> 15 Knoten.<\/li>\n<li><strong>Kompressoren:<\/strong> 3 x Bauer Mariner .<\/li>\n<li><strong>Nitrox:<\/strong> SP Elektrik.<\/li>\n<li><strong>Flaschen:<\/strong> 50 x Aluminum .<\/li>\n<li><strong>Instrumente:<\/strong> GPS, Sounder, Cellular Phone, SSB Funk.<\/li>\n<li><strong>Frischwasser:<\/strong> 15,000 Liter.<\/li>\n<li><strong>Diesel:<\/strong> 12,000 Liter.<\/li>\n<li><strong>G\u00e4ste:<\/strong> Max. 24 Personen.<\/li>\n<li><strong>Kabinen:<\/strong> 10 Doppel-Kabinen mit Klimaanlage.<\/li>\n<li><strong>Badezimmer:<\/strong> Eigene Toilette und Warmwasser Dusche.<\/li>\n<li><strong>Dusche:<\/strong> Hei\u00df Wasser in jeder Kabine und 2 Duschen auf dem Tauchdeck.<\/li>\n<li><strong>Sonnendeck:<\/strong> 5 x 15 Meter<\/li>\n<li><strong>Unterhaltung:<\/strong> 5 x 12 Meter Salon mit TV \/ Video, Stereo.<\/li>\n<li><strong>Schlauchboot:<\/strong> 2 x 4.8 m mit je 25 PS<\/li>\n<li><strong>Sicherheits Ausr\u00fcstung:<\/strong> 2 x Rettungsinseln, Rettungswesten, Erste Hilfe Ausr\u00fcstung und Sauerstoffversorgung.<\/li>\n<\/ul>\n<h3 id=\"price\">Preisliste<\/h3>\n<ul>\n<li><strong>Nationalpark-Geb\u00fchr:<\/strong>\u00a0THB 1,800 f\u00fcr Taucher, THB 1,000 f\u00fcr Nichttaucher.<\/li>\n<li><strong>Leihausr\u00fcstung:<\/strong>\u00a0THB 500 pro Tag ( ScubaPro Top Qualit\u00e4t: Reg, BCD, Anzug, Flossen, Maske, Schnorchel ).<\/li>\n<li><strong>Lampe (Nachttauchg.):<\/strong>\u00a0THB 100 pro Tauchg..<\/li>\n<li><strong>Tauchkomputer:<\/strong>\u00a0THB 300 pro Tag.<\/li>\n<li><strong>DIN Adaptor:<\/strong>\u00a0THB 100 pro Tag.<\/li>\n<li><strong>15 Liter Flasche:<\/strong>\u00a0THB 300 pro Tag.<\/li>\n<\/ul>\n","protected":false},"excerpt":{"rendered":"<p>Die MV Pawara ist ein speziell f\u00fcr Taucher gebautes Boot mit ger\u00e4umigen Kabinen die alle \u00fcber ein Bad\/WC und reg. Klimaanlage verf\u00fcgen. Gebaut wurde das Boot 2006 in Phuket und hat eine Breite von 7 Meter bei einer L\u00e4nge von 35 Meter. Das Stahlboot kann bequem bis zu 24 G\u00e4ste auf einer Tauchsafari unterbringen. Mehr [&hellip;]<\/p>\n","protected":false},"author":3,"featured_media":0,"parent":4248,"menu_order":4,"comment_status":"closed","ping_status":"open","template":"","meta":{"_et_pb_use_builder":"","_et_pb_old_content":"","_et_gb_content_width":"","footnotes":""},"class_list":["post-4247","page","type-page","status-publish","hentry"],"yoast_head":"<!-- This site is optimized with the Yoast SEO plugin v25.1 - https:\/\/yoast.com\/wordpress\/plugins\/seo\/ -->\n<title>MV Pawara - Thailand Tauchsafari zu den Similan Islands<\/title>\n<meta name=\"description\" content=\"MV Pawara - Thailand Tauchsafari zu den Similan Islands, tauchen im sch\u00f6nsten nationalpark von Thailand\" \/>\n<meta name=\"robots\" content=\"index, follow, max-snippet:-1, max-image-preview:large, max-video-preview:-1\" \/>\n<link rel=\"canonical\" href=\"https:\/\/www.diving-thailand-phuket.com\/de\/thailand-tauchsafari\/mv-pawara\/\" \/>\n<meta property=\"og:locale\" content=\"de_DE\" \/>\n<meta property=\"og:type\" content=\"article\" \/>\n<meta property=\"og:title\" content=\"MV Pawara - Thailand Tauchsafari zu den Similan Islands\" \/>\n<meta property=\"og:description\" content=\"MV Pawara - Thailand Tauchsafari zu den Similan Islands, tauchen im sch\u00f6nsten nationalpark von Thailand\" \/>\n<meta property=\"og:url\" content=\"https:\/\/www.diving-thailand-phuket.com\/de\/thailand-tauchsafari\/mv-pawara\/\" \/>\n<meta property=\"og:site_name\" content=\"Tauchen in Phuket Thailand\" \/>\n<meta property=\"article:modified_time\" content=\"2016-07-05T03:23:35+00:00\" \/>\n<meta name=\"twitter:label1\" content=\"Est. reading time\" \/>\n\t<meta name=\"twitter:data1\" content=\"3 minutes\" \/>\n<script type=\"application\/ld+json\" class=\"yoast-schema-graph\">{\"@context\":\"https:\/\/schema.org\",\"@graph\":[{\"@type\":\"WebPage\",\"@id\":\"https:\/\/www.diving-thailand-phuket.com\/de\/thailand-tauchsafari\/mv-pawara\/\",\"url\":\"https:\/\/www.diving-thailand-phuket.com\/de\/thailand-tauchsafari\/mv-pawara\/\",\"name\":\"MV Pawara - Thailand Tauchsafari zu den Similan Islands\",\"isPartOf\":{\"@id\":\"https:\/\/www.diving-thailand-phuket.com\/#website\"},\"datePublished\":\"2016-06-27T11:35:58+00:00\",\"dateModified\":\"2016-07-05T03:23:35+00:00\",\"description\":\"MV Pawara - Thailand Tauchsafari zu den Similan Islands, tauchen im sch\u00f6nsten nationalpark von Thailand\",\"breadcrumb\":{\"@id\":\"https:\/\/www.diving-thailand-phuket.com\/de\/thailand-tauchsafari\/mv-pawara\/#breadcrumb\"},\"inLanguage\":\"de-DE\",\"potentialAction\":[{\"@type\":\"ReadAction\",\"target\":[\"https:\/\/www.diving-thailand-phuket.com\/de\/thailand-tauchsafari\/mv-pawara\/\"]}]},{\"@type\":\"BreadcrumbList\",\"@id\":\"https:\/\/www.diving-thailand-phuket.com\/de\/thailand-tauchsafari\/mv-pawara\/#breadcrumb\",\"itemListElement\":[{\"@type\":\"ListItem\",\"position\":1,\"name\":\"Home\",\"item\":\"https:\/\/www.diving-thailand-phuket.com\/de\/\"},{\"@type\":\"ListItem\",\"position\":2,\"name\":\"Thailand Tauchsafari\",\"item\":\"https:\/\/www.diving-thailand-phuket.com\/de\/thailand-tauchsafari\/\"},{\"@type\":\"ListItem\",\"position\":3,\"name\":\"MV Pawara\"}]},{\"@type\":\"WebSite\",\"@id\":\"https:\/\/www.diving-thailand-phuket.com\/#website\",\"url\":\"https:\/\/www.diving-thailand-phuket.com\/\",\"name\":\"Tauchen in Phuket Thailand\",\"description\":\"Best Diving in Thailand\",\"potentialAction\":[{\"@type\":\"SearchAction\",\"target\":{\"@type\":\"EntryPoint\",\"urlTemplate\":\"https:\/\/www.diving-thailand-phuket.com\/?s={search_term_string}\"},\"query-input\":{\"@type\":\"PropertyValueSpecification\",\"valueRequired\":true,\"valueName\":\"search_term_string\"}}],\"inLanguage\":\"de-DE\"}]}<\/script>\n<!-- \/ Yoast SEO plugin. -->","yoast_head_json":{"title":"MV Pawara - Thailand Tauchsafari zu den Similan Islands","description":"MV Pawara - Thailand Tauchsafari zu den Similan Islands, tauchen im sch\u00f6nsten nationalpark von Thailand","robots":{"index":"index","follow":"follow","max-snippet":"max-snippet:-1","max-image-preview":"max-image-preview:large","max-video-preview":"max-video-preview:-1"},"canonical":"https:\/\/www.diving-thailand-phuket.com\/de\/thailand-tauchsafari\/mv-pawara\/","og_locale":"de_DE","og_type":"article","og_title":"MV Pawara - Thailand Tauchsafari zu den Similan Islands","og_description":"MV Pawara - Thailand Tauchsafari zu den Similan Islands, tauchen im sch\u00f6nsten nationalpark von Thailand","og_url":"https:\/\/www.diving-thailand-phuket.com\/de\/thailand-tauchsafari\/mv-pawara\/","og_site_name":"Tauchen in Phuket Thailand","article_modified_time":"2016-07-05T03:23:35+00:00","twitter_misc":{"Est. reading time":"3 minutes"},"schema":{"@context":"https:\/\/schema.org","@graph":[{"@type":"WebPage","@id":"https:\/\/www.diving-thailand-phuket.com\/de\/thailand-tauchsafari\/mv-pawara\/","url":"https:\/\/www.diving-thailand-phuket.com\/de\/thailand-tauchsafari\/mv-pawara\/","name":"MV Pawara - Thailand Tauchsafari zu den Similan Islands","isPartOf":{"@id":"https:\/\/www.diving-thailand-phuket.com\/#website"},"datePublished":"2016-06-27T11:35:58+00:00","dateModified":"2016-07-05T03:23:35+00:00","description":"MV Pawara - Thailand Tauchsafari zu den Similan Islands, tauchen im sch\u00f6nsten nationalpark von Thailand","breadcrumb":{"@id":"https:\/\/www.diving-thailand-phuket.com\/de\/thailand-tauchsafari\/mv-pawara\/#breadcrumb"},"inLanguage":"de-DE","potentialAction":[{"@type":"ReadAction","target":["https:\/\/www.diving-thailand-phuket.com\/de\/thailand-tauchsafari\/mv-pawara\/"]}]},{"@type":"BreadcrumbList","@id":"https:\/\/www.diving-thailand-phuket.com\/de\/thailand-tauchsafari\/mv-pawara\/#breadcrumb","itemListElement":[{"@type":"ListItem","position":1,"name":"Home","item":"https:\/\/www.diving-thailand-phuket.com\/de\/"},{"@type":"ListItem","position":2,"name":"Thailand Tauchsafari","item":"https:\/\/www.diving-thailand-phuket.com\/de\/thailand-tauchsafari\/"},{"@type":"ListItem","position":3,"name":"MV Pawara"}]},{"@type":"WebSite","@id":"https:\/\/www.diving-thailand-phuket.com\/#website","url":"https:\/\/www.diving-thailand-phuket.com\/","name":"Tauchen in Phuket Thailand","description":"Best Diving in Thailand","potentialAction":[{"@type":"SearchAction","target":{"@type":"EntryPoint","urlTemplate":"https:\/\/www.diving-thailand-phuket.com\/?s={search_term_string}"},"query-input":{"@type":"PropertyValueSpecification","valueRequired":true,"valueName":"search_term_string"}}],"inLanguage":"de-DE"}]}},"jetpack_sharing_enabled":true,"_links":{"self":[{"href":"https:\/\/www.diving-thailand-phuket.com\/de\/wp-json\/wp\/v2\/pages\/4247","targetHints":{"allow":["GET"]}}],"collection":[{"href":"https:\/\/www.diving-thailand-phuket.com\/de\/wp-json\/wp\/v2\/pages"}],"about":[{"href":"https:\/\/www.diving-thailand-phuket.com\/de\/wp-json\/wp\/v2\/types\/page"}],"author":[{"embeddable":true,"href":"https:\/\/www.diving-thailand-phuket.com\/de\/wp-json\/wp\/v2\/users\/3"}],"replies":[{"embeddable":true,"href":"https:\/\/www.diving-thailand-phuket.com\/de\/wp-json\/wp\/v2\/comments?post=4247"}],"version-history":[{"count":0,"href":"https:\/\/www.diving-thailand-phuket.com\/de\/wp-json\/wp\/v2\/pages\/4247\/revisions"}],"up":[{"embeddable":true,"href":"https:\/\/www.diving-thailand-phuket.com\/de\/wp-json\/wp\/v2\/pages\/4248"}],"wp:attachment":[{"href":"https:\/\/www.diving-thailand-phuket.com\/de\/wp-json\/wp\/v2\/media?parent=4247"}],"curies":[{"name":"wp","href":"https:\/\/api.w.org\/{rel}","templated":true}]}}