{"id":4237,"date":"2016-06-27T16:14:34","date_gmt":"2016-06-27T09:14:34","guid":{"rendered":"https:\/\/www.diving-thailand-phuket.com\/mv-oktavia\/?lang=de"},"modified":"2016-07-05T11:08:55","modified_gmt":"2016-07-05T04:08:55","slug":"mv-oktavia","status":"publish","type":"page","link":"https:\/\/www.diving-thailand-phuket.com\/de\/thailand-tauchsafari\/mv-oktavia\/","title":{"rendered":"MV Oktavia"},"content":{"rendered":"<p>MV Oktavia ist eines der einfacheren Tauchsafari-Boote mit einem genialen und wirklich professionellen Service. Im schwedischen Besitz f\u00e4hrt die MV Oktavia die Nationalparks von Similan bis nach Surin Island an. Speziell f\u00fcr Familien oder f\u00fcr dem Partner der nicht taucht, gibt es einen extra Guide f\u00fcr Inselbesuche oder zum Schnorcheln.\u00a0<a href=\"#cabin\"> Mehr Infos&#8230;<\/a><\/p>\n<h2>MV Oktavia Tauchsafari &#8211; Preise<\/h2>\n<p><span style=\"color: #3366ff;\"><strong>2 Tage \/ 2 N\u00e4chte (7 Tauchg) in den Similan Islands<\/strong><\/span><\/p>\n<ul>\n<li><strong>Zwei &amp; Doppelbett-Kabine:<\/strong> THB 14,300 pro Taucher<\/li>\n<li><strong>Einzel-Kabine:<\/strong> THB 19,020 pro Taucher<\/li>\n<li><strong>Master-kabine (Bad &amp; WC):<\/strong> THB 4,000 zus\u00e4tzlich pro Gast<\/li>\n<\/ul>\n<p><span style=\"color: #3366ff;\"><strong>3 Tage \/ 2 N\u00e4chte (10 Tauchg) nach Koh Bon, Koh Tachai &amp; Richelieu Rock<\/strong><\/span><\/p>\n<ul>\n<li><strong>Zwei &amp; Doppelbett-Kabine: THB 21,500 pro Taucher<br \/>\n<\/strong><\/li>\n<li><strong><strong>Einzel-Kabine:<\/strong> THB 28,600 pro Taucher<br \/>\n<\/strong><\/li>\n<li><strong><strong>Master-kabine (Bad &amp; WC):<\/strong> THB 6,000 zus\u00e4tzlich pro Gast<\/strong><\/li>\n<\/ul>\n<p>&nbsp;<\/p>\n<p><span style=\"color: #3366ff;\"><strong>4 <span style=\"color: #3366ff;\"><strong>Tage<\/strong><\/span> \/ 4 <span style=\"color: #3366ff;\"><strong>N\u00e4chte<\/strong><\/span> (14 Tauchg) zu den Similan Islands, Koh Bon &amp; Koh Tachai Island<\/strong><\/span><\/p>\n<ul>\n<li><strong>Zwei &amp; Doppelbett-Kabine: THB 24,000 pro Taucher<br \/>\n<\/strong><\/li>\n<li><strong><strong>Einzel-Kabine:<\/strong> THB 31,920 pro Taucher<br \/>\n<\/strong><\/li>\n<li><strong><strong>Master-kabine (Bad &amp; WC):<\/strong> THB 8,000 zus\u00e4tzlich pro Gast<\/strong><\/li>\n<\/ul>\n<p>&nbsp;<\/p>\n<p><span style=\"color: #3366ff;\"><strong>5 <span style=\"color: #3366ff;\"><strong>Tage<\/strong><\/span> \/ 5 N\u00e4chtes (19 Tauchg) zu den Similans, Koh Bon, Koh Tachai &amp; Richelieu Rock<\/strong><\/span><\/p>\n<ul>\n<li><strong>Zwei &amp; Doppelbett-Kabine: THB 27,900 pro Taucher<br \/>\n<\/strong><\/li>\n<li><strong><strong>Einzel-Kabine:<\/strong> THB 37,100 pro Taucher<br \/>\n<\/strong><\/li>\n<li><strong><strong>Master-kabine (Bad &amp; WC):<\/strong> THB 10,000 zus\u00e4tzlich pro Gast<\/strong><\/li>\n<\/ul>\n<p>&nbsp;<\/p>\n<p><em><strong>Hinweis:<\/strong><\/em><strong>\u00a0<\/strong><em>Alle Preise sind in Thai Baht pro person n einer Zweibett-Kabine.\u00a0Advanced Open Water Diver ist von Vorteil, f\u00fcr Open Water Diver max. 18m. M\u00f6glichkeit \u201eDeep Adventure Dive\u201c f\u00fcr 1,500 THB. <\/em><\/p>\n<blockquote><p><span style=\"color: #339966;\"><strong>Wie buche ich meine Tauchsafari: <\/strong><\/span>Wir ben\u00f6tigen f\u00fcr Ihre Buchung nur 30% Anzahlung. Lassen Sie uns Ihre Daten f\u00fcr Ihre gew\u00fcnschte Tauchsafari zukommen und wir werden Ihnen eine Zahlungsanweisung schicken. Wir akzeptieren alle g\u00e4ngigen Kreditkarten (Keine extra Geb\u00fchr), PayPal oder Bank\u00fcberweisung. <a href=\"#form\">&gt;&gt;Jetzt Anfragen!<\/a><\/p><\/blockquote>\n<p><strong>Im Preis inklusive: <\/strong>Divemaster, Flaschen, Gewichte &amp; Gurt, alle Mahlzeiten, Fr\u00fcchte &amp; Snacks, begrenzte Unfallversicherung, 1 Strecke Speedboot Transfer f\u00fcr 2 &amp; 3 Tage Touren, Hoteltransfer Khao Lak (Phuket Hoteltransfer bei Abfahrt am Abend f\u00fcr 500 Thai Baht pro Strecke).<\/p>\n<p><strong>Nicht im Preis inklusive:\u00a0<\/strong>Ausr\u00fcstung, Softdrinks &amp; Alkohol, Nationalpark-Geb\u00fchr 500 Thai Baht Eintritt &amp; 200 Thai Baht pro Tauchtag, pro Person und zahlbar an Bord.<\/p>\n<h2>Similan Tauchsafari &#8211; Termine<\/h2>\n\n<table id=\"tablepress-23\" class=\"tablepress tablepress-id-23\">\n<thead>\n<tr class=\"row-1\">\n\t<th class=\"column-1\" style=\"width:5%;\">Departure (dd\/mm\/yy)<\/th><th class=\"column-2\" style=\"width:5%;\">Arrival (dd\/mm\/yy)<\/th><th class=\"column-3\" style=\"width:75%;\">Itinerary<\/th><th class=\"column-4\" style=\"width:15%;\">Port Dep.\/Arr.<\/th>\n<\/tr>\n<\/thead>\n<tbody class=\"row-striping row-hover\">\n<tr class=\"row-2\">\n\t<td class=\"column-1\">28\/01\/17<\/td><td class=\"column-2\">02\/02\/17<\/td><td class=\"column-3\">5D\/5N Similans, 3D\/3N Koh Bon, Koh Tachai, Richelieu Rock<\/td><td class=\"column-4\">Tablamu (Khao Lak)<\/td>\n<\/tr>\n<tr class=\"row-3\">\n\t<td class=\"column-1\">03\/02\/17<\/td><td class=\"column-2\">08\/02\/17<\/td><td class=\"column-3\">5D\/5N Similans, 3D\/3N Koh Bon, Koh Tachai, Richelieu Rock<\/td><td class=\"column-4\">Tablamu (Khao Lak)<\/td>\n<\/tr>\n<tr class=\"row-4\">\n\t<td class=\"column-1\">03\/02\/17<\/td><td class=\"column-2\">05\/02\/17<\/td><td class=\"column-3\">2D\/2N Similan Islands<\/td><td class=\"column-4\">Tablamu (Khao Lak)<\/td>\n<\/tr>\n<tr class=\"row-5\">\n\t<td class=\"column-1\">06\/02\/17<\/td><td class=\"column-2\">08\/02\/17<\/td><td class=\"column-3\">3D\/3N Koh Bon, Koh Tachai, Richelieu Rock<\/td><td class=\"column-4\">Tablamu (Khao Lak)<\/td>\n<\/tr>\n<tr class=\"row-6\">\n\t<td class=\"column-1\">09\/02\/17<\/td><td class=\"column-2\">14\/02\/17<\/td><td class=\"column-3\">5D\/5N Similans, 3D\/3N Koh Bon, Koh Tachai, Richelieu Rock<\/td><td class=\"column-4\">Tablamu (Khao Lak)<\/td>\n<\/tr>\n<tr class=\"row-7\">\n\t<td class=\"column-1\">09\/02\/17<\/td><td class=\"column-2\">11\/02\/17<\/td><td class=\"column-3\">2D\/2N Similan Islands<\/td><td class=\"column-4\">Tablamu (Khao Lak)<\/td>\n<\/tr>\n<tr class=\"row-8\">\n\t<td class=\"column-1\">12\/02\/17<\/td><td class=\"column-2\">14\/02\/17<\/td><td class=\"column-3\">3D\/3N Koh Bon, Koh Tachai, Richelieu Rock<\/td><td class=\"column-4\">Tablamu (Khao Lak)<\/td>\n<\/tr>\n<tr class=\"row-9\">\n\t<td class=\"column-1\">15\/02\/17<\/td><td class=\"column-2\">20\/02\/17<\/td><td class=\"column-3\">5D\/5N Similans, 3D\/3N Koh Bon, Koh Tachai, Richelieu Rock<\/td><td class=\"column-4\">Tablamu (Khao Lak)<\/td>\n<\/tr>\n<tr class=\"row-10\">\n\t<td class=\"column-1\">15\/02\/17<\/td><td class=\"column-2\">17\/02\/17<\/td><td class=\"column-3\">2D\/2N Similan Islands<\/td><td class=\"column-4\">Tablamu (Khao Lak)<\/td>\n<\/tr>\n<tr class=\"row-11\">\n\t<td class=\"column-1\">18\/02\/17<\/td><td class=\"column-2\">20\/02\/17<\/td><td class=\"column-3\">3D\/3N Koh Bon, Koh Tachai, Richelieu Rock<\/td><td class=\"column-4\">Tablamu (Khao Lak)<\/td>\n<\/tr>\n<tr class=\"row-12\">\n\t<td class=\"column-1\">21\/02\/17<\/td><td class=\"column-2\">26\/02\/17<\/td><td class=\"column-3\">5D\/5N Similans, 3D\/3N Koh Bon, Koh Tachai, Richelieu Rock<\/td><td class=\"column-4\">Tablamu (Khao Lak)<\/td>\n<\/tr>\n<tr class=\"row-13\">\n\t<td class=\"column-1\">23\/02\/17<\/td><td class=\"column-2\">23\/02\/17<\/td><td class=\"column-3\">2D\/2N Similan Islands<\/td><td class=\"column-4\">Tablamu (Khao Lak)<\/td>\n<\/tr>\n<tr class=\"row-14\">\n\t<td class=\"column-1\">24\/02\/17<\/td><td class=\"column-2\">26\/02\/17<\/td><td class=\"column-3\">3D\/3N Koh Bon, Koh Tachai, Richelieu Rock<\/td><td class=\"column-4\">Tablamu (Khao Lak)<\/td>\n<\/tr>\n<tr class=\"row-15\">\n\t<td class=\"column-1\">27\/02\/17<\/td><td class=\"column-2\">03\/03\/17<\/td><td class=\"column-3\">5D\/5N Similans, 3D\/3N Koh Bon, Koh Tachai, Richelieu Rock<\/td><td class=\"column-4\">Tablamu (Khao Lak)<\/td>\n<\/tr>\n<tr class=\"row-16\">\n\t<td class=\"column-1\">27\/02\/17<\/td><td class=\"column-2\">01\/03\/17<\/td><td class=\"column-3\">2D\/2N Similan Islands<\/td><td class=\"column-4\">Tablamu (Khao Lak)<\/td>\n<\/tr>\n<tr class=\"row-17\">\n\t<td class=\"column-1\">02\/03\/17<\/td><td class=\"column-2\">04\/03\/17<\/td><td class=\"column-3\">3D\/3N Koh Bon, Koh Tachai, Richelieu Rock<\/td><td class=\"column-4\">Tablamu (Khao Lak)<\/td>\n<\/tr>\n<tr class=\"row-18\">\n\t<td class=\"column-1\">05\/03\/17<\/td><td class=\"column-2\">10\/03\/17<\/td><td class=\"column-3\">5D\/5N Similans, 3D\/3N Koh Bon, Koh Tachai, Richelieu Rock<\/td><td class=\"column-4\">Tablamu (Khao Lak)<\/td>\n<\/tr>\n<tr class=\"row-19\">\n\t<td class=\"column-1\">05\/03\/17<\/td><td class=\"column-2\">07\/03\/17<\/td><td class=\"column-3\">2D\/2N Similan Islands<\/td><td class=\"column-4\">Tablamu (Khao Lak)<\/td>\n<\/tr>\n<tr class=\"row-20\">\n\t<td class=\"column-1\">08\/03\/17<\/td><td class=\"column-2\">10\/03\/17<\/td><td class=\"column-3\">3D\/3N Koh Bon, Koh Tachai, Richelieu Rock<\/td><td class=\"column-4\">Tablamu (Khao Lak)<\/td>\n<\/tr>\n<tr class=\"row-21\">\n\t<td class=\"column-1\">11\/03\/17<\/td><td class=\"column-2\">16\/03\/17<\/td><td class=\"column-3\">5D\/5N Similans, 3D\/3N Koh Bon, Koh Tachai, Richelieu Rock<\/td><td class=\"column-4\">Tablamu (Khao Lak)<\/td>\n<\/tr>\n<tr class=\"row-22\">\n\t<td class=\"column-1\">11\/03\/17<\/td><td class=\"column-2\">13\/03\/17<\/td><td class=\"column-3\">2D\/2N Similan Islands<\/td><td class=\"column-4\">Tablamu (Khao Lak)<\/td>\n<\/tr>\n<tr class=\"row-23\">\n\t<td class=\"column-1\">14\/03\/17<\/td><td class=\"column-2\">16\/03\/17<\/td><td class=\"column-3\">3D\/3N Koh Bon, Koh Tachai, Richelieu Rock<\/td><td class=\"column-4\">Tablamu (Khao Lak)<\/td>\n<\/tr>\n<tr class=\"row-24\">\n\t<td class=\"column-1\">17\/03\/17<\/td><td class=\"column-2\">22\/03\/17<\/td><td class=\"column-3\">5D\/5N Similans, 3D\/3N Koh Bon, Koh Tachai, Richelieu Rock<\/td><td class=\"column-4\">Tablamu (Khao Lak)<\/td>\n<\/tr>\n<tr class=\"row-25\">\n\t<td class=\"column-1\">17\/03\/17<\/td><td class=\"column-2\">19\/03\/17<\/td><td class=\"column-3\">2D\/2N Similan Islands<\/td><td class=\"column-4\">Tablamu (Khao Lak)<\/td>\n<\/tr>\n<tr class=\"row-26\">\n\t<td class=\"column-1\">23\/03\/17<\/td><td class=\"column-2\">28\/03\/17<\/td><td class=\"column-3\">5D\/5N Similans, 3D\/3N Koh Bon, Koh Tachai, Richelieu Rock<\/td><td class=\"column-4\">Tablamu (Khao Lak)<\/td>\n<\/tr>\n<tr class=\"row-27\">\n\t<td class=\"column-1\">23\/03\/17<\/td><td class=\"column-2\">25\/03\/17<\/td><td class=\"column-3\">2D\/2N Similan Islands<\/td><td class=\"column-4\">Tablamu (Khao Lak)<\/td>\n<\/tr>\n<tr class=\"row-28\">\n\t<td class=\"column-1\">26\/03\/17<\/td><td class=\"column-2\">28\/03\/17<\/td><td class=\"column-3\">3D\/3N Koh Bon, Koh Tachai, Richelieu Rock<\/td><td class=\"column-4\">Tablamu (Khao Lak)<\/td>\n<\/tr>\n<tr class=\"row-29\">\n\t<td class=\"column-1\">29\/03\/17<\/td><td class=\"column-2\">03\/04\/17<\/td><td class=\"column-3\">5D\/5N Similans, 3D\/3N Koh Bon, Koh Tachai, Richelieu Rock<\/td><td class=\"column-4\">Tablamu (Khao Lak)<\/td>\n<\/tr>\n<tr class=\"row-30\">\n\t<td class=\"column-1\">29\/03\/17<\/td><td class=\"column-2\">31\/03\/17<\/td><td class=\"column-3\">3D\/3N Koh Bon, Koh Tachai, Richelieu Rock<\/td><td class=\"column-4\">Tablamu (Khao Lak)<\/td>\n<\/tr>\n<tr class=\"row-31\">\n\t<td class=\"column-1\">01\/04\/17<\/td><td class=\"column-2\">03\/04\/17<\/td><td class=\"column-3\">3D\/3N Koh Bon, Koh Tachai, Richelieu Rock<\/td><td class=\"column-4\">Tablamu (Khao Lak)<\/td>\n<\/tr>\n<tr class=\"row-32\">\n\t<td class=\"column-1\">04\/04\/17<\/td><td class=\"column-2\">09\/04\/17<\/td><td class=\"column-3\">5D\/5N Similans, 3D\/3N Koh Bon, Koh Tachai, Richelieu Rock<\/td><td class=\"column-4\">Tablamu (Khao Lak)<\/td>\n<\/tr>\n<tr class=\"row-33\">\n\t<td class=\"column-1\">04\/04\/17<\/td><td class=\"column-2\">06\/04\/17<\/td><td class=\"column-3\">2D\/2N Similan Islands<\/td><td class=\"column-4\">Tablamu (Khao Lak)<\/td>\n<\/tr>\n<tr class=\"row-34\">\n\t<td class=\"column-1\">07\/04\/17<\/td><td class=\"column-2\">09\/04\/17<\/td><td class=\"column-3\">3D\/3N Koh Bon, Koh Tachai, Richelieu Rock<\/td><td class=\"column-4\">Tablamu (Khao Lak)<\/td>\n<\/tr>\n<tr class=\"row-35\">\n\t<td class=\"column-1\">10\/04\/17<\/td><td class=\"column-2\">15\/04\/17<\/td><td class=\"column-3\">5D\/5N Similans, 3D\/3N Koh Bon, Koh Tachai, Richelieu Rock<\/td><td class=\"column-4\">Tablamu (Khao Lak)<\/td>\n<\/tr>\n<tr class=\"row-36\">\n\t<td class=\"column-1\">16\/04\/17<\/td><td class=\"column-2\">20\/04\/17<\/td><td class=\"column-3\">3D\/3N Koh Bon, Koh Tachai, Richelieu Rock<\/td><td class=\"column-4\">Tablamu (Khao Lak)<\/td>\n<\/tr>\n<tr class=\"row-37\">\n\t<td class=\"column-1\">21\/04\/17<\/td><td class=\"column-2\">25\/04\/17<\/td><td class=\"column-3\">3D\/3N Koh Bon, Koh Tachai, Richelieu Rock<\/td><td class=\"column-4\">Tablamu (Khao Lak)<\/td>\n<\/tr>\n<tr class=\"row-38\">\n\t<td class=\"column-1\">26\/04\/17<\/td><td class=\"column-2\">30\/04\/17<\/td><td class=\"column-3\">3D\/3N Koh Bon, Koh Tachai, Richelieu Rock<\/td><td class=\"column-4\">Tablamu (Khao Lak)<\/td>\n<\/tr>\n<tr class=\"row-39\">\n\t<td class=\"column-1\">01\/05\/17<\/td><td class=\"column-2\">05\/05\/17<\/td><td class=\"column-3\">3D\/3N Koh Bon, Koh Tachai, Richelieu Rock<\/td><td class=\"column-4\">Tablamu (Khao Lak)<\/td>\n<\/tr>\n<tr class=\"row-40\">\n\t<td class=\"column-1\">06\/05\/17<\/td><td class=\"column-2\">10\/05\/17<\/td><td class=\"column-3\">3D\/3N Koh Bon, Koh Tachai, Richelieu Rock<\/td><td class=\"column-4\">Tablamu (Khao Lak)<\/td>\n<\/tr>\n<tr class=\"row-41\">\n\t<td class=\"column-1\">11\/05\/17<\/td><td class=\"column-2\">15\/05\/17<\/td><td class=\"column-3\">3D\/3N Koh Bon, Koh Tachai, Richelieu Rock<\/td><td class=\"column-4\">Tablamu (Khao Lak)<\/td>\n<\/tr>\n<\/tbody>\n<\/table>\n<!-- #tablepress-23 from cache -->\n<h2 id=\"cabin\">MV Oktavia Kabinen &amp; Ausstattung<\/h2>\n<p>Die MV Oktavia verf\u00fcgt \u00fcber 4 Doppelbett-Kabinen und 5 Stockbett-Kabinen (Alles Kabinen f\u00fcr max. 2 G\u00e4ste). Zwei Master-Kabinen mit Doppelbett, Bad &amp; WC, kl. K\u00fchlschrank plus Option f\u00fcr 2 Kindermatratzen.<\/p>\n<p>Auf der MV Oktavia werden Sie innerhalb kurzer Zeit merken das es eine sehr famili\u00e4re Stimmung an Bord ist. Besonders genial ist das ein extra Guide sich um die Belange der Nichttaucher k\u00fcmmern, egal ob beim Schnorcheln oder mit den Kindern auf Schatzsuche auf den Inseln. Das Essen ist eine Mischung aus Thail\u00e4ndischer &amp; Europ\u00e4ischer K\u00fcche, die auf Wunsch auch Vegetarische Gerichte serviert.<\/p>\n<h2>Oktavia Tauchsafari &#8211; Tourplan<\/h2>\n<p>Tag der Abfahrt (Erster Abend auf der MV Oktavia):<\/p>\n<p>14:00 &#8211; 16:00: Phuket und Khao Lak Hotelabholung.<br \/>\n16:00 &#8211; 17:00 Ankunft Thap Lamu Hafen.<br \/>\n17:00 &#8211; 18:00 Abfahrt zu den Similan Islands.<br \/>\n19:00 &#8211; 20:00 Boot Einweisung, Staff Vorstellung, Kabinenbezug, Abendessen.<br \/>\nTauchtage (Abh\u00e4ngig von der L\u00e4nge der Tauchsafari).<\/p>\n<p>Bis zu 4 Tauchg\u00e4ngen t\u00e4glich.<br \/>\nTag der Ankunft ( Letzter Tag auf der MV Oktavia).<\/p>\n<p>07:00 &#8211; 12:00 2 Tauchg\u00e4nge wenn m\u00f6glich<br \/>\nR\u00fcckfahrt zum Thap Lamu Hafen (Zeit abh\u00e4ngig von dem Ort der Abfahrt).<br \/>\nAnkunft am Thap Lamu Hafen (Zeit abh\u00e4ngig von dem Ort der Abfahrt).<br \/>\nHotel Transfer, Flughafen oder Dive Shop (Zeit abh\u00e4ngig von dem Ort der Abfahrt).<\/p>\n<h2 id=\"form\">Thailand Tauchsafari Kontakt<\/h2>\n<p>[gravityform id=&#8221;12&#8243; title=&#8221;true&#8221; description=&#8221;true&#8221;]<\/p>\n<h2>MV Oktavia\u00a0Testimonials<\/h2>\n<p>N\/A<\/p>\n<h3>Technische Details<\/h3>\n<ul>\n<li>Material: Holz.<\/li>\n<li>L\u00e4nge: 29,5m.<\/li>\n<li>Breite: 6,5m.<\/li>\n<li>Draft: 2,85m.<\/li>\n<li>Geschwindigkeit: 8-10 Knoten<\/li>\n<li>Gewicht: 149 Tonnen<\/li>\n<li>Frischwasser: 20.000 Liter<\/li>\n<li>Diesel: 7.500 Liter<\/li>\n<li>Motoren: 2 x Nissan Diesel 420 PS, 10 Zylinders.<\/li>\n<li>Generatoren: 2 x 50 KW.<\/li>\n<li>Elektrik: 220 Volt, 24 Std<\/li>\n<li>Kompressoren: 2 x Bauer Mariner 250-Elektro luftgek\u00fchlt.<\/li>\n<li>Einrichtung: 4 Europ\u00e4ische B\u00e4der mit Warmwasser Dusche &amp; 2 Duschen auf dem Tauchdeck<\/li>\n<\/ul>\n","protected":false},"excerpt":{"rendered":"<p>MV Oktavia ist eines der einfacheren Tauchsafari-Boote mit einem genialen und wirklich professionellen Service. Im schwedischen Besitz f\u00e4hrt die MV Oktavia die Nationalparks von Similan bis nach Surin Island an. Speziell f\u00fcr Familien oder f\u00fcr dem Partner der nicht taucht, gibt es einen extra Guide f\u00fcr Inselbesuche oder zum Schnorcheln.\u00a0 Mehr Infos&#8230; MV Oktavia Tauchsafari [&hellip;]<\/p>\n","protected":false},"author":3,"featured_media":0,"parent":4248,"menu_order":7,"comment_status":"closed","ping_status":"open","template":"","meta":{"_et_pb_use_builder":"","_et_pb_old_content":"","_et_gb_content_width":"","footnotes":""},"class_list":["post-4237","page","type-page","status-publish","hentry"],"yoast_head":"<!-- This site is optimized with the Yoast SEO plugin v25.1 - https:\/\/yoast.com\/wordpress\/plugins\/seo\/ -->\n<title>MV Oktavia - Tauchen Similan Island &amp; Phuket Thailand<\/title>\n<meta name=\"description\" content=\"MV Oktavia ist eines der einfacheren Tauchsafari-Boote mit einem genialen Service.\" \/>\n<meta name=\"robots\" content=\"index, follow, max-snippet:-1, max-image-preview:large, max-video-preview:-1\" \/>\n<link rel=\"canonical\" href=\"https:\/\/www.diving-thailand-phuket.com\/de\/thailand-tauchsafari\/mv-oktavia\/\" \/>\n<meta property=\"og:locale\" content=\"de_DE\" \/>\n<meta property=\"og:type\" content=\"article\" \/>\n<meta property=\"og:title\" content=\"MV Oktavia - Tauchen Similan Island &amp; Phuket Thailand\" \/>\n<meta property=\"og:description\" content=\"MV Oktavia ist eines der einfacheren Tauchsafari-Boote mit einem genialen Service.\" \/>\n<meta property=\"og:url\" content=\"https:\/\/www.diving-thailand-phuket.com\/de\/thailand-tauchsafari\/mv-oktavia\/\" \/>\n<meta property=\"og:site_name\" content=\"Tauchen in Phuket Thailand\" \/>\n<meta property=\"article:modified_time\" content=\"2016-07-05T04:08:55+00:00\" \/>\n<meta name=\"twitter:label1\" content=\"Est. reading time\" \/>\n\t<meta name=\"twitter:data1\" content=\"3 minutes\" \/>\n<script type=\"application\/ld+json\" class=\"yoast-schema-graph\">{\"@context\":\"https:\/\/schema.org\",\"@graph\":[{\"@type\":\"WebPage\",\"@id\":\"https:\/\/www.diving-thailand-phuket.com\/de\/thailand-tauchsafari\/mv-oktavia\/\",\"url\":\"https:\/\/www.diving-thailand-phuket.com\/de\/thailand-tauchsafari\/mv-oktavia\/\",\"name\":\"MV Oktavia - Tauchen Similan Island & Phuket Thailand\",\"isPartOf\":{\"@id\":\"https:\/\/www.diving-thailand-phuket.com\/#website\"},\"datePublished\":\"2016-06-27T09:14:34+00:00\",\"dateModified\":\"2016-07-05T04:08:55+00:00\",\"description\":\"MV Oktavia ist eines der einfacheren Tauchsafari-Boote mit einem genialen Service.\",\"breadcrumb\":{\"@id\":\"https:\/\/www.diving-thailand-phuket.com\/de\/thailand-tauchsafari\/mv-oktavia\/#breadcrumb\"},\"inLanguage\":\"de-DE\",\"potentialAction\":[{\"@type\":\"ReadAction\",\"target\":[\"https:\/\/www.diving-thailand-phuket.com\/de\/thailand-tauchsafari\/mv-oktavia\/\"]}]},{\"@type\":\"BreadcrumbList\",\"@id\":\"https:\/\/www.diving-thailand-phuket.com\/de\/thailand-tauchsafari\/mv-oktavia\/#breadcrumb\",\"itemListElement\":[{\"@type\":\"ListItem\",\"position\":1,\"name\":\"Home\",\"item\":\"https:\/\/www.diving-thailand-phuket.com\/de\/\"},{\"@type\":\"ListItem\",\"position\":2,\"name\":\"Thailand Tauchsafari\",\"item\":\"https:\/\/www.diving-thailand-phuket.com\/de\/thailand-tauchsafari\/\"},{\"@type\":\"ListItem\",\"position\":3,\"name\":\"MV Oktavia\"}]},{\"@type\":\"WebSite\",\"@id\":\"https:\/\/www.diving-thailand-phuket.com\/#website\",\"url\":\"https:\/\/www.diving-thailand-phuket.com\/\",\"name\":\"Tauchen in Phuket Thailand\",\"description\":\"Best Diving in Thailand\",\"potentialAction\":[{\"@type\":\"SearchAction\",\"target\":{\"@type\":\"EntryPoint\",\"urlTemplate\":\"https:\/\/www.diving-thailand-phuket.com\/?s={search_term_string}\"},\"query-input\":{\"@type\":\"PropertyValueSpecification\",\"valueRequired\":true,\"valueName\":\"search_term_string\"}}],\"inLanguage\":\"de-DE\"}]}<\/script>\n<!-- \/ Yoast SEO plugin. -->","yoast_head_json":{"title":"MV Oktavia - Tauchen Similan Island & Phuket Thailand","description":"MV Oktavia ist eines der einfacheren Tauchsafari-Boote mit einem genialen Service.","robots":{"index":"index","follow":"follow","max-snippet":"max-snippet:-1","max-image-preview":"max-image-preview:large","max-video-preview":"max-video-preview:-1"},"canonical":"https:\/\/www.diving-thailand-phuket.com\/de\/thailand-tauchsafari\/mv-oktavia\/","og_locale":"de_DE","og_type":"article","og_title":"MV Oktavia - Tauchen Similan Island & Phuket Thailand","og_description":"MV Oktavia ist eines der einfacheren Tauchsafari-Boote mit einem genialen Service.","og_url":"https:\/\/www.diving-thailand-phuket.com\/de\/thailand-tauchsafari\/mv-oktavia\/","og_site_name":"Tauchen in Phuket Thailand","article_modified_time":"2016-07-05T04:08:55+00:00","twitter_misc":{"Est. reading time":"3 minutes"},"schema":{"@context":"https:\/\/schema.org","@graph":[{"@type":"WebPage","@id":"https:\/\/www.diving-thailand-phuket.com\/de\/thailand-tauchsafari\/mv-oktavia\/","url":"https:\/\/www.diving-thailand-phuket.com\/de\/thailand-tauchsafari\/mv-oktavia\/","name":"MV Oktavia - Tauchen Similan Island & Phuket Thailand","isPartOf":{"@id":"https:\/\/www.diving-thailand-phuket.com\/#website"},"datePublished":"2016-06-27T09:14:34+00:00","dateModified":"2016-07-05T04:08:55+00:00","description":"MV Oktavia ist eines der einfacheren Tauchsafari-Boote mit einem genialen Service.","breadcrumb":{"@id":"https:\/\/www.diving-thailand-phuket.com\/de\/thailand-tauchsafari\/mv-oktavia\/#breadcrumb"},"inLanguage":"de-DE","potentialAction":[{"@type":"ReadAction","target":["https:\/\/www.diving-thailand-phuket.com\/de\/thailand-tauchsafari\/mv-oktavia\/"]}]},{"@type":"BreadcrumbList","@id":"https:\/\/www.diving-thailand-phuket.com\/de\/thailand-tauchsafari\/mv-oktavia\/#breadcrumb","itemListElement":[{"@type":"ListItem","position":1,"name":"Home","item":"https:\/\/www.diving-thailand-phuket.com\/de\/"},{"@type":"ListItem","position":2,"name":"Thailand Tauchsafari","item":"https:\/\/www.diving-thailand-phuket.com\/de\/thailand-tauchsafari\/"},{"@type":"ListItem","position":3,"name":"MV Oktavia"}]},{"@type":"WebSite","@id":"https:\/\/www.diving-thailand-phuket.com\/#website","url":"https:\/\/www.diving-thailand-phuket.com\/","name":"Tauchen in Phuket Thailand","description":"Best Diving in Thailand","potentialAction":[{"@type":"SearchAction","target":{"@type":"EntryPoint","urlTemplate":"https:\/\/www.diving-thailand-phuket.com\/?s={search_term_string}"},"query-input":{"@type":"PropertyValueSpecification","valueRequired":true,"valueName":"search_term_string"}}],"inLanguage":"de-DE"}]}},"jetpack_sharing_enabled":true,"_links":{"self":[{"href":"https:\/\/www.diving-thailand-phuket.com\/de\/wp-json\/wp\/v2\/pages\/4237","targetHints":{"allow":["GET"]}}],"collection":[{"href":"https:\/\/www.diving-thailand-phuket.com\/de\/wp-json\/wp\/v2\/pages"}],"about":[{"href":"https:\/\/www.diving-thailand-phuket.com\/de\/wp-json\/wp\/v2\/types\/page"}],"author":[{"embeddable":true,"href":"https:\/\/www.diving-thailand-phuket.com\/de\/wp-json\/wp\/v2\/users\/3"}],"replies":[{"embeddable":true,"href":"https:\/\/www.diving-thailand-phuket.com\/de\/wp-json\/wp\/v2\/comments?post=4237"}],"version-history":[{"count":0,"href":"https:\/\/www.diving-thailand-phuket.com\/de\/wp-json\/wp\/v2\/pages\/4237\/revisions"}],"up":[{"embeddable":true,"href":"https:\/\/www.diving-thailand-phuket.com\/de\/wp-json\/wp\/v2\/pages\/4248"}],"wp:attachment":[{"href":"https:\/\/www.diving-thailand-phuket.com\/de\/wp-json\/wp\/v2\/media?parent=4237"}],"curies":[{"name":"wp","href":"https:\/\/api.w.org\/{rel}","templated":true}]}}