{"id":4236,"date":"2016-06-27T14:55:07","date_gmt":"2016-06-27T07:55:07","guid":{"rendered":"https:\/\/www.diving-thailand-phuket.com\/tauchen-phuket-tagestouren\/?lang=de"},"modified":"2020-07-13T13:48:42","modified_gmt":"2020-07-13T06:48:42","slug":"tauchen-phuket-tagestouren","status":"publish","type":"page","link":"https:\/\/www.diving-thailand-phuket.com\/de\/tauchen-phuket-tagestouren\/","title":{"rendered":"Tauchen Phuket Tagestouren"},"content":{"rendered":"<h2>Tauchen in kleine Gruppen &amp; pers\u00f6nliche Betreuung<\/h2>\n<p>So k\u00f6nnen Sie sicher sein das Sie ihren Tauchen Phuket Ausflug genie\u00dfen und eine Menge Spa\u00df haben werden.<\/p>\n<ul>\n<li>Wir nehmen max. <b>25 Taucher!<\/b><\/li>\n<li>Taucher &#8211; Guite Ratio ist 4:1!<\/li>\n<li>Kostenlos Nitrox!<\/li>\n<li>Genialer Service und Boot<\/li>\n<\/ul>\n<p>Im Gegensatz zu anderen Tauchschulen hier in Phuket k\u00fcmmern wir uns pers\u00f6nlich um Ihre Ausr\u00fcstung und bauen sie auf Wunsch auch zusammen. Wir m\u00f6chten damit sicherstellen das Sie jede Minute ihres Ausflugs voll genie\u00dfen k\u00f6nnen.<\/p>\n<h2>Phuket Tagestouren &#8211; Wochenplan<\/h2>\n<ul>\n<li><strong>Montag<\/strong> &#8211; <em><strong>3 Tauchg<\/strong><\/em> am <a href=\"https:\/\/www.diving-thailand-phuket.com\/de\/king-cruiser-wrack-tauchplaetze-phuket\/\" target=\"_blank\" rel=\"noopener noreferrer\">King Cruiser Wreck<\/a>, <a href=\"https:\/\/www.diving-thailand-phuket.com\/de\/shark-point-tauchplatz-phuket\/\" target=\"_blank\" rel=\"noopener noreferrer\">Shark Point Phuket<\/a> &amp; <a href=\"https:\/\/www.diving-thailand-phuket.com\/de\/phuket-tauchplaetze-koh-dok-mai\/\" target=\"_blank\" rel=\"noopener noreferrer\">Koh Doc Mai<\/a> &#8211; <strong>THB 4,500<\/strong>.<\/li>\n<li><strong>Dienstag<\/strong>&#8211; <em><strong>2 <em><strong>Tauchg<\/strong><\/em><\/strong><\/em> um <a href=\"https:\/\/www.diving-thailand-phuket.com\/de\/tauchplaetze-racha-island\/\" target=\"_blank\" rel=\"noopener noreferrer\">Raya Yai Island<\/a> &#8211; <strong>THB 4,200<\/strong>.<\/li>\n<li><strong>Mittwoch<\/strong> &#8211; <em><strong>2 <em><strong>Tauchg<\/strong><\/em><\/strong><\/em> in <a href=\"https:\/\/www.diving-thailand-phuket.com\/de\/phi-phi-island-tauchplaetze\/\" target=\"_blank\" rel=\"noopener noreferrer\">Phi Phi Islands<\/a>\u00a0&#8211; <strong>THB 4,200<\/strong>.<\/li>\n<li><strong>Donnerstag<\/strong> &#8211; <em><strong>2 <em><strong>Tauchg<\/strong><\/em><\/strong><\/em> um <a href=\"https:\/\/www.diving-thailand-phuket.com\/de\/tauchplaetze-racha-island\/\" target=\"_blank\" rel=\"noopener noreferrer\">Raya Noi &amp; Raya Yai Island<\/a> &#8211; <strong>THB 4,200<\/strong>.<\/li>\n<li><strong>Freitag<\/strong> &#8211; <strong>2<\/strong> <em><strong>Tauchg<\/strong><\/em> in <a href=\"https:\/\/www.diving-thailand-phuket.com\/de\/phi-phi-island-tauchplaetze\/\" target=\"_blank\" rel=\"noopener noreferrer\">Phi Phi Island<\/a>\u00a0&#8211; <strong>THB 4,200.<\/strong><\/li>\n<li><strong>Samstag<\/strong> &#8211;\u00a0<em><strong>2 <em><strong>Tauchg<\/strong><\/em><\/strong><\/em> um <a href=\"https:\/\/www.diving-thailand-phuket.com\/de\/tauchplaetze-racha-island\/\" target=\"_blank\" rel=\"noopener noreferrer\">Raya Yai Island<\/a> &#8211; <strong>THB 4,200<\/strong>.<\/li>\n<li><strong>Sonntag<\/strong> &#8211;\u00a0<em><strong>2 <em><strong>Tauchg<\/strong><\/em><\/strong><\/em> in <a href=\"https:\/\/www.diving-thailand-phuket.com\/de\/phi-phi-island-tauchplaetze\/\" target=\"_blank\" rel=\"noopener noreferrer\">Phi Phi Islands<\/a>\u00a0&#8211; <strong>THB 4,200<\/strong>.<\/li>\n<\/ul>\n<p><strong>Preise f\u00fcr tagestouren sind pro Person und inklusive:<\/strong> Hoteltransfer, leichtes Fr\u00fchst\u00fcck, Mittagessen zwischen den Tauchg\u00e4ngen, Softdinks, Trinkwasser, Gewichte &amp; Gurt, Nitox (F\u00fcr zertifizierte Taucher) und erfahrener Divemaster.<\/p>\n<p><strong>Nicht im Preis inklusive:<\/strong> Ausr\u00fcstung.<\/p>\n<p style=\"text-align: right\"><a href=\"#form\">Kontakt<\/a><\/p>\n<h2>Phuket Tauchpakete<\/h2>\n<p><a href=\"https:\/\/i0.wp.com\/www.diving-thailand-phuket.com\/wp-content\/uploads\/2014\/07\/Diving-Phuket-Adventures-300x199.jpg?ssl=1\"><img data-recalc-dims=\"1\" loading=\"lazy\" decoding=\"async\" class=\"alignright size-medium wp-image-3977\" src=\"https:\/\/i0.wp.com\/www.diving-thailand-phuket.com\/wp-content\/uploads\/2014\/07\/Diving-Phuket-Adventures.jpg?resize=300%2C199&#038;ssl=1\" alt=\"Diving Phuket Adventures\" width=\"300\" height=\"199\" srcset=\"https:\/\/i0.wp.com\/www.diving-thailand-phuket.com\/wp-content\/uploads\/2014\/07\/Diving-Phuket-Adventures.jpg?resize=300%2C199&amp;ssl=1 300w, https:\/\/i0.wp.com\/www.diving-thailand-phuket.com\/wp-content\/uploads\/2014\/07\/Diving-Phuket-Adventures.jpg?resize=768%2C509&amp;ssl=1 768w, https:\/\/i0.wp.com\/www.diving-thailand-phuket.com\/wp-content\/uploads\/2014\/07\/Diving-Phuket-Adventures.jpg?w=1024&amp;ssl=1 1024w\" sizes=\"(max-width: 300px) 100vw, 300px\" \/><\/a>Besuchen Sie Phuket f\u00fcr Ihren n\u00e4chsten Tauchurlaub und m\u00f6chten aber nicht auf ein <a href=\"https:\/\/www.diving-thailand-phuket.com\/de\/thailand-tauchsafari\/\" target=\"_blank\" rel=\"noopener noreferrer\">Thailand liveaboard<\/a> Ausflug gehen. Sollten Sie sich vielleicht f\u00fcr ein paar Tage tauchen rund um Phuket interessieren, dann haben wir was f\u00fcr Sie.<\/p>\n<p>Wir k\u00f6nnen Ihnen eine spezielle Kombination aus Hotel &amp; Tagestouren anbieten. Wir haben gute Unterk\u00fcnfte zu guten Preisen mit Tauchpaketen von 3 bis 7 Tagen. Je gr\u00fc\u00dfer das Paket, umso mehr Geld werden Sie Sparen. So k\u00f6nnen wir ihnen Beispielweise ein 3 Tage Paket mit einer Woche Unterkunft schon ab 20,000 Thai Baht anbieten. Die Tauchpakete bieten wir nat\u00fcrlich auch ohne Unterkunft an so das Sie ein 3 Tage Paket schon ab 11,200 Thai Baht erhalten.<\/p>\n<p>Zwischen November uns April bieten wir auch Tagestouren zu den Similan Inseln an. Was aber empfehlenswert ist, ist eine Tauchsafari zu den\u00a0 <a title=\"Similan Islands\" href=\"https:\/\/www.diving-thailand-phuket.com\/de\/similan-islands\/\">Similan Islands National Park<\/a> mit 2 Tagen &amp; 1 Nacht auf dem Boot. Sollten Sie eine l\u00e4ngere Tauchsafari ins Auge gefasst haben, dann schreiben Sie uns und wir werden Ihnen alle Informationen zukommen lassen.<\/p>\n<h3 id=\"form\">F\u00fcr Informationen &amp; Fragen<\/h3>\n<p>[gravityform id=&#8221;5&#8243; title=&#8221;true&#8221; description=&#8221;true&#8221;]<\/p>\n","protected":false},"excerpt":{"rendered":"<p>Tauchen in kleine Gruppen &amp; pers\u00f6nliche Betreuung So k\u00f6nnen Sie sicher sein das Sie ihren Tauchen Phuket Ausflug genie\u00dfen und eine Menge Spa\u00df haben werden. Wir nehmen max. 25 Taucher! Taucher &#8211; Guite Ratio ist 4:1! Kostenlos Nitrox! Genialer Service und Boot Im Gegensatz zu anderen Tauchschulen hier in Phuket k\u00fcmmern wir uns pers\u00f6nlich um [&hellip;]<\/p>\n","protected":false},"author":3,"featured_media":7681,"parent":0,"menu_order":0,"comment_status":"closed","ping_status":"open","template":"","meta":{"_et_pb_use_builder":"","_et_pb_old_content":"","_et_gb_content_width":"","footnotes":""},"class_list":["post-4236","page","type-page","status-publish","has-post-thumbnail","hentry"],"yoast_head":"<!-- This site is optimized with the Yoast SEO plugin v25.1 - https:\/\/yoast.com\/wordpress\/plugins\/seo\/ -->\n<title>Tauchen Phuket Tagestouren - Tauchen Phuket<\/title>\n<meta name=\"description\" content=\"Tauchen Phuket Tagestouren - Komfortabel an den besten Tauchpl\u00e4tzen rund um Phuket.\" \/>\n<meta name=\"robots\" content=\"index, follow, max-snippet:-1, max-image-preview:large, max-video-preview:-1\" \/>\n<link rel=\"canonical\" href=\"https:\/\/www.diving-thailand-phuket.com\/de\/tauchen-phuket-tagestouren\/\" \/>\n<meta property=\"og:locale\" content=\"de_DE\" \/>\n<meta property=\"og:type\" content=\"article\" \/>\n<meta property=\"og:title\" content=\"Tauchen Phuket Tagestouren - Tauchen Phuket\" \/>\n<meta property=\"og:description\" content=\"Tauchen Phuket Tagestouren - Komfortabel an den besten Tauchpl\u00e4tzen rund um Phuket.\" \/>\n<meta property=\"og:url\" content=\"https:\/\/www.diving-thailand-phuket.com\/de\/tauchen-phuket-tagestouren\/\" \/>\n<meta property=\"og:site_name\" content=\"Tauchen in Phuket Thailand\" \/>\n<meta property=\"article:modified_time\" content=\"2020-07-13T06:48:42+00:00\" \/>\n<meta property=\"og:image\" content=\"https:\/\/i0.wp.com\/www.diving-thailand-phuket.com\/wp-content\/uploads\/2014\/07\/Diver-1200x400.jpg?fit=1200%2C401&ssl=1\" \/>\n\t<meta property=\"og:image:width\" content=\"1200\" \/>\n\t<meta property=\"og:image:height\" content=\"401\" \/>\n\t<meta property=\"og:image:type\" content=\"image\/jpeg\" \/>\n<meta name=\"twitter:label1\" content=\"Est. reading time\" \/>\n\t<meta name=\"twitter:data1\" content=\"2 minutes\" \/>\n<script type=\"application\/ld+json\" class=\"yoast-schema-graph\">{\"@context\":\"https:\/\/schema.org\",\"@graph\":[{\"@type\":\"WebPage\",\"@id\":\"https:\/\/www.diving-thailand-phuket.com\/de\/tauchen-phuket-tagestouren\/\",\"url\":\"https:\/\/www.diving-thailand-phuket.com\/de\/tauchen-phuket-tagestouren\/\",\"name\":\"Tauchen Phuket Tagestouren - Tauchen Phuket\",\"isPartOf\":{\"@id\":\"https:\/\/www.diving-thailand-phuket.com\/#website\"},\"primaryImageOfPage\":{\"@id\":\"https:\/\/www.diving-thailand-phuket.com\/de\/tauchen-phuket-tagestouren\/#primaryimage\"},\"image\":{\"@id\":\"https:\/\/www.diving-thailand-phuket.com\/de\/tauchen-phuket-tagestouren\/#primaryimage\"},\"thumbnailUrl\":\"https:\/\/i0.wp.com\/www.diving-thailand-phuket.com\/wp-content\/uploads\/2014\/07\/Diver-1200x400.jpg?fit=1200%2C401&ssl=1\",\"datePublished\":\"2016-06-27T07:55:07+00:00\",\"dateModified\":\"2020-07-13T06:48:42+00:00\",\"description\":\"Tauchen Phuket Tagestouren - Komfortabel an den besten Tauchpl\u00e4tzen rund um Phuket.\",\"breadcrumb\":{\"@id\":\"https:\/\/www.diving-thailand-phuket.com\/de\/tauchen-phuket-tagestouren\/#breadcrumb\"},\"inLanguage\":\"de-DE\",\"potentialAction\":[{\"@type\":\"ReadAction\",\"target\":[\"https:\/\/www.diving-thailand-phuket.com\/de\/tauchen-phuket-tagestouren\/\"]}]},{\"@type\":\"ImageObject\",\"inLanguage\":\"de-DE\",\"@id\":\"https:\/\/www.diving-thailand-phuket.com\/de\/tauchen-phuket-tagestouren\/#primaryimage\",\"url\":\"https:\/\/i0.wp.com\/www.diving-thailand-phuket.com\/wp-content\/uploads\/2014\/07\/Diver-1200x400.jpg?fit=1200%2C401&ssl=1\",\"contentUrl\":\"https:\/\/i0.wp.com\/www.diving-thailand-phuket.com\/wp-content\/uploads\/2014\/07\/Diver-1200x400.jpg?fit=1200%2C401&ssl=1\",\"width\":1200,\"height\":401},{\"@type\":\"BreadcrumbList\",\"@id\":\"https:\/\/www.diving-thailand-phuket.com\/de\/tauchen-phuket-tagestouren\/#breadcrumb\",\"itemListElement\":[{\"@type\":\"ListItem\",\"position\":1,\"name\":\"Home\",\"item\":\"https:\/\/www.diving-thailand-phuket.com\/de\/\"},{\"@type\":\"ListItem\",\"position\":2,\"name\":\"Tauchen Phuket Tagestouren\"}]},{\"@type\":\"WebSite\",\"@id\":\"https:\/\/www.diving-thailand-phuket.com\/#website\",\"url\":\"https:\/\/www.diving-thailand-phuket.com\/\",\"name\":\"Tauchen in Phuket Thailand\",\"description\":\"Best Diving in Thailand\",\"potentialAction\":[{\"@type\":\"SearchAction\",\"target\":{\"@type\":\"EntryPoint\",\"urlTemplate\":\"https:\/\/www.diving-thailand-phuket.com\/?s={search_term_string}\"},\"query-input\":{\"@type\":\"PropertyValueSpecification\",\"valueRequired\":true,\"valueName\":\"search_term_string\"}}],\"inLanguage\":\"de-DE\"}]}<\/script>\n<!-- \/ Yoast SEO plugin. -->","yoast_head_json":{"title":"Tauchen Phuket Tagestouren - Tauchen Phuket","description":"Tauchen Phuket Tagestouren - Komfortabel an den besten Tauchpl\u00e4tzen rund um Phuket.","robots":{"index":"index","follow":"follow","max-snippet":"max-snippet:-1","max-image-preview":"max-image-preview:large","max-video-preview":"max-video-preview:-1"},"canonical":"https:\/\/www.diving-thailand-phuket.com\/de\/tauchen-phuket-tagestouren\/","og_locale":"de_DE","og_type":"article","og_title":"Tauchen Phuket Tagestouren - Tauchen Phuket","og_description":"Tauchen Phuket Tagestouren - Komfortabel an den besten Tauchpl\u00e4tzen rund um Phuket.","og_url":"https:\/\/www.diving-thailand-phuket.com\/de\/tauchen-phuket-tagestouren\/","og_site_name":"Tauchen in Phuket Thailand","article_modified_time":"2020-07-13T06:48:42+00:00","og_image":[{"width":1200,"height":401,"url":"https:\/\/i0.wp.com\/www.diving-thailand-phuket.com\/wp-content\/uploads\/2014\/07\/Diver-1200x400.jpg?fit=1200%2C401&ssl=1","type":"image\/jpeg"}],"twitter_misc":{"Est. reading time":"2 minutes"},"schema":{"@context":"https:\/\/schema.org","@graph":[{"@type":"WebPage","@id":"https:\/\/www.diving-thailand-phuket.com\/de\/tauchen-phuket-tagestouren\/","url":"https:\/\/www.diving-thailand-phuket.com\/de\/tauchen-phuket-tagestouren\/","name":"Tauchen Phuket Tagestouren - Tauchen Phuket","isPartOf":{"@id":"https:\/\/www.diving-thailand-phuket.com\/#website"},"primaryImageOfPage":{"@id":"https:\/\/www.diving-thailand-phuket.com\/de\/tauchen-phuket-tagestouren\/#primaryimage"},"image":{"@id":"https:\/\/www.diving-thailand-phuket.com\/de\/tauchen-phuket-tagestouren\/#primaryimage"},"thumbnailUrl":"https:\/\/i0.wp.com\/www.diving-thailand-phuket.com\/wp-content\/uploads\/2014\/07\/Diver-1200x400.jpg?fit=1200%2C401&ssl=1","datePublished":"2016-06-27T07:55:07+00:00","dateModified":"2020-07-13T06:48:42+00:00","description":"Tauchen Phuket Tagestouren - Komfortabel an den besten Tauchpl\u00e4tzen rund um Phuket.","breadcrumb":{"@id":"https:\/\/www.diving-thailand-phuket.com\/de\/tauchen-phuket-tagestouren\/#breadcrumb"},"inLanguage":"de-DE","potentialAction":[{"@type":"ReadAction","target":["https:\/\/www.diving-thailand-phuket.com\/de\/tauchen-phuket-tagestouren\/"]}]},{"@type":"ImageObject","inLanguage":"de-DE","@id":"https:\/\/www.diving-thailand-phuket.com\/de\/tauchen-phuket-tagestouren\/#primaryimage","url":"https:\/\/i0.wp.com\/www.diving-thailand-phuket.com\/wp-content\/uploads\/2014\/07\/Diver-1200x400.jpg?fit=1200%2C401&ssl=1","contentUrl":"https:\/\/i0.wp.com\/www.diving-thailand-phuket.com\/wp-content\/uploads\/2014\/07\/Diver-1200x400.jpg?fit=1200%2C401&ssl=1","width":1200,"height":401},{"@type":"BreadcrumbList","@id":"https:\/\/www.diving-thailand-phuket.com\/de\/tauchen-phuket-tagestouren\/#breadcrumb","itemListElement":[{"@type":"ListItem","position":1,"name":"Home","item":"https:\/\/www.diving-thailand-phuket.com\/de\/"},{"@type":"ListItem","position":2,"name":"Tauchen Phuket Tagestouren"}]},{"@type":"WebSite","@id":"https:\/\/www.diving-thailand-phuket.com\/#website","url":"https:\/\/www.diving-thailand-phuket.com\/","name":"Tauchen in Phuket Thailand","description":"Best Diving in Thailand","potentialAction":[{"@type":"SearchAction","target":{"@type":"EntryPoint","urlTemplate":"https:\/\/www.diving-thailand-phuket.com\/?s={search_term_string}"},"query-input":{"@type":"PropertyValueSpecification","valueRequired":true,"valueName":"search_term_string"}}],"inLanguage":"de-DE"}]}},"jetpack_sharing_enabled":true,"_links":{"self":[{"href":"https:\/\/www.diving-thailand-phuket.com\/de\/wp-json\/wp\/v2\/pages\/4236","targetHints":{"allow":["GET"]}}],"collection":[{"href":"https:\/\/www.diving-thailand-phuket.com\/de\/wp-json\/wp\/v2\/pages"}],"about":[{"href":"https:\/\/www.diving-thailand-phuket.com\/de\/wp-json\/wp\/v2\/types\/page"}],"author":[{"embeddable":true,"href":"https:\/\/www.diving-thailand-phuket.com\/de\/wp-json\/wp\/v2\/users\/3"}],"replies":[{"embeddable":true,"href":"https:\/\/www.diving-thailand-phuket.com\/de\/wp-json\/wp\/v2\/comments?post=4236"}],"version-history":[{"count":7,"href":"https:\/\/www.diving-thailand-phuket.com\/de\/wp-json\/wp\/v2\/pages\/4236\/revisions"}],"predecessor-version":[{"id":8369,"href":"https:\/\/www.diving-thailand-phuket.com\/de\/wp-json\/wp\/v2\/pages\/4236\/revisions\/8369"}],"wp:featuredmedia":[{"embeddable":true,"href":"https:\/\/www.diving-thailand-phuket.com\/de\/wp-json\/wp\/v2\/media\/7681"}],"wp:attachment":[{"href":"https:\/\/www.diving-thailand-phuket.com\/de\/wp-json\/wp\/v2\/media?parent=4236"}],"curies":[{"name":"wp","href":"https:\/\/api.w.org\/{rel}","templated":true}]}}